{"id":160,"date":"2024-10-16T10:30:03","date_gmt":"2024-10-16T08:30:03","guid":{"rendered":"https:\/\/proyectos.bannisterglobal.com\/abeconsa\/?page_id=160"},"modified":"2026-01-26T12:51:57","modified_gmt":"2026-01-26T11:51:57","slug":"residencial","status":"publish","type":"page","link":"https:\/\/proyectos.bannisterglobal.com\/abeconsa\/residencial\/","title":{"rendered":"Construcci\u00f3n de viviendas colectivas e individuales"},"content":{"rendered":"\n<div class=\"wp-block-cover alignfull is-light home-banner-video\" style=\"padding-top:0;padding-bottom:0;min-height:678px;aspect-ratio:unset;\"><img loading=\"lazy\" decoding=\"async\" width=\"1920\" height=\"1281\" class=\"wp-block-cover__image-background wp-image-2818\" alt=\"\" src=\"https:\/\/proyectos.bannisterglobal.com\/abeconsa\/wp-content\/uploads\/2024\/11\/cabecera-area-residencial.webp\" style=\"object-position:50% 40%\" data-object-fit=\"cover\" data-object-position=\"50% 40%\" srcset=\"https:\/\/proyectos.bannisterglobal.com\/abeconsa\/wp-content\/uploads\/2024\/11\/cabecera-area-residencial.webp 1920w, https:\/\/proyectos.bannisterglobal.com\/abeconsa\/wp-content\/uploads\/2024\/11\/cabecera-area-residencial-300x200.webp 300w, https:\/\/proyectos.bannisterglobal.com\/abeconsa\/wp-content\/uploads\/2024\/11\/cabecera-area-residencial-1024x683.webp 1024w, https:\/\/proyectos.bannisterglobal.com\/abeconsa\/wp-content\/uploads\/2024\/11\/cabecera-area-residencial-768x512.webp 768w, https:\/\/proyectos.bannisterglobal.com\/abeconsa\/wp-content\/uploads\/2024\/11\/cabecera-area-residencial-1536x1025.webp 1536w, https:\/\/proyectos.bannisterglobal.com\/abeconsa\/wp-content\/uploads\/2024\/11\/cabecera-area-residencial-1200x800.webp 1200w\" sizes=\"auto, (max-width: 1920px) 100vw, 1920px\" \/><span aria-hidden=\"true\" class=\"wp-block-cover__background has-background-dim-20 has-background-dim\" style=\"background-color:#172a3a\"><\/span><div class=\"wp-block-cover__inner-container is-layout-constrained wp-block-cover-is-layout-constrained\">\n<div class=\"wp-block-group is-layout-constrained wp-block-group-is-layout-constrained\">\n<section\n  class=\"texto-banner-video-home\"\n  style=\"width: 100% !important; max-width: 2000px !important;\"\n>\n  <h1 style=\"font-size: 70px; color: #ffffff !important; line-height: 80px; font-weight: 900 !important\">\n    <span style=\"font-size: 100px\">CONSTRUCCI\u00d3N<\/span> DE <br class=\"br-provisional\">EDIFICIOS DE VIVIENDAS, <br>UNIFAMILIARES Y RESIDENCIAS\n  <\/h1>\n<\/section>\n<\/div>\n<\/div><\/div>\n\n\n\n<div style=\"height:4rem\" aria-hidden=\"true\" class=\"wp-block-spacer\"><\/div>\n\n\n\n<p class=\"has-text-align-center areas-texto-postbanner\" style=\"margin-bottom:0;padding-right:80px;padding-left:80px\"><em>ENTENDEMOS LAS NECESIDADES DE PROMOTORES INMOBILIARIOS,<br>GESTORES DE COOPERATIVAS DE VIVIENDAS Y SOCIEDADES DE INVERSI\u00d3N<br>Y ASEGURANDO, SIEMPRE, EL CUMPLIMIENTO DE PLAZOS, LOS COMPROMISOS<br>ESTABLECIDOS Y LOS PRESUPUESTOS PACTADOS<\/em><\/p>\n\n\n\n<div style=\"height:4rem\" aria-hidden=\"true\" class=\"wp-block-spacer\"><\/div>\n\n\n\n<div class=\"wp-block-columns is-layout-flex wp-container-core-columns-is-layout-ec2e7a44 wp-block-columns-is-layout-flex\" style=\"padding-top:0;padding-bottom:0\">\n<div class=\"wp-block-column is-layout-flow wp-block-column-is-layout-flow\">\n<figure class=\"wp-block-image aligncenter size-full is-resized\"><img loading=\"lazy\" decoding=\"async\" width=\"100\" height=\"80\" src=\"https:\/\/proyectos.bannisterglobal.com\/abeconsa\/wp-content\/uploads\/2024\/11\/iconos-abeconsa-edificio.png\" alt=\"\" class=\"wp-image-2837\" style=\"object-fit:contain;width:100px;height:80px\"\/><\/figure>\n\n\n\n<p class=\"has-text-align-center\" style=\"margin-top:1rem;line-height:1.1\"><strong>VIVIENDA COLECTIVA<\/strong><\/p>\n<\/div>\n\n\n\n<div class=\"wp-block-column is-layout-flow wp-block-column-is-layout-flow\">\n<figure class=\"wp-block-image aligncenter size-full is-resized\"><img loading=\"lazy\" decoding=\"async\" width=\"100\" height=\"80\" src=\"https:\/\/proyectos.bannisterglobal.com\/abeconsa\/wp-content\/uploads\/2024\/11\/iconos-abeconsa-edificio-en-obras.png\" alt=\"\" class=\"wp-image-2836\" style=\"object-fit:contain;width:100px;height:80px\"\/><\/figure>\n\n\n\n<p class=\"has-text-align-center\" style=\"margin-top:1rem;line-height:1.1\"><strong>VIVIENDA UNIFAMILIAR<\/strong><\/p>\n<\/div>\n\n\n\n<div class=\"wp-block-column is-layout-flow wp-block-column-is-layout-flow\">\n<figure class=\"wp-block-image aligncenter size-full is-resized\"><img loading=\"lazy\" decoding=\"async\" width=\"100\" height=\"80\" src=\"https:\/\/proyectos.bannisterglobal.com\/abeconsa\/wp-content\/uploads\/2024\/11\/iconos-abeconsa-chalet.png\" alt=\"\" class=\"wp-image-2835\" style=\"object-fit:contain;width:100px;height:80px\"\/><\/figure>\n\n\n\n<p class=\"has-text-align-center\" style=\"margin-top:1rem;line-height:1.1\"><strong>RESIDENCIAS<\/strong><\/p>\n<\/div>\n<\/div>\n\n\n\n<div style=\"height:4rem\" aria-hidden=\"true\" class=\"wp-block-spacer\"><\/div>\n\n\n\n<div class=\"wp-block-columns alignfull areas-bloqueanchocompleto-foto-texto has-background is-layout-flex wp-container-core-columns-is-layout-bafe187a wp-block-columns-is-layout-flex\" style=\"background-color:#f2f5f7;padding-top:0;padding-bottom:0;padding-left:0\">\n<div class=\"wp-block-column is-vertically-aligned-center is-layout-flow wp-block-column-is-layout-flow\">\n<figure class=\"wp-block-image aligncenter size-full\"><img loading=\"lazy\" decoding=\"async\" width=\"1024\" height=\"440\" src=\"https:\/\/proyectos.bannisterglobal.com\/abeconsa\/wp-content\/uploads\/2024\/10\/areas-primer-banner-prov-mod.webp\" alt=\"\" class=\"wp-image-296\" srcset=\"https:\/\/proyectos.bannisterglobal.com\/abeconsa\/wp-content\/uploads\/2024\/10\/areas-primer-banner-prov-mod.webp 1024w, https:\/\/proyectos.bannisterglobal.com\/abeconsa\/wp-content\/uploads\/2024\/10\/areas-primer-banner-prov-mod-300x129.webp 300w, https:\/\/proyectos.bannisterglobal.com\/abeconsa\/wp-content\/uploads\/2024\/10\/areas-primer-banner-prov-mod-768x330.webp 768w\" sizes=\"auto, (max-width: 1024px) 100vw, 1024px\" \/><\/figure>\n<\/div>\n\n\n\n<div class=\"wp-block-column is-vertically-aligned-center is-layout-flow wp-block-column-is-layout-flow\" style=\"padding-top:var(--wp--preset--spacing--40);padding-right:var(--wp--preset--spacing--40);padding-bottom:var(--wp--preset--spacing--40);padding-left:var(--wp--preset--spacing--40)\">\n<p class=\"has-text-align-left\">Construimos edificaciones residenciales, desde viviendas colectivas para grandes promociones y unifamiliares singulares, hasta residencias.<\/p>\n\n\n\n<p class=\"has-text-align-left\">Nuestro equipo de ingenieros y t\u00e9cnicos trabaja en cada una de las fases del proyecto con el objetivo de obtener un resultado final \u00f3ptimo en cuanto a plazos y presupuestos y prestando atenci\u00f3n a cada detalle.<\/p>\n<\/div>\n<\/div>\n\n\n\n<div style=\"height:4rem\" aria-hidden=\"true\" class=\"wp-block-spacer\"><\/div>\n\n\n\n<h2 class=\"wp-block-heading has-text-align-center\" style=\"margin-bottom:0\">NUESTRAS OBRAS DE EDIFICIOS DE VIVIENDAS<\/h2>\n\n\n\n<div style=\"height:2rem\" aria-hidden=\"true\" class=\"wp-block-spacer\"><\/div>\n\n\n\n<div data-aos= \"fade-right\" data-aos-duration=\"400\" data-aos-delay=\"0\" data-aos-easing=\"ease\" data-aos-once=\"true\" class=\"wp-block-uagb-container uagb-block-6002f3bf alignfull uagb-is-root-container\"><div class=\"uagb-container-inner-blocks-wrap\">\n<div class=\"wp-block-uagb-container uagb-block-b27883e4 alignfull uagb-is-root-container\">\n<div class=\"wp-block-essential-blocks-flipbox  root-eb-flipbox-huk07\"><div class=\"eb-parent-wrapper eb-parent-eb-flipbox-huk07 \"><div class=\"eb-flipbox-container eb-flipbox-huk07 eb-flipbox-align-center eb-hover-mode\" data-id=\"eb-flipbox-huk07\" data-flip-type=\"flip-left\" data-flip-mode=\"hover\"><div class=\"eb-flipper flip-left\"><div class=\"eb-flipbox-front\"><div class=\"eb-flipbox-items-container\"><\/div><\/div><div class=\"eb-flipbox-back\"><div class=\"eb-flipbox-items-container\"><div class=\"eb-flipbox-back-content-wrapper\"><p class=\"eb-flipbox-back-content\">Complejo residencial de 58 viviendas en Pozuelo de Alarc\u00f3n<\/p><\/div><div class=\"eb-flipbox-button-container\"><a class=\"eb-flipbox-button-link \" href=\"https:\/\/proyectos.bannisterglobal.com\/abeconsa\/obra\/complejo-residencial-de-58-viviendas-en-pozuelo-de-alarcon\/\" target=\"_self\" rel=\"noopener\"><div class=\"eb-flipbox-button-content\"><span><\/span><span class=\"dashicon dashicons dashicons-plus-alt eb-flipbox-button-icon\"><\/span><\/div><\/a><\/div><\/div><\/div><\/div><\/div><\/div><\/div>\n<\/div>\n\n\n\n<div class=\"wp-block-uagb-container uagb-block-71a309d0\">\n<div class=\"wp-block-essential-blocks-flipbox  root-eb-flipbox-fxt76\"><div class=\"eb-parent-wrapper eb-parent-eb-flipbox-fxt76 \"><div class=\"eb-flipbox-container eb-flipbox-fxt76 eb-flipbox-align-center eb-hover-mode\" data-id=\"eb-flipbox-fxt76\" data-flip-type=\"flip-left\" data-flip-mode=\"hover\"><div class=\"eb-flipper flip-left\"><div class=\"eb-flipbox-front\"><div class=\"eb-flipbox-items-container\"><\/div><\/div><div class=\"eb-flipbox-back\"><div class=\"eb-flipbox-items-container\"><div class=\"eb-flipbox-back-content-wrapper\"><p class=\"eb-flipbox-back-content\">Complejo residencial de 136 viviendas en Alcal\u00e1 de Henares<\/p><\/div><div class=\"eb-flipbox-button-container\"><a class=\"eb-flipbox-button-link \" href=\"https:\/\/proyectos.bannisterglobal.com\/abeconsa\/obra\/complejo-residencial-de-136-viviendas-en-alcala-de-henares\/\" target=\"_self\" rel=\"noopener\"><div class=\"eb-flipbox-button-content\"><span><\/span><span class=\"dashicon dashicons dashicons-plus-alt eb-flipbox-button-icon\"><\/span><\/div><\/a><\/div><\/div><\/div><\/div><\/div><\/div><\/div>\n<\/div>\n\n\n\n<div class=\"wp-block-uagb-container uagb-block-96f0f22e\">\n<div class=\"wp-block-essential-blocks-flipbox  root-eb-flipbox-35bfj\"><div class=\"eb-parent-wrapper eb-parent-eb-flipbox-35bfj \"><div class=\"eb-flipbox-container eb-flipbox-35bfj eb-flipbox-align-center eb-hover-mode\" data-id=\"eb-flipbox-35bfj\" data-flip-type=\"flip-left\" data-flip-mode=\"hover\"><div class=\"eb-flipper flip-left\"><div class=\"eb-flipbox-front\"><div class=\"eb-flipbox-items-container\"><\/div><\/div><div class=\"eb-flipbox-back\"><div class=\"eb-flipbox-items-container\"><div class=\"eb-flipbox-back-content-wrapper\"><p class=\"eb-flipbox-back-content\">Complejo de 24 viviendas en Calle M\u00e9xico y Calle Brasil, A Coru\u00f1a<\/p><\/div><div class=\"eb-flipbox-button-container\"><a class=\"eb-flipbox-button-link \" href=\"https:\/\/proyectos.bannisterglobal.com\/abeconsa\/obra\/complejo-de-24-viviendas-en-a-coruna\/\" target=\"_self\" rel=\"noopener\"><div class=\"eb-flipbox-button-content\"><span><\/span><span class=\"dashicon dashicons dashicons-plus-alt eb-flipbox-button-icon\"><\/span><\/div><\/a><\/div><\/div><\/div><\/div><\/div><\/div><\/div>\n<\/div>\n<\/div><\/div>\n\n\n\n<div data-aos= \"fade-right\" data-aos-duration=\"400\" data-aos-delay=\"0\" data-aos-easing=\"ease\" data-aos-once=\"true\" class=\"wp-block-uagb-container uagb-block-fd23d81c alignfull uagb-is-root-container\"><div class=\"uagb-container-inner-blocks-wrap\">\n<div class=\"wp-block-uagb-container uagb-block-dc17ddd8\">\n<div class=\"wp-block-essential-blocks-flipbox  root-eb-flipbox-nqngf\"><div class=\"eb-parent-wrapper eb-parent-eb-flipbox-nqngf \"><div class=\"eb-flipbox-container eb-flipbox-nqngf eb-flipbox-align-center eb-hover-mode\" data-id=\"eb-flipbox-nqngf\" data-flip-type=\"flip-left\" data-flip-mode=\"hover\"><div class=\"eb-flipper flip-left\"><div class=\"eb-flipbox-front\"><div class=\"eb-flipbox-items-container\"><\/div><\/div><div class=\"eb-flipbox-back\"><div class=\"eb-flipbox-items-container\"><div class=\"eb-flipbox-back-content-wrapper\"><p class=\"eb-flipbox-back-content\">Edificio de 69 viviendas, garajes, trasteros y locales comerciales en Legan\u00e9s<\/p><\/div><div class=\"eb-flipbox-button-container\"><a class=\"eb-flipbox-button-link \" href=\"https:\/\/proyectos.bannisterglobal.com\/abeconsa\/obra\/edificio-de-69-viviendas-garajes-trasteros-y-locales-comerciales-en-leganes\/\" target=\"_self\" rel=\"noopener\"><div class=\"eb-flipbox-button-content\"><span><\/span><span class=\"dashicon dashicons dashicons-plus-alt eb-flipbox-button-icon\"><\/span><\/div><\/a><\/div><\/div><\/div><\/div><\/div><\/div><\/div>\n<\/div>\n\n\n\n<div class=\"wp-block-uagb-container uagb-block-0bf1daa0\">\n<div class=\"wp-block-essential-blocks-flipbox  root-eb-flipbox-5g21v\"><div class=\"eb-parent-wrapper eb-parent-eb-flipbox-5g21v \"><div class=\"eb-flipbox-container eb-flipbox-5g21v eb-flipbox-align-center eb-hover-mode\" data-id=\"eb-flipbox-5g21v\" data-flip-type=\"flip-left\" data-flip-mode=\"hover\"><div class=\"eb-flipper flip-left\"><div class=\"eb-flipbox-front\"><div class=\"eb-flipbox-items-container\"><\/div><\/div><div class=\"eb-flipbox-back\"><div class=\"eb-flipbox-items-container\"><div class=\"eb-flipbox-back-content-wrapper\"><p class=\"eb-flipbox-back-content\">Complejo de 52 viviendas unifamiliares en Boadilla del Monte<\/p><\/div><div class=\"eb-flipbox-button-container\"><a class=\"eb-flipbox-button-link \" href=\"https:\/\/proyectos.bannisterglobal.com\/abeconsa\/obra\/promocion-de-52-viviendas-unifamiliares-en-boadilla-del-monte\/\" target=\"_self\" rel=\"noopener\"><div class=\"eb-flipbox-button-content\"><span><\/span><span class=\"dashicon dashicons dashicons-plus-alt eb-flipbox-button-icon\"><\/span><\/div><\/a><\/div><\/div><\/div><\/div><\/div><\/div><\/div>\n<\/div>\n\n\n\n<div class=\"wp-block-uagb-container uagb-block-126abc7f\">\n<div class=\"wp-block-essential-blocks-flipbox  root-eb-flipbox-2wmpt\"><div class=\"eb-parent-wrapper eb-parent-eb-flipbox-2wmpt \"><div class=\"eb-flipbox-container eb-flipbox-2wmpt eb-flipbox-align-center eb-hover-mode\" data-id=\"eb-flipbox-2wmpt\" data-flip-type=\"flip-left\" data-flip-mode=\"hover\"><div class=\"eb-flipper flip-left\"><div class=\"eb-flipbox-front\"><div class=\"eb-flipbox-items-container\"><\/div><\/div><div class=\"eb-flipbox-back\"><div class=\"eb-flipbox-items-container\"><div class=\"eb-flipbox-back-content-wrapper\"><p class=\"eb-flipbox-back-content\">Edificio de 17 viviendas con garaje y trastero en A Coru\u00f1a<\/p><\/div><div class=\"eb-flipbox-button-container\"><a class=\"eb-flipbox-button-link \" href=\"https:\/\/proyectos.bannisterglobal.com\/abeconsa\/obra\/edificio-de-17-viviendas-con-garaje-y-trastero-en-a-coruna\/\" target=\"_self\" rel=\"noopener\"><div class=\"eb-flipbox-button-content\"><span><\/span><span class=\"dashicon dashicons dashicons-plus-alt eb-flipbox-button-icon\"><\/span><\/div><\/a><\/div><\/div><\/div><\/div><\/div><\/div><\/div>\n<\/div>\n<\/div><\/div>\n\n\n\n<div style=\"height:4rem\" aria-hidden=\"true\" class=\"wp-block-spacer\"><\/div>\n\n\n\n<div class=\"wp-block-buttons is-layout-flex wp-container-core-buttons-is-layout-cd1ef375 wp-block-buttons-is-layout-flex\" style=\"margin-top:0;margin-bottom:0\">\n<div class=\"wp-block-button botonfake3\"><a class=\"wp-block-button__link has-ast-global-color-5-color has-text-color has-background has-link-color has-text-align-left has-custom-font-size wp-element-button\" href=\"https:\/\/proyectos.bannisterglobal.com\/abeconsa\/obras\/?categoria=residencial\" style=\"border-style:none;border-width:0px;border-radius:0px;background-color:#aa2740;padding-top:0.8rem;padding-right:var(--wp--preset--spacing--30);padding-bottom:0.8rem;padding-left:var(--wp--preset--spacing--30);font-size:18px\">VER M\u00c1S PROYECTOS DE VIVIENDAS<\/a><\/div>\n<\/div>\n\n\n\n<div style=\"height:4rem\" aria-hidden=\"true\" class=\"wp-block-spacer\"><\/div>\n\n\n\n<div class=\"wp-block-cover alignfull is-light banner-boton-giratorio\" style=\"min-height:298px;aspect-ratio:unset;\"><img loading=\"lazy\" decoding=\"async\" width=\"1852\" height=\"441\" class=\"wp-block-cover__image-background wp-image-2350\" alt=\"\" src=\"https:\/\/proyectos.bannisterglobal.com\/abeconsa\/wp-content\/uploads\/2024\/11\/talento-banner-unete-v3.webp\" data-object-fit=\"cover\" srcset=\"https:\/\/proyectos.bannisterglobal.com\/abeconsa\/wp-content\/uploads\/2024\/11\/talento-banner-unete-v3.webp 1852w, https:\/\/proyectos.bannisterglobal.com\/abeconsa\/wp-content\/uploads\/2024\/11\/talento-banner-unete-v3-300x71.webp 300w, https:\/\/proyectos.bannisterglobal.com\/abeconsa\/wp-content\/uploads\/2024\/11\/talento-banner-unete-v3-1024x244.webp 1024w, https:\/\/proyectos.bannisterglobal.com\/abeconsa\/wp-content\/uploads\/2024\/11\/talento-banner-unete-v3-768x183.webp 768w, https:\/\/proyectos.bannisterglobal.com\/abeconsa\/wp-content\/uploads\/2024\/11\/talento-banner-unete-v3-1536x366.webp 1536w\" sizes=\"auto, (max-width: 1852px) 100vw, 1852px\" \/><span aria-hidden=\"true\" class=\"wp-block-cover__background has-background-dim-30 has-background-dim\" style=\"background-color:#acb0b4\"><\/span><div class=\"wp-block-cover__inner-container is-layout-constrained wp-block-cover-is-layout-constrained\">\n<div class=\"wp-block-columns is-layout-flex wp-container-core-columns-is-layout-28f84493 wp-block-columns-is-layout-flex\">\n<div class=\"wp-block-column is-layout-flow wp-block-column-is-layout-flow\" style=\"flex-basis:70%\">\n<h2 class=\"wp-block-heading\" style=\"padding-right:0;padding-left:0;font-size:40px;line-height:1.1\">ESTAMOS PREPARADOS PARA HACER <br>REALIDAD TU PR\u00d3XIMO PROYECTO DE <br><mark style=\"background-color:rgba(0, 0, 0, 0);color:#aa2740\" class=\"has-inline-color\">CONSTRUCCI\u00d3N RESIDENCIAL<\/mark><\/h2>\n<\/div>\n\n\n\n<div class=\"wp-block-column area-contenedor-texto-cirular is-content-justification-right is-layout-constrained wp-container-core-column-is-layout-d57b5e87 wp-block-column-is-layout-constrained\" style=\"padding-top:0;padding-right:0;padding-bottom:0;padding-left:0\">\n<figure class=\"wp-block-image size-full texto-circular-contacta\"><a href=\"https:\/\/proyectos.bannisterglobal.com\/abeconsa\/contacto\/\"><img loading=\"lazy\" decoding=\"async\" width=\"200\" height=\"200\" src=\"https:\/\/proyectos.bannisterglobal.com\/abeconsa\/wp-content\/uploads\/2024\/10\/abeconsa-texto-circular-contacta-con-nuestro-equipo-v4.png\" alt=\"\" class=\"wp-image-1828\" style=\"object-fit:cover\" srcset=\"https:\/\/proyectos.bannisterglobal.com\/abeconsa\/wp-content\/uploads\/2024\/10\/abeconsa-texto-circular-contacta-con-nuestro-equipo-v4.png 200w, https:\/\/proyectos.bannisterglobal.com\/abeconsa\/wp-content\/uploads\/2024\/10\/abeconsa-texto-circular-contacta-con-nuestro-equipo-v4-150x150.png 150w\" sizes=\"auto, (max-width: 200px) 100vw, 200px\" \/><\/a><\/figure>\n<\/div>\n<\/div>\n<\/div><\/div>\n","protected":false},"excerpt":{"rendered":"<p>ENTENDEMOS LAS NECESIDADES DE PROMOTORES INMOBILIARIOS,GESTORES DE COOPERATIVAS DE VIVIENDAS Y SOCIEDADES DE INVERSI\u00d3NY ASEGURANDO, SIEMPRE, EL CUMPLIMIENTO DE PLAZOS, [&hellip;]<\/p>\n","protected":false},"author":1,"featured_media":0,"parent":0,"menu_order":0,"comment_status":"closed","ping_status":"closed","template":"","meta":{"_acf_changed":false,"_eb_attr":"","_uag_custom_page_level_css":"","site-sidebar-layout":"default","site-content-layout":"","ast-site-content-layout":"","site-content-style":"default","site-sidebar-style":"default","ast-global-header-display":"","ast-banner-title-visibility":"","ast-main-header-display":"","ast-hfb-above-header-display":"","ast-hfb-below-header-display":"","ast-hfb-mobile-header-display":"","site-post-title":"disabled","ast-breadcrumbs-content":"","ast-featured-img":"","footer-sml-layout":"","ast-disable-related-posts":"","theme-transparent-header-meta":"","adv-header-id-meta":"","stick-header-meta":"","header-above-stick-meta":"","header-main-stick-meta":"","header-below-stick-meta":"","astra-migrate-meta-layouts":"default","ast-page-background-enabled":"default","ast-page-background-meta":{"desktop":{"background-color":"var(--ast-global-color-4)","background-image":"","background-repeat":"repeat","background-position":"center center","background-size":"auto","background-attachment":"scroll","background-type":"","background-media":"","overlay-type":"","overlay-color":"","overlay-opacity":"","overlay-gradient":""},"tablet":{"background-color":"","background-image":"","background-repeat":"repeat","background-position":"center center","background-size":"auto","background-attachment":"scroll","background-type":"","background-media":"","overlay-type":"","overlay-color":"","overlay-opacity":"","overlay-gradient":""},"mobile":{"background-color":"","background-image":"","background-repeat":"repeat","background-position":"center center","background-size":"auto","background-attachment":"scroll","background-type":"","background-media":"","overlay-type":"","overlay-color":"","overlay-opacity":"","overlay-gradient":""}},"ast-content-background-meta":{"desktop":{"background-color":"var(--ast-global-color-5)","background-image":"","background-repeat":"repeat","background-position":"center center","background-size":"auto","background-attachment":"scroll","background-type":"","background-media":"","overlay-type":"","overlay-color":"","overlay-opacity":"","overlay-gradient":""},"tablet":{"background-color":"var(--ast-global-color-5)","background-image":"","background-repeat":"repeat","background-position":"center center","background-size":"auto","background-attachment":"scroll","background-type":"","background-media":"","overlay-type":"","overlay-color":"","overlay-opacity":"","overlay-gradient":""},"mobile":{"background-color":"var(--ast-global-color-5)","background-image":"","background-repeat":"repeat","background-position":"center center","background-size":"auto","background-attachment":"scroll","background-type":"","background-media":"","overlay-type":"","overlay-color":"","overlay-opacity":"","overlay-gradient":""}},"footnotes":""},"class_list":["post-160","page","type-page","status-publish","hentry"],"acf":[],"uagb_featured_image_src":{"full":false,"thumbnail":false,"medium":false,"medium_large":false,"large":false,"1536x1536":false,"2048x2048":false,"ultp_layout_landscape_large":false,"ultp_layout_landscape":false,"ultp_layout_portrait":false,"ultp_layout_square":false},"uagb_author_info":{"display_name":"bgadmin","author_link":"https:\/\/proyectos.bannisterglobal.com\/abeconsa\/author\/bgadmin\/"},"uagb_comment_info":0,"uagb_excerpt":"ENTENDEMOS LAS NECESIDADES DE PROMOTORES INMOBILIARIOS,GESTORES DE COOPERATIVAS DE VIVIENDAS Y SOCIEDADES DE INVERSI\u00d3NY ASEGURANDO, SIEMPRE, EL CUMPLIMIENTO DE PLAZOS, [&hellip;]","_links":{"self":[{"href":"https:\/\/proyectos.bannisterglobal.com\/abeconsa\/wp-json\/wp\/v2\/pages\/160","targetHints":{"allow":["GET"]}}],"collection":[{"href":"https:\/\/proyectos.bannisterglobal.com\/abeconsa\/wp-json\/wp\/v2\/pages"}],"about":[{"href":"https:\/\/proyectos.bannisterglobal.com\/abeconsa\/wp-json\/wp\/v2\/types\/page"}],"author":[{"embeddable":true,"href":"https:\/\/proyectos.bannisterglobal.com\/abeconsa\/wp-json\/wp\/v2\/users\/1"}],"replies":[{"embeddable":true,"href":"https:\/\/proyectos.bannisterglobal.com\/abeconsa\/wp-json\/wp\/v2\/comments?post=160"}],"version-history":[{"count":116,"href":"https:\/\/proyectos.bannisterglobal.com\/abeconsa\/wp-json\/wp\/v2\/pages\/160\/revisions"}],"predecessor-version":[{"id":4801,"href":"https:\/\/proyectos.bannisterglobal.com\/abeconsa\/wp-json\/wp\/v2\/pages\/160\/revisions\/4801"}],"wp:attachment":[{"href":"https:\/\/proyectos.bannisterglobal.com\/abeconsa\/wp-json\/wp\/v2\/media?parent=160"}],"curies":[{"name":"wp","href":"https:\/\/api.w.org\/{rel}","templated":true}]}}