{"id":355,"date":"2024-10-16T17:52:45","date_gmt":"2024-10-16T15:52:45","guid":{"rendered":"https:\/\/proyectos.bannisterglobal.com\/abeconsa\/?page_id=355"},"modified":"2025-03-24T11:59:25","modified_gmt":"2025-03-24T10:59:25","slug":"infraestructura-y-regeneracion-urbana","status":"publish","type":"page","link":"https:\/\/proyectos.bannisterglobal.com\/abeconsa\/infraestructura-y-regeneracion-urbana\/","title":{"rendered":"Construcci\u00f3n de obra civil e infraestructuras"},"content":{"rendered":"\n<div class=\"wp-block-cover alignfull is-light home-banner-video\" style=\"padding-top:0;padding-bottom:0;min-height:678px;aspect-ratio:unset;\"><span aria-hidden=\"true\" class=\"wp-block-cover__background has-background-dim-20 has-background-dim\" style=\"background-color:#172a3a\"><\/span><img loading=\"lazy\" decoding=\"async\" width=\"2000\" height=\"1334\" class=\"wp-block-cover__image-background wp-image-1604\" alt=\"\" src=\"https:\/\/proyectos.bannisterglobal.com\/abeconsa\/wp-content\/uploads\/2024\/10\/areas-infraestructuras-cabecera-mod-1.webp\" style=\"object-position:50% 70%\" data-object-fit=\"cover\" data-object-position=\"50% 70%\" srcset=\"https:\/\/proyectos.bannisterglobal.com\/abeconsa\/wp-content\/uploads\/2024\/10\/areas-infraestructuras-cabecera-mod-1.webp 2000w, https:\/\/proyectos.bannisterglobal.com\/abeconsa\/wp-content\/uploads\/2024\/10\/areas-infraestructuras-cabecera-mod-1-300x200.webp 300w, https:\/\/proyectos.bannisterglobal.com\/abeconsa\/wp-content\/uploads\/2024\/10\/areas-infraestructuras-cabecera-mod-1-1024x683.webp 1024w, https:\/\/proyectos.bannisterglobal.com\/abeconsa\/wp-content\/uploads\/2024\/10\/areas-infraestructuras-cabecera-mod-1-768x512.webp 768w, https:\/\/proyectos.bannisterglobal.com\/abeconsa\/wp-content\/uploads\/2024\/10\/areas-infraestructuras-cabecera-mod-1-1536x1025.webp 1536w, https:\/\/proyectos.bannisterglobal.com\/abeconsa\/wp-content\/uploads\/2024\/10\/areas-infraestructuras-cabecera-mod-1-1200x800.webp 1200w\" sizes=\"auto, (max-width: 2000px) 100vw, 2000px\" \/><div class=\"wp-block-cover__inner-container is-layout-constrained wp-block-cover-is-layout-constrained\">\n<div class=\"wp-block-group is-layout-constrained wp-block-group-is-layout-constrained\">\n<section\n  class=\"texto-banner-video-home\"\n  style=\"width: 100% !important; max-width: 2000px !important;\"\n>\n  <h1 style=\"font-size: 80px; color: #ffffff !important; line-height: 80px; font-weight: 900 !important\">\n    <span style=\"font-size: 100px\">CONSTRUCCI\u00d3N<\/span><br> DE OBRA CIVIL <br class=\"br-provisional\">E INFRAESTRUCTURAS\n  <\/h1>\n<\/section>\n<\/div>\n<\/div><\/div>\n\n\n\n<div style=\"height:4rem\" aria-hidden=\"true\" class=\"wp-block-spacer\"><\/div>\n\n\n\n<p class=\"has-text-align-center areas-texto-postbanner\" style=\"margin-bottom:0;padding-right:80px;padding-left:80px\"><em>Contamos con d\u00e9cadas de experiencia en proyectos de infraestructuras y regeneraci\u00f3n urbana. Como adjudicatarios de obra p\u00fablica en Galicia hemos desarrollado obras de urbanizaci\u00f3n, calles, muelles y paseos, entre otros, para administraciones locales, auton\u00f3micas y nacionales.<\/em><\/p>\n\n\n\n<div style=\"height:4rem\" aria-hidden=\"true\" class=\"wp-block-spacer\"><\/div>\n\n\n\n<div class=\"wp-block-columns is-layout-flex wp-container-core-columns-is-layout-ec2e7a44 wp-block-columns-is-layout-flex\" style=\"padding-top:0;padding-bottom:0\">\n<div class=\"wp-block-column is-layout-flow wp-block-column-is-layout-flow\">\n<figure class=\"wp-block-image aligncenter size-full is-resized\"><img loading=\"lazy\" decoding=\"async\" width=\"514\" height=\"514\" src=\"https:\/\/proyectos.bannisterglobal.com\/abeconsa\/wp-content\/uploads\/2025\/02\/obra-civil.webp\" alt=\"\" class=\"wp-image-3331\" style=\"object-fit:contain;width:100px;height:80px\" srcset=\"https:\/\/proyectos.bannisterglobal.com\/abeconsa\/wp-content\/uploads\/2025\/02\/obra-civil.webp 514w, https:\/\/proyectos.bannisterglobal.com\/abeconsa\/wp-content\/uploads\/2025\/02\/obra-civil-300x300.webp 300w, https:\/\/proyectos.bannisterglobal.com\/abeconsa\/wp-content\/uploads\/2025\/02\/obra-civil-150x150.webp 150w\" sizes=\"auto, (max-width: 514px) 100vw, 514px\" \/><\/figure>\n\n\n\n<p class=\"has-text-align-center\" style=\"margin-top:1rem;line-height:1.1\"><strong>OBRA CIVIL<\/strong><\/p>\n<\/div>\n\n\n\n<div class=\"wp-block-column is-layout-flow wp-block-column-is-layout-flow\">\n<figure class=\"wp-block-image aligncenter size-full is-resized\"><img loading=\"lazy\" decoding=\"async\" width=\"493\" height=\"504\" src=\"https:\/\/proyectos.bannisterglobal.com\/abeconsa\/wp-content\/uploads\/2025\/02\/infraestructuras.webp\" alt=\"\" class=\"wp-image-3327\" style=\"object-fit:contain;width:100px;height:80px\" srcset=\"https:\/\/proyectos.bannisterglobal.com\/abeconsa\/wp-content\/uploads\/2025\/02\/infraestructuras.webp 493w, https:\/\/proyectos.bannisterglobal.com\/abeconsa\/wp-content\/uploads\/2025\/02\/infraestructuras-293x300.webp 293w\" sizes=\"auto, (max-width: 493px) 100vw, 493px\" \/><\/figure>\n\n\n\n<p class=\"has-text-align-center\" style=\"margin-top:1rem;line-height:1.1\"><strong>INFRAESTRUCTURAS<\/strong><\/p>\n<\/div>\n<\/div>\n\n\n\n<div style=\"height:4rem\" aria-hidden=\"true\" class=\"wp-block-spacer\"><\/div>\n\n\n\n<div class=\"wp-block-columns alignfull areas-bloqueanchocompleto-foto-texto has-background is-layout-flex wp-container-core-columns-is-layout-bafe187a wp-block-columns-is-layout-flex\" style=\"background-color:#f2f5f7;padding-top:0;padding-bottom:0;padding-left:0\">\n<div class=\"wp-block-column is-vertically-aligned-center is-layout-flow wp-block-column-is-layout-flow\">\n<figure class=\"wp-block-image aligncenter size-full\"><img loading=\"lazy\" decoding=\"async\" width=\"1024\" height=\"440\" src=\"https:\/\/proyectos.bannisterglobal.com\/abeconsa\/wp-content\/uploads\/2024\/11\/areas-primer-banner-infraestructuras-mod-v2.webp\" alt=\"\" class=\"wp-image-1893\" srcset=\"https:\/\/proyectos.bannisterglobal.com\/abeconsa\/wp-content\/uploads\/2024\/11\/areas-primer-banner-infraestructuras-mod-v2.webp 1024w, https:\/\/proyectos.bannisterglobal.com\/abeconsa\/wp-content\/uploads\/2024\/11\/areas-primer-banner-infraestructuras-mod-v2-300x129.webp 300w, https:\/\/proyectos.bannisterglobal.com\/abeconsa\/wp-content\/uploads\/2024\/11\/areas-primer-banner-infraestructuras-mod-v2-768x330.webp 768w\" sizes=\"auto, (max-width: 1024px) 100vw, 1024px\" \/><\/figure>\n<\/div>\n\n\n\n<div class=\"wp-block-column is-vertically-aligned-center is-layout-flow wp-block-column-is-layout-flow\" style=\"padding-top:var(--wp--preset--spacing--40);padding-right:var(--wp--preset--spacing--40);padding-bottom:var(--wp--preset--spacing--40);padding-left:var(--wp--preset--spacing--40)\">\n<p class=\"has-text-align-left\">Creamos y mejoramos espacios p\u00fablicos como paseos mar\u00edtimos, \u00e1reas portuarias, urbanizaciones y zonas urbanas. Hemos construido y regenerado calles, plazas y bulevares (pavimentaci\u00f3n, instalaciones, redes de aguas, canalizaciones, servicios&#8230;) creando zonas de bajas emisiones y de tr\u00e1fico pacificado.<\/p>\n\n\n\n<p class=\"has-text-align-left\">Nuestro equipo de t\u00e9cnicos en licitaciones cuenta con experiencia en el establecimiento de UTEs para obras de gran envergadura con resultados \u00f3ptimos para el proyecto. El equipo de ingenier\u00eda de Abeconsa est\u00e1 especializado en an\u00e1lisis de concursos p\u00fablicos: materiales, plazos y sistemas.&nbsp;<\/p>\n<\/div>\n<\/div>\n\n\n\n<div style=\"height:4rem\" aria-hidden=\"true\" class=\"wp-block-spacer\"><\/div>\n\n\n\n<h2 class=\"wp-block-heading has-text-align-center\" style=\"margin-bottom:0\">NUESTROS PROYECTOS DE INFRAESTRUCTURAS Y REGENERACI\u00d3N URBANA<\/h2>\n\n\n\n<div style=\"height:2rem\" aria-hidden=\"true\" class=\"wp-block-spacer\"><\/div>\n\n\n\n<div data-aos= \"fade-right\" data-aos-duration=\"400\" data-aos-delay=\"0\" data-aos-easing=\"ease\" data-aos-once=\"true\" class=\"wp-block-uagb-container uagb-block-6002f3bf alignfull uagb-is-root-container\"><div class=\"uagb-container-inner-blocks-wrap\">\n<div class=\"wp-block-uagb-container uagb-block-126abc7f\">\n<div class=\"wp-block-essential-blocks-flipbox  root-eb-flipbox-2wmpt\"><div class=\"eb-parent-wrapper eb-parent-eb-flipbox-2wmpt \"><div class=\"eb-flipbox-container eb-flipbox-2wmpt eb-flipbox-align-center eb-hover-mode\" data-id=\"eb-flipbox-2wmpt\" data-flip-type=\"flip-left\" data-flip-mode=\"hover\"><div class=\"eb-flipper flip-left\"><div class=\"eb-flipbox-front\"><div class=\"eb-flipbox-items-container\"><\/div><\/div><div class=\"eb-flipbox-back\"><div class=\"eb-flipbox-items-container\"><div class=\"eb-flipbox-back-content-wrapper\"><p class=\"eb-flipbox-back-content\">Reurbanizaci\u00f3n de la calle San Andr\u00e9s en A Coru\u00f1a<\/p><\/div><div class=\"eb-flipbox-button-container\"><a class=\"eb-flipbox-button-link \" href=\"https:\/\/proyectos.bannisterglobal.com\/abeconsa\/obra\/reurbanizacion-de-la-calle-san-andres-en-a-coruna\/\" target=\"_self\" rel=\"noopener\"><div class=\"eb-flipbox-button-content\"><span><\/span><span class=\"dashicon dashicons dashicons-plus-alt eb-flipbox-button-icon\"><\/span><\/div><\/a><\/div><\/div><\/div><\/div><\/div><\/div><\/div>\n<\/div>\n\n\n\n<div class=\"wp-block-uagb-container uagb-block-b27883e4\">\n<div class=\"wp-block-essential-blocks-flipbox  root-eb-flipbox-huk07\"><div class=\"eb-parent-wrapper eb-parent-eb-flipbox-huk07 \"><div class=\"eb-flipbox-container eb-flipbox-huk07 eb-flipbox-align-center eb-hover-mode\" data-id=\"eb-flipbox-huk07\" data-flip-type=\"flip-left\" data-flip-mode=\"hover\"><div class=\"eb-flipper flip-left\"><div class=\"eb-flipbox-front\"><div class=\"eb-flipbox-items-container\"><\/div><\/div><div class=\"eb-flipbox-back\"><div class=\"eb-flipbox-items-container\"><div class=\"eb-flipbox-back-content-wrapper\"><p class=\"eb-flipbox-back-content\">Acondicionamiento del borde portuario de Porto do Son<\/p><\/div><div class=\"eb-flipbox-button-container\"><a class=\"eb-flipbox-button-link \" href=\"https:\/\/proyectos.bannisterglobal.com\/abeconsa\/obra\/acondicionamiento-de-borde-portuario-de-porto-do-son\/\" target=\"_self\" rel=\"noopener\"><div class=\"eb-flipbox-button-content\"><span><\/span><span class=\"dashicon dashicons dashicons-plus-alt eb-flipbox-button-icon\"><\/span><\/div><\/a><\/div><\/div><\/div><\/div><\/div><\/div><\/div>\n<\/div>\n\n\n\n<div class=\"wp-block-uagb-container uagb-block-96f0f22e\">\n<div class=\"wp-block-essential-blocks-flipbox  root-eb-flipbox-35bfj\"><div class=\"eb-parent-wrapper eb-parent-eb-flipbox-35bfj \"><div class=\"eb-flipbox-container eb-flipbox-35bfj eb-flipbox-align-center eb-hover-mode\" data-id=\"eb-flipbox-35bfj\" data-flip-type=\"flip-left\" data-flip-mode=\"hover\"><div class=\"eb-flipper flip-left\"><div class=\"eb-flipbox-front\"><div class=\"eb-flipbox-items-container\"><\/div><\/div><div class=\"eb-flipbox-back\"><div class=\"eb-flipbox-items-container\"><div class=\"eb-flipbox-back-content-wrapper\"><p class=\"eb-flipbox-back-content\">Urbanizaci\u00f3n de la segunda fase de la PLISAN<\/p><\/div><div class=\"eb-flipbox-button-container\"><a class=\"eb-flipbox-button-link \" href=\"https:\/\/proyectos.bannisterglobal.com\/abeconsa\/obra\/urbanizacion-de-la-segunda-fase-de-la-plisan\/\" target=\"_self\" rel=\"noopener\"><div class=\"eb-flipbox-button-content\"><span><\/span><span class=\"dashicon dashicons dashicons-plus-alt eb-flipbox-button-icon\"><\/span><\/div><\/a><\/div><\/div><\/div><\/div><\/div><\/div><\/div>\n<\/div>\n<\/div><\/div>\n\n\n\n<div data-aos= \"fade-right\" data-aos-duration=\"400\" data-aos-delay=\"0\" data-aos-easing=\"ease\" data-aos-once=\"true\" class=\"wp-block-uagb-container uagb-block-fd23d81c alignfull uagb-is-root-container\"><div class=\"uagb-container-inner-blocks-wrap\">\n<div class=\"wp-block-uagb-container uagb-block-71a309d0\">\n<div class=\"wp-block-essential-blocks-flipbox  root-eb-flipbox-fxt76\"><div class=\"eb-parent-wrapper eb-parent-eb-flipbox-fxt76 \"><div class=\"eb-flipbox-container eb-flipbox-fxt76 eb-flipbox-align-center eb-hover-mode\" data-id=\"eb-flipbox-fxt76\" data-flip-type=\"flip-left\" data-flip-mode=\"hover\"><div class=\"eb-flipper flip-left\"><div class=\"eb-flipbox-front\"><div class=\"eb-flipbox-items-container\"><\/div><\/div><div class=\"eb-flipbox-back\"><div class=\"eb-flipbox-items-container\"><div class=\"eb-flipbox-back-content-wrapper\"><p class=\"eb-flipbox-back-content\">Urbanizaci\u00f3n de la primera fase de la PLISAN<\/p><\/div><div class=\"eb-flipbox-button-container\"><a class=\"eb-flipbox-button-link \" href=\"https:\/\/proyectos.bannisterglobal.com\/abeconsa\/obra\/urbanizacion-de-la-primera-fase-de-la-plisan\/\" target=\"_self\" rel=\"noopener\"><div class=\"eb-flipbox-button-content\"><span><\/span><span class=\"dashicon dashicons dashicons-plus-alt eb-flipbox-button-icon\"><\/span><\/div><\/a><\/div><\/div><\/div><\/div><\/div><\/div><\/div>\n<\/div>\n\n\n\n<div class=\"wp-block-uagb-container uagb-block-dc17ddd8\">\n<div class=\"wp-block-essential-blocks-flipbox  root-eb-flipbox-nqngf\"><div class=\"eb-parent-wrapper eb-parent-eb-flipbox-nqngf \"><div class=\"eb-flipbox-container eb-flipbox-nqngf eb-flipbox-align-center eb-hover-mode\" data-id=\"eb-flipbox-nqngf\" data-flip-type=\"flip-left\" data-flip-mode=\"hover\"><div class=\"eb-flipper flip-left\"><div class=\"eb-flipbox-front\"><div class=\"eb-flipbox-items-container\"><\/div><\/div><div class=\"eb-flipbox-back\"><div class=\"eb-flipbox-items-container\"><div class=\"eb-flipbox-back-content-wrapper\"><p class=\"eb-flipbox-back-content\">Construcci\u00f3n del \u00c1rea N\u00e1utica Deportiva Marina Coru\u00f1a<\/p><\/div><div class=\"eb-flipbox-button-container\"><a class=\"eb-flipbox-button-link \" href=\"https:\/\/proyectos.bannisterglobal.com\/abeconsa\/obra\/construccion-del-area-nautica-deportiva-marina-coruna\/\" target=\"_self\" rel=\"noopener\"><div class=\"eb-flipbox-button-content\"><span><\/span><span class=\"dashicon dashicons dashicons-plus-alt eb-flipbox-button-icon\"><\/span><\/div><\/a><\/div><\/div><\/div><\/div><\/div><\/div><\/div>\n<\/div>\n\n\n\n<div class=\"wp-block-uagb-container uagb-block-0bf1daa0\">\n<div class=\"wp-block-essential-blocks-flipbox  root-eb-flipbox-5g21v\"><div class=\"eb-parent-wrapper eb-parent-eb-flipbox-5g21v \"><div class=\"eb-flipbox-container eb-flipbox-5g21v eb-flipbox-align-center eb-hover-mode\" data-id=\"eb-flipbox-5g21v\" data-flip-type=\"flip-left\" data-flip-mode=\"hover\"><div class=\"eb-flipper flip-left\"><div class=\"eb-flipbox-front\"><div class=\"eb-flipbox-items-container\"><\/div><\/div><div class=\"eb-flipbox-back\"><div class=\"eb-flipbox-items-container\"><div class=\"eb-flipbox-back-content-wrapper\"><p class=\"eb-flipbox-back-content\">Urbanizaci\u00f3n del dique de abrigo del Puerto de A Coru\u00f1a<\/p><\/div><div class=\"eb-flipbox-button-container\"><a class=\"eb-flipbox-button-link \" href=\"https:\/\/proyectos.bannisterglobal.com\/abeconsa\/obra\/urbanizacion-del-dique-de-abrigo-del-puerto-de-a-coruna\/\" target=\"_self\" rel=\"noopener\"><div class=\"eb-flipbox-button-content\"><span><\/span><span class=\"dashicon dashicons dashicons-plus-alt eb-flipbox-button-icon\"><\/span><\/div><\/a><\/div><\/div><\/div><\/div><\/div><\/div><\/div>\n<\/div>\n<\/div><\/div>\n\n\n\n<div style=\"height:4rem\" aria-hidden=\"true\" class=\"wp-block-spacer\"><\/div>\n\n\n\n<div class=\"wp-block-buttons is-layout-flex wp-container-core-buttons-is-layout-cd1ef375 wp-block-buttons-is-layout-flex\" style=\"margin-top:0;margin-bottom:0\">\n<div class=\"wp-block-button has-custom-font-size botonfake3\" style=\"font-size:18px\"><a class=\"wp-block-button__link has-ast-global-color-5-color has-text-color has-background has-link-color has-text-align-left wp-element-button\" href=\"https:\/\/proyectos.bannisterglobal.com\/abeconsa\/obras\/?categoria=infraestructuras\" style=\"border-style:none;border-width:0px;border-radius:0px;background-color:#aa2740;padding-top:0.8rem;padding-right:var(--wp--preset--spacing--30);padding-bottom:0.8rem;padding-left:var(--wp--preset--spacing--30)\">VER M\u00c1S PROYECTOS DE INFRAESRUCTURAS<\/a><\/div>\n<\/div>\n\n\n\n<div style=\"height:4rem\" aria-hidden=\"true\" class=\"wp-block-spacer\"><\/div>\n\n\n\n<div class=\"wp-block-cover alignfull is-light banner-boton-giratorio\" style=\"min-height:298px;aspect-ratio:unset;\"><span aria-hidden=\"true\" class=\"wp-block-cover__background has-background-dim-30 has-background-dim\" style=\"background-color:#acb0b4\"><\/span><img loading=\"lazy\" decoding=\"async\" width=\"1852\" height=\"441\" class=\"wp-block-cover__image-background wp-image-2350\" alt=\"\" src=\"https:\/\/proyectos.bannisterglobal.com\/abeconsa\/wp-content\/uploads\/2024\/11\/talento-banner-unete-v3.webp\" data-object-fit=\"cover\" srcset=\"https:\/\/proyectos.bannisterglobal.com\/abeconsa\/wp-content\/uploads\/2024\/11\/talento-banner-unete-v3.webp 1852w, https:\/\/proyectos.bannisterglobal.com\/abeconsa\/wp-content\/uploads\/2024\/11\/talento-banner-unete-v3-300x71.webp 300w, https:\/\/proyectos.bannisterglobal.com\/abeconsa\/wp-content\/uploads\/2024\/11\/talento-banner-unete-v3-1024x244.webp 1024w, https:\/\/proyectos.bannisterglobal.com\/abeconsa\/wp-content\/uploads\/2024\/11\/talento-banner-unete-v3-768x183.webp 768w, https:\/\/proyectos.bannisterglobal.com\/abeconsa\/wp-content\/uploads\/2024\/11\/talento-banner-unete-v3-1536x366.webp 1536w\" sizes=\"auto, (max-width: 1852px) 100vw, 1852px\" \/><div class=\"wp-block-cover__inner-container is-layout-constrained wp-block-cover-is-layout-constrained\">\n<div class=\"wp-block-columns is-layout-flex wp-container-core-columns-is-layout-28f84493 wp-block-columns-is-layout-flex\">\n<div class=\"wp-block-column is-layout-flow wp-block-column-is-layout-flow\" style=\"flex-basis:70%\">\n<h2 class=\"wp-block-heading\" style=\"padding-right:0;padding-left:0;font-size:40px;line-height:1.1\">ESTAMOS PREPARADOS PARA HACER REALIDAD TU PR\u00d3XIMO PROYECTO DE <mark style=\"background-color:rgba(0, 0, 0, 0);color:#aa2740\" class=\"has-inline-color\">URBANIZACI\u00d3N<\/mark><\/h2>\n<\/div>\n\n\n\n<div class=\"wp-block-column area-contenedor-texto-cirular is-content-justification-right is-layout-constrained wp-container-core-column-is-layout-d57b5e87 wp-block-column-is-layout-constrained\" style=\"padding-top:0;padding-right:0;padding-bottom:0;padding-left:0\">\n<figure class=\"wp-block-image size-full texto-circular-contacta\"><a href=\"https:\/\/proyectos.bannisterglobal.com\/abeconsa\/contacto\/\"><img loading=\"lazy\" decoding=\"async\" width=\"200\" height=\"200\" src=\"https:\/\/proyectos.bannisterglobal.com\/abeconsa\/wp-content\/uploads\/2024\/10\/abeconsa-texto-circular-contacta-con-nuestro-equipo-v4.png\" alt=\"\" class=\"wp-image-1828\" style=\"object-fit:cover\" srcset=\"https:\/\/proyectos.bannisterglobal.com\/abeconsa\/wp-content\/uploads\/2024\/10\/abeconsa-texto-circular-contacta-con-nuestro-equipo-v4.png 200w, https:\/\/proyectos.bannisterglobal.com\/abeconsa\/wp-content\/uploads\/2024\/10\/abeconsa-texto-circular-contacta-con-nuestro-equipo-v4-150x150.png 150w\" sizes=\"auto, (max-width: 200px) 100vw, 200px\" \/><\/a><\/figure>\n<\/div>\n<\/div>\n<\/div><\/div>\n","protected":false},"excerpt":{"rendered":"<p>Contamos con d\u00e9cadas de experiencia en proyectos de infraestructuras y regeneraci\u00f3n urbana. Como adjudicatarios de obra p\u00fablica en Galicia hemos [&hellip;]<\/p>\n","protected":false},"author":1,"featured_media":0,"parent":0,"menu_order":0,"comment_status":"closed","ping_status":"closed","template":"","meta":{"_acf_changed":false,"_eb_attr":"","_uag_custom_page_level_css":"","site-sidebar-layout":"default","site-content-layout":"","ast-site-content-layout":"","site-content-style":"default","site-sidebar-style":"default","ast-global-header-display":"","ast-banner-title-visibility":"","ast-main-header-display":"","ast-hfb-above-header-display":"","ast-hfb-below-header-display":"","ast-hfb-mobile-header-display":"","site-post-title":"disabled","ast-breadcrumbs-content":"","ast-featured-img":"","footer-sml-layout":"","ast-disable-related-posts":"","theme-transparent-header-meta":"","adv-header-id-meta":"","stick-header-meta":"","header-above-stick-meta":"","header-main-stick-meta":"","header-below-stick-meta":"","astra-migrate-meta-layouts":"default","ast-page-background-enabled":"default","ast-page-background-meta":{"desktop":{"background-color":"var(--ast-global-color-4)","background-image":"","background-repeat":"repeat","background-position":"center center","background-size":"auto","background-attachment":"scroll","background-type":"","background-media":"","overlay-type":"","overlay-color":"","overlay-opacity":"","overlay-gradient":""},"tablet":{"background-color":"","background-image":"","background-repeat":"repeat","background-position":"center center","background-size":"auto","background-attachment":"scroll","background-type":"","background-media":"","overlay-type":"","overlay-color":"","overlay-opacity":"","overlay-gradient":""},"mobile":{"background-color":"","background-image":"","background-repeat":"repeat","background-position":"center center","background-size":"auto","background-attachment":"scroll","background-type":"","background-media":"","overlay-type":"","overlay-color":"","overlay-opacity":"","overlay-gradient":""}},"ast-content-background-meta":{"desktop":{"background-color":"var(--ast-global-color-5)","background-image":"","background-repeat":"repeat","background-position":"center center","background-size":"auto","background-attachment":"scroll","background-type":"","background-media":"","overlay-type":"","overlay-color":"","overlay-opacity":"","overlay-gradient":""},"tablet":{"background-color":"var(--ast-global-color-5)","background-image":"","background-repeat":"repeat","background-position":"center center","background-size":"auto","background-attachment":"scroll","background-type":"","background-media":"","overlay-type":"","overlay-color":"","overlay-opacity":"","overlay-gradient":""},"mobile":{"background-color":"var(--ast-global-color-5)","background-image":"","background-repeat":"repeat","background-position":"center center","background-size":"auto","background-attachment":"scroll","background-type":"","background-media":"","overlay-type":"","overlay-color":"","overlay-opacity":"","overlay-gradient":""}},"footnotes":""},"class_list":["post-355","page","type-page","status-publish","hentry"],"acf":[],"uagb_featured_image_src":{"full":false,"thumbnail":false,"medium":false,"medium_large":false,"large":false,"1536x1536":false,"2048x2048":false,"ultp_layout_landscape_large":false,"ultp_layout_landscape":false,"ultp_layout_portrait":false,"ultp_layout_square":false},"uagb_author_info":{"display_name":"bgadmin","author_link":"https:\/\/proyectos.bannisterglobal.com\/abeconsa\/author\/bgadmin\/"},"uagb_comment_info":0,"uagb_excerpt":"Contamos con d\u00e9cadas de experiencia en proyectos de infraestructuras y regeneraci\u00f3n urbana. Como adjudicatarios de obra p\u00fablica en Galicia hemos [&hellip;]","_links":{"self":[{"href":"https:\/\/proyectos.bannisterglobal.com\/abeconsa\/wp-json\/wp\/v2\/pages\/355","targetHints":{"allow":["GET"]}}],"collection":[{"href":"https:\/\/proyectos.bannisterglobal.com\/abeconsa\/wp-json\/wp\/v2\/pages"}],"about":[{"href":"https:\/\/proyectos.bannisterglobal.com\/abeconsa\/wp-json\/wp\/v2\/types\/page"}],"author":[{"embeddable":true,"href":"https:\/\/proyectos.bannisterglobal.com\/abeconsa\/wp-json\/wp\/v2\/users\/1"}],"replies":[{"embeddable":true,"href":"https:\/\/proyectos.bannisterglobal.com\/abeconsa\/wp-json\/wp\/v2\/comments?post=355"}],"version-history":[{"count":60,"href":"https:\/\/proyectos.bannisterglobal.com\/abeconsa\/wp-json\/wp\/v2\/pages\/355\/revisions"}],"predecessor-version":[{"id":3709,"href":"https:\/\/proyectos.bannisterglobal.com\/abeconsa\/wp-json\/wp\/v2\/pages\/355\/revisions\/3709"}],"wp:attachment":[{"href":"https:\/\/proyectos.bannisterglobal.com\/abeconsa\/wp-json\/wp\/v2\/media?parent=355"}],"curies":[{"name":"wp","href":"https:\/\/api.w.org\/{rel}","templated":true}]}}