{"id":363,"date":"2024-10-16T18:07:50","date_gmt":"2024-10-16T16:07:50","guid":{"rendered":"https:\/\/proyectos.bannisterglobal.com\/abeconsa\/?page_id=363"},"modified":"2025-11-26T11:23:51","modified_gmt":"2025-11-26T10:23:51","slug":"rehabilitacion","status":"publish","type":"page","link":"https:\/\/proyectos.bannisterglobal.com\/abeconsa\/rehabilitacion\/","title":{"rendered":"Rehabilitaci\u00f3n de edificios y viviendas"},"content":{"rendered":"\n<div class=\"wp-block-cover alignfull is-light home-banner-video\" style=\"padding-top:0;padding-bottom:0;min-height:678px;aspect-ratio:unset;\"><img loading=\"lazy\" decoding=\"async\" width=\"2560\" height=\"1515\" class=\"wp-block-cover__image-background wp-image-3576\" alt=\"\" src=\"https:\/\/proyectos.bannisterglobal.com\/abeconsa\/wp-content\/uploads\/2025\/03\/residencia-raiola-oleiros-principal-rehabilitacion-scaled.webp\" style=\"object-position:52% 63%\" data-object-fit=\"cover\" data-object-position=\"52% 63%\" srcset=\"https:\/\/proyectos.bannisterglobal.com\/abeconsa\/wp-content\/uploads\/2025\/03\/residencia-raiola-oleiros-principal-rehabilitacion-scaled.webp 2560w, https:\/\/proyectos.bannisterglobal.com\/abeconsa\/wp-content\/uploads\/2025\/03\/residencia-raiola-oleiros-principal-rehabilitacion-300x177.webp 300w, https:\/\/proyectos.bannisterglobal.com\/abeconsa\/wp-content\/uploads\/2025\/03\/residencia-raiola-oleiros-principal-rehabilitacion-1024x606.webp 1024w, https:\/\/proyectos.bannisterglobal.com\/abeconsa\/wp-content\/uploads\/2025\/03\/residencia-raiola-oleiros-principal-rehabilitacion-768x454.webp 768w, https:\/\/proyectos.bannisterglobal.com\/abeconsa\/wp-content\/uploads\/2025\/03\/residencia-raiola-oleiros-principal-rehabilitacion-1536x909.webp 1536w, https:\/\/proyectos.bannisterglobal.com\/abeconsa\/wp-content\/uploads\/2025\/03\/residencia-raiola-oleiros-principal-rehabilitacion-2048x1212.webp 2048w\" sizes=\"auto, (max-width: 2560px) 100vw, 2560px\" \/><span aria-hidden=\"true\" class=\"wp-block-cover__background has-background-dim-20 has-background-dim\" style=\"background-color:#172a3a\"><\/span><div class=\"wp-block-cover__inner-container is-layout-constrained wp-block-cover-is-layout-constrained\">\n<div class=\"wp-block-group is-layout-constrained wp-block-group-is-layout-constrained\">\n<section\n  class=\"texto-banner-video-home\"\n  style=\"width: 100% !important; max-width: 2000px !important;\"\n>\n  <h1 style=\"font-size: 80px; color: #ffffff !important; line-height: 80px; font-weight: 900 !important\">\n    <span style=\"font-size: 100px\">REHABILITACI\u00d3N<\/span><BR> DE EDIFICIOS Y VIVIENDAS\n  <\/h1>\n<\/section>\n<\/div>\n<\/div><\/div>\n\n\n\n<div style=\"height:4rem\" aria-hidden=\"true\" class=\"wp-block-spacer\"><\/div>\n\n\n\n<p class=\"has-text-align-center areas-texto-postbanner\" style=\"margin-bottom:0;padding-right:80px;padding-left:80px\"><em>Rehabilitar un edificio o adaptar una estructura antigua a nuevos usos y reglamentaciones es un reto para sus promotores. En Abeconsa trabajamos en transformar instalaciones y espacios existentes para nuevas necesidades, prolongar su vida \u00fatil y convertirlas en un activo inmobiliario de mayor valor.<\/em><\/p>\n\n\n\n<div style=\"height:4rem\" aria-hidden=\"true\" class=\"wp-block-spacer\"><\/div>\n\n\n\n<div class=\"wp-block-columns is-layout-flex wp-container-core-columns-is-layout-ec2e7a44 wp-block-columns-is-layout-flex\" style=\"padding-top:0;padding-bottom:0\">\n<div class=\"wp-block-column is-layout-flow wp-block-column-is-layout-flow\">\n<figure class=\"wp-block-image aligncenter size-full is-resized\"><img loading=\"lazy\" decoding=\"async\" width=\"407\" height=\"414\" src=\"https:\/\/proyectos.bannisterglobal.com\/abeconsa\/wp-content\/uploads\/2025\/02\/rehabilitacion.webp\" alt=\"\" class=\"wp-image-3323\" style=\"object-fit:contain;width:100px;height:80px\" srcset=\"https:\/\/proyectos.bannisterglobal.com\/abeconsa\/wp-content\/uploads\/2025\/02\/rehabilitacion.webp 407w, https:\/\/proyectos.bannisterglobal.com\/abeconsa\/wp-content\/uploads\/2025\/02\/rehabilitacion-295x300.webp 295w\" sizes=\"auto, (max-width: 407px) 100vw, 407px\" \/><\/figure>\n\n\n\n<p class=\"has-text-align-center\" style=\"margin-top:1rem;line-height:1.1\"><strong>REHABILITACI\u00d3N DE<br>EDIFICIOS Y VIVIENDAS<\/strong><\/p>\n<\/div>\n\n\n\n<div class=\"wp-block-column is-layout-flow wp-block-column-is-layout-flow\">\n<figure class=\"wp-block-image aligncenter size-full is-resized\"><img loading=\"lazy\" decoding=\"async\" width=\"740\" height=\"564\" src=\"https:\/\/proyectos.bannisterglobal.com\/abeconsa\/wp-content\/uploads\/2025\/02\/reformasyampliaciones.webp\" alt=\"\" class=\"wp-image-3322\" style=\"object-fit:contain;width:100px;height:80px\" srcset=\"https:\/\/proyectos.bannisterglobal.com\/abeconsa\/wp-content\/uploads\/2025\/02\/reformasyampliaciones.webp 740w, https:\/\/proyectos.bannisterglobal.com\/abeconsa\/wp-content\/uploads\/2025\/02\/reformasyampliaciones-300x229.webp 300w\" sizes=\"auto, (max-width: 740px) 100vw, 740px\" \/><\/figure>\n\n\n\n<p class=\"has-text-align-center\" style=\"margin-top:1rem;line-height:1.1\"><strong>REFORMAS Y<br>AMPLIACIONES<\/strong><\/p>\n<\/div>\n<\/div>\n\n\n\n<div style=\"height:4rem\" aria-hidden=\"true\" class=\"wp-block-spacer\"><\/div>\n\n\n\n<div class=\"wp-block-columns alignfull areas-bloqueanchocompleto-foto-texto has-background is-layout-flex wp-container-core-columns-is-layout-a5331a9e wp-block-columns-is-layout-flex\" style=\"background-color:#f2f5f7;padding-top:0;padding-right:0;padding-bottom:0;padding-left:0\">\n<div class=\"wp-block-column is-vertically-aligned-center is-layout-flow wp-block-column-is-layout-flow\">\n<figure class=\"wp-block-image aligncenter size-full\"><img loading=\"lazy\" decoding=\"async\" width=\"1024\" height=\"440\" src=\"https:\/\/proyectos.bannisterglobal.com\/abeconsa\/wp-content\/uploads\/2025\/03\/rehabilitacion-vivienda-unifamilar-virrey-osorio-recortada-1.webp\" alt=\"\" class=\"wp-image-3578\" srcset=\"https:\/\/proyectos.bannisterglobal.com\/abeconsa\/wp-content\/uploads\/2025\/03\/rehabilitacion-vivienda-unifamilar-virrey-osorio-recortada-1.webp 1024w, https:\/\/proyectos.bannisterglobal.com\/abeconsa\/wp-content\/uploads\/2025\/03\/rehabilitacion-vivienda-unifamilar-virrey-osorio-recortada-1-300x129.webp 300w, https:\/\/proyectos.bannisterglobal.com\/abeconsa\/wp-content\/uploads\/2025\/03\/rehabilitacion-vivienda-unifamilar-virrey-osorio-recortada-1-768x330.webp 768w\" sizes=\"auto, (max-width: 1024px) 100vw, 1024px\" \/><\/figure>\n<\/div>\n\n\n\n<div class=\"wp-block-column is-vertically-aligned-center is-layout-flow wp-block-column-is-layout-flow\" style=\"padding-top:var(--wp--preset--spacing--40);padding-right:var(--wp--preset--spacing--40);padding-bottom:var(--wp--preset--spacing--40);padding-left:var(--wp--preset--spacing--40)\">\n<p class=\"has-text-align-left\">Somos especialistas en rehabilitaci\u00f3n y reforma estructural de edificios antiguos, desde viviendas colectivas y unifamiliares, hasta edificaciones industriales y locales comerciales, pasando por equipamientos sociosanitarios (residencias de mayores), deportivos y educativos.&nbsp;<\/p>\n\n\n\n<p class=\"has-text-align-left\">Nuestro equipo de t\u00e9cnicos e ingenieros analiza los proyectos de los promotores y su equipo de arquitectura, colabora en toda la planificaci\u00f3n y ejecuta la obra hasta el \u00faltimo detalle.&nbsp;<\/p>\n\n\n\n<p class=\"has-text-align-left\">Transformamos cada espacio para mejorar su funcionalidad, est\u00e9tica y sostenibilidad, creando entornos que se adaptan a las necesidades de nuestros clientes. Nuestro equipo trabaja estrechamente con cada cliente para ofrecer soluciones personalizadas que maximicen el potencial de cada espacio.&nbsp;&nbsp;<\/p>\n<\/div>\n<\/div>\n\n\n\n<div style=\"height:4rem\" aria-hidden=\"true\" class=\"wp-block-spacer\"><\/div>\n\n\n\n<div class=\"wp-block-group has-background is-layout-constrained wp-container-core-group-is-layout-c3c21657 wp-block-group-is-layout-constrained\" style=\"background-color:#f2f5f7;padding-top:0;padding-right:3rem;padding-bottom:0;padding-left:3rem\">\n<div class=\"wp-block-columns bloque-centrado has-background is-layout-flex wp-container-core-columns-is-layout-d95261ae wp-block-columns-is-layout-flex\" style=\"background-color:#f2f5f7;padding-top:0;padding-right:0;padding-bottom:0;padding-left:0\">\n<div class=\"wp-block-column is-layout-flow wp-block-column-is-layout-flow\" style=\"padding-top:2rem;padding-right:0rem;padding-bottom:0;padding-left:0rem;flex-basis:100%\">\n<h2 class=\"wp-block-heading has-text-align-center rehabilitacion-h2-cta-vermas\" style=\"font-size:36px\">SERVICIOS DE MANTENIMIENTO<\/h2>\n<\/div>\n<\/div>\n\n\n\n<div class=\"wp-block-columns bloque-centrado is-layout-flex wp-container-core-columns-is-layout-28f84493 wp-block-columns-is-layout-flex\">\n<div class=\"wp-block-column is-layout-flow wp-block-column-is-layout-flow\" style=\"padding-bottom:1rem\">\n<p class=\"has-text-align-center\">Para prolongar al m\u00e1ximo la vida \u00fatil de los edificios y viviendas, es fundamental brindarle mantenimiento. En Abeconsa, ofrecemos nuestros servicios de mantenimiento integral y reparaci\u00f3n que permitir\u00e1n cuidar de los activos valiosos y brindar la tranquilidad a nuestros clientes posterior a la finalizaci\u00f3n de la rehabilitaci\u00f3n del espacio.<\/p>\n<\/div>\n<\/div>\n\n\n\n<div class=\"wp-block-columns bloque-centrado is-layout-flex wp-container-core-columns-is-layout-a5331a9e wp-block-columns-is-layout-flex\" style=\"padding-top:0;padding-right:0;padding-bottom:0;padding-left:0\">\n<div class=\"wp-block-column is-vertically-aligned-top is-layout-flow wp-block-column-is-layout-flow\" style=\"border-style:none;border-width:0px;padding-top:0;padding-right:0;padding-bottom:2rem;padding-left:0;flex-basis:50%\">\n<div class=\"wp-block-buttons is-layout-flex wp-block-buttons-is-layout-flex\">\n<div class=\"wp-block-button has-custom-width wp-block-button__width-100 botonfake3\"><a class=\"wp-block-button__link has-ast-global-color-5-color has-text-color has-background has-link-color has-custom-font-size wp-element-button\" href=\"https:\/\/proyectos.bannisterglobal.com\/abeconsa\/obras\/?categoria=mantenimiento\" style=\"border-style:none;border-width:0px;border-radius:0px;background-color:#aa2740;padding-top:0.8rem;padding-bottom:0.8rem;font-size:18px\">VER M\u00c1S<\/a><\/div>\n<\/div>\n<\/div>\n<\/div>\n<\/div>\n\n\n\n<div style=\"height:4rem\" aria-hidden=\"true\" class=\"wp-block-spacer\"><\/div>\n\n\n\n<h2 class=\"wp-block-heading has-text-align-center\" style=\"margin-bottom:0\">NUESTROS PROYECTOS DE REHABILITACI\u00d3N<\/h2>\n\n\n\n<div style=\"height:2rem\" aria-hidden=\"true\" class=\"wp-block-spacer\"><\/div>\n\n\n\n<div data-aos= \"fade-right\" data-aos-duration=\"400\" data-aos-delay=\"0\" data-aos-easing=\"ease\" data-aos-once=\"true\" class=\"wp-block-uagb-container uagb-block-6002f3bf alignfull uagb-is-root-container\"><div class=\"uagb-container-inner-blocks-wrap\">\n<div class=\"wp-block-uagb-container uagb-block-0bf1daa0\">\n<div class=\"wp-block-essential-blocks-flipbox  root-eb-flipbox-5g21v\"><div class=\"eb-parent-wrapper eb-parent-eb-flipbox-5g21v \"><div class=\"eb-flipbox-container eb-flipbox-5g21v eb-flipbox-align-center eb-hover-mode\" data-id=\"eb-flipbox-5g21v\" data-flip-type=\"flip-left\" data-flip-mode=\"hover\"><div class=\"eb-flipper flip-left\"><div class=\"eb-flipbox-front\"><div class=\"eb-flipbox-items-container\"><\/div><\/div><div class=\"eb-flipbox-back\"><div class=\"eb-flipbox-items-container\"><div class=\"eb-flipbox-back-content-wrapper\"><p class=\"eb-flipbox-back-content\">Rehabilitaci\u00f3n de un edificio de 5 viviendas en A Coru\u00f1a<\/p><\/div><div class=\"eb-flipbox-button-container\"><a class=\"eb-flipbox-button-link \" href=\"https:\/\/proyectos.bannisterglobal.com\/abeconsa\/obra\/rehabilitacion-de-un-edificio-de-5-viviendas-en-a-coruna\/\" target=\"_self\" rel=\"noopener\"><div class=\"eb-flipbox-button-content\"><span><\/span><span class=\"dashicon dashicons dashicons-plus-alt eb-flipbox-button-icon\"><\/span><\/div><\/a><\/div><\/div><\/div><\/div><\/div><\/div><\/div>\n<\/div>\n\n\n\n<div class=\"wp-block-uagb-container uagb-block-71a309d0\">\n<div class=\"wp-block-essential-blocks-flipbox  root-eb-flipbox-fxt76\"><div class=\"eb-parent-wrapper eb-parent-eb-flipbox-fxt76 \"><div class=\"eb-flipbox-container eb-flipbox-fxt76 eb-flipbox-align-center eb-hover-mode\" data-id=\"eb-flipbox-fxt76\" data-flip-type=\"flip-left\" data-flip-mode=\"hover\"><div class=\"eb-flipper flip-left\"><div class=\"eb-flipbox-front\"><div class=\"eb-flipbox-items-container\"><\/div><\/div><div class=\"eb-flipbox-back\"><div class=\"eb-flipbox-items-container\"><div class=\"eb-flipbox-back-content-wrapper\"><p class=\"eb-flipbox-back-content\">Rehabilitaci\u00f3n de residencia de mayores en Oleiros, A Coru\u00f1a<\/p><\/div><div class=\"eb-flipbox-button-container\"><a class=\"eb-flipbox-button-link \" href=\"https:\/\/proyectos.bannisterglobal.com\/abeconsa\/obra\/rehabilitacion-de-residencia-de-mayores-en-oleiros\/\" target=\"_self\" rel=\"noopener\"><div class=\"eb-flipbox-button-content\"><span><\/span><span class=\"dashicon dashicons dashicons-plus-alt eb-flipbox-button-icon\"><\/span><\/div><\/a><\/div><\/div><\/div><\/div><\/div><\/div><\/div>\n<\/div>\n\n\n\n<div class=\"wp-block-uagb-container uagb-block-b27883e4\">\n<div class=\"wp-block-essential-blocks-flipbox  root-eb-flipbox-huk07\"><div class=\"eb-parent-wrapper eb-parent-eb-flipbox-huk07 \"><div class=\"eb-flipbox-container eb-flipbox-huk07 eb-flipbox-align-center eb-hover-mode\" data-id=\"eb-flipbox-huk07\" data-flip-type=\"flip-left\" data-flip-mode=\"hover\"><div class=\"eb-flipper flip-left\"><div class=\"eb-flipbox-front\"><div class=\"eb-flipbox-items-container\"><\/div><\/div><div class=\"eb-flipbox-back\"><div class=\"eb-flipbox-items-container\"><div class=\"eb-flipbox-back-content-wrapper\"><p class=\"eb-flipbox-back-content\">Rehabilitaci\u00f3n de edificio de viviendas en Calle Alfredo Vicenti, A Coru\u00f1a<\/p><\/div><div class=\"eb-flipbox-button-container\"><a class=\"eb-flipbox-button-link \" href=\"https:\/\/proyectos.bannisterglobal.com\/abeconsa\/obra\/rehabilitacion-de-edificio-de-viviendas-en-a-coruna\/\" target=\"_self\" rel=\"noopener\"><div class=\"eb-flipbox-button-content\"><span><\/span><span class=\"dashicon dashicons dashicons-plus-alt eb-flipbox-button-icon\"><\/span><\/div><\/a><\/div><\/div><\/div><\/div><\/div><\/div><\/div>\n<\/div>\n<\/div><\/div>\n\n\n\n<div data-aos= \"fade-right\" data-aos-duration=\"400\" data-aos-delay=\"0\" data-aos-easing=\"ease\" data-aos-once=\"true\" class=\"wp-block-uagb-container uagb-block-fd23d81c alignfull uagb-is-root-container\"><div class=\"uagb-container-inner-blocks-wrap\">\n<div class=\"wp-block-uagb-container uagb-block-96f0f22e\">\n<div class=\"wp-block-essential-blocks-flipbox  root-eb-flipbox-35bfj\"><div class=\"eb-parent-wrapper eb-parent-eb-flipbox-35bfj \"><div class=\"eb-flipbox-container eb-flipbox-35bfj eb-flipbox-align-center eb-hover-mode\" data-id=\"eb-flipbox-35bfj\" data-flip-type=\"flip-left\" data-flip-mode=\"hover\"><div class=\"eb-flipper flip-left\"><div class=\"eb-flipbox-front\"><div class=\"eb-flipbox-items-container\"><\/div><\/div><div class=\"eb-flipbox-back\"><div class=\"eb-flipbox-items-container\"><div class=\"eb-flipbox-back-content-wrapper\"><p class=\"eb-flipbox-back-content\">Reforma de residencia de mayores en Vigo<\/p><\/div><div class=\"eb-flipbox-button-container\"><a class=\"eb-flipbox-button-link \" href=\"https:\/\/proyectos.bannisterglobal.com\/abeconsa\/obra\/rehabilitacion-integral-del-mercado-de-adormideras-en-a-coruna\/\" target=\"_self\" rel=\"noopener\"><div class=\"eb-flipbox-button-content\"><span><\/span><span class=\"dashicon dashicons dashicons-plus-alt eb-flipbox-button-icon\"><\/span><\/div><\/a><\/div><\/div><\/div><\/div><\/div><\/div><\/div>\n<\/div>\n\n\n\n<div class=\"wp-block-uagb-container uagb-block-f5eb77d8\">\n<div class=\"wp-block-essential-blocks-flipbox  root-eb-flipbox-qvn5z\"><div class=\"eb-parent-wrapper eb-parent-eb-flipbox-qvn5z \"><div class=\"eb-flipbox-container eb-flipbox-qvn5z eb-flipbox-align-center eb-hover-mode\" data-id=\"eb-flipbox-qvn5z\" data-flip-type=\"flip-left\" data-flip-mode=\"hover\"><div class=\"eb-flipper flip-left\"><div class=\"eb-flipbox-front\"><div class=\"eb-flipbox-items-container\"><\/div><\/div><div class=\"eb-flipbox-back\"><div class=\"eb-flipbox-items-container\"><div class=\"eb-flipbox-back-content-wrapper\"><p class=\"eb-flipbox-back-content\">Reforma de residencia de mayores en Vigo<\/p><\/div><div class=\"eb-flipbox-button-container\"><a class=\"eb-flipbox-button-link \" href=\"https:\/\/proyectos.bannisterglobal.com\/abeconsa\/obra\/reforma-de-residencia-de-mayores-en-vigo\/\" target=\"_self\" rel=\"noopener\"><div class=\"eb-flipbox-button-content\"><span><\/span><span class=\"dashicon dashicons dashicons-plus-alt eb-flipbox-button-icon\"><\/span><\/div><\/a><\/div><\/div><\/div><\/div><\/div><\/div><\/div>\n<\/div>\n\n\n\n<div class=\"wp-block-uagb-container uagb-block-70c9c52c\">\n<div class=\"wp-block-essential-blocks-flipbox  root-eb-flipbox-dpdzx\"><div class=\"eb-parent-wrapper eb-parent-eb-flipbox-dpdzx \"><div class=\"eb-flipbox-container eb-flipbox-dpdzx eb-flipbox-align-center eb-hover-mode\" data-id=\"eb-flipbox-dpdzx\" data-flip-type=\"flip-left\" data-flip-mode=\"hover\"><div class=\"eb-flipper flip-left\"><div class=\"eb-flipbox-front\"><div class=\"eb-flipbox-items-container\"><\/div><\/div><div class=\"eb-flipbox-back\"><div class=\"eb-flipbox-items-container\"><div class=\"eb-flipbox-back-content-wrapper\"><p class=\"eb-flipbox-back-content\">Reforma para espacio de oficinas en Oleiros<\/p><\/div><div class=\"eb-flipbox-button-container\"><a class=\"eb-flipbox-button-link \" href=\"https:\/\/proyectos.bannisterglobal.com\/abeconsa\/obra\/reforma-de-espacio-para-oficinas-en-oleiros\/\" target=\"_self\" rel=\"noopener\"><div class=\"eb-flipbox-button-content\"><span><\/span><span class=\"dashicon dashicons dashicons-plus-alt eb-flipbox-button-icon\"><\/span><\/div><\/a><\/div><\/div><\/div><\/div><\/div><\/div><\/div>\n<\/div>\n<\/div><\/div>\n\n\n\n<div style=\"height:4rem\" aria-hidden=\"true\" class=\"wp-block-spacer\"><\/div>\n\n\n\n<div class=\"wp-block-buttons is-layout-flex wp-container-core-buttons-is-layout-cd1ef375 wp-block-buttons-is-layout-flex\" style=\"margin-top:0;margin-bottom:0\">\n<div class=\"wp-block-button botonfake3\"><a class=\"wp-block-button__link has-ast-global-color-5-color has-text-color has-background has-link-color has-text-align-left has-custom-font-size wp-element-button\" href=\"https:\/\/proyectos.bannisterglobal.com\/abeconsa\/obras\/?categoria=rehabilitacion\" style=\"border-style:none;border-width:0px;border-radius:0px;background-color:#aa2740;padding-top:0.8rem;padding-right:var(--wp--preset--spacing--30);padding-bottom:0.8rem;padding-left:var(--wp--preset--spacing--30);font-size:18px\">VER M\u00c1S PROYECTOS DE REHABILITACI\u00d3N<\/a><\/div>\n<\/div>\n\n\n\n<div style=\"height:4rem\" aria-hidden=\"true\" class=\"wp-block-spacer\"><\/div>\n\n\n\n<div class=\"wp-block-cover alignfull is-light banner-boton-giratorio\" style=\"min-height:298px;aspect-ratio:unset;\"><img loading=\"lazy\" decoding=\"async\" width=\"1852\" height=\"441\" class=\"wp-block-cover__image-background wp-image-2350\" alt=\"\" src=\"https:\/\/proyectos.bannisterglobal.com\/abeconsa\/wp-content\/uploads\/2024\/11\/talento-banner-unete-v3.webp\" data-object-fit=\"cover\" srcset=\"https:\/\/proyectos.bannisterglobal.com\/abeconsa\/wp-content\/uploads\/2024\/11\/talento-banner-unete-v3.webp 1852w, https:\/\/proyectos.bannisterglobal.com\/abeconsa\/wp-content\/uploads\/2024\/11\/talento-banner-unete-v3-300x71.webp 300w, https:\/\/proyectos.bannisterglobal.com\/abeconsa\/wp-content\/uploads\/2024\/11\/talento-banner-unete-v3-1024x244.webp 1024w, https:\/\/proyectos.bannisterglobal.com\/abeconsa\/wp-content\/uploads\/2024\/11\/talento-banner-unete-v3-768x183.webp 768w, https:\/\/proyectos.bannisterglobal.com\/abeconsa\/wp-content\/uploads\/2024\/11\/talento-banner-unete-v3-1536x366.webp 1536w\" sizes=\"auto, (max-width: 1852px) 100vw, 1852px\" \/><span aria-hidden=\"true\" class=\"wp-block-cover__background has-background-dim-30 has-background-dim\" style=\"background-color:#acb0b4\"><\/span><div class=\"wp-block-cover__inner-container is-layout-constrained wp-block-cover-is-layout-constrained\">\n<div class=\"wp-block-columns is-layout-flex wp-container-core-columns-is-layout-28f84493 wp-block-columns-is-layout-flex\">\n<div class=\"wp-block-column is-layout-flow wp-block-column-is-layout-flow\" style=\"flex-basis:70%\">\n<h2 class=\"wp-block-heading\" style=\"padding-right:0;padding-left:0;font-size:40px;line-height:1.1\">ESTAMOS PREPARADOS PARA HACER <br>REALIDAD TU PR\u00d3XIMO PROYECTO DE <br><mark style=\"background-color:rgba(0, 0, 0, 0);color:#aa2740\" class=\"has-inline-color\">REHABILITACI\u00d3N<\/mark><\/h2>\n<\/div>\n\n\n\n<div class=\"wp-block-column area-contenedor-texto-cirular is-content-justification-right is-layout-constrained wp-container-core-column-is-layout-d57b5e87 wp-block-column-is-layout-constrained\" style=\"padding-top:0;padding-right:0;padding-bottom:0;padding-left:0\">\n<figure class=\"wp-block-image size-full texto-circular-contacta\"><a href=\"https:\/\/proyectos.bannisterglobal.com\/abeconsa\/contacto\/\"><img loading=\"lazy\" decoding=\"async\" width=\"200\" height=\"200\" src=\"https:\/\/proyectos.bannisterglobal.com\/abeconsa\/wp-content\/uploads\/2024\/10\/abeconsa-texto-circular-contacta-con-nuestro-equipo-v4.png\" alt=\"\" class=\"wp-image-1828\" style=\"object-fit:cover\" srcset=\"https:\/\/proyectos.bannisterglobal.com\/abeconsa\/wp-content\/uploads\/2024\/10\/abeconsa-texto-circular-contacta-con-nuestro-equipo-v4.png 200w, https:\/\/proyectos.bannisterglobal.com\/abeconsa\/wp-content\/uploads\/2024\/10\/abeconsa-texto-circular-contacta-con-nuestro-equipo-v4-150x150.png 150w\" sizes=\"auto, (max-width: 200px) 100vw, 200px\" \/><\/a><\/figure>\n<\/div>\n<\/div>\n<\/div><\/div>\n","protected":false},"excerpt":{"rendered":"<p>Rehabilitar un edificio o adaptar una estructura antigua a nuevos usos y reglamentaciones es un reto para sus promotores. En [&hellip;]<\/p>\n","protected":false},"author":1,"featured_media":0,"parent":0,"menu_order":0,"comment_status":"closed","ping_status":"closed","template":"","meta":{"_acf_changed":false,"_eb_attr":"","_uag_custom_page_level_css":"","site-sidebar-layout":"default","site-content-layout":"","ast-site-content-layout":"","site-content-style":"default","site-sidebar-style":"default","ast-global-header-display":"","ast-banner-title-visibility":"","ast-main-header-display":"","ast-hfb-above-header-display":"","ast-hfb-below-header-display":"","ast-hfb-mobile-header-display":"","site-post-title":"disabled","ast-breadcrumbs-content":"","ast-featured-img":"","footer-sml-layout":"","ast-disable-related-posts":"","theme-transparent-header-meta":"","adv-header-id-meta":"","stick-header-meta":"","header-above-stick-meta":"","header-main-stick-meta":"","header-below-stick-meta":"","astra-migrate-meta-layouts":"default","ast-page-background-enabled":"default","ast-page-background-meta":{"desktop":{"background-color":"var(--ast-global-color-4)","background-image":"","background-repeat":"repeat","background-position":"center center","background-size":"auto","background-attachment":"scroll","background-type":"","background-media":"","overlay-type":"","overlay-color":"","overlay-opacity":"","overlay-gradient":""},"tablet":{"background-color":"","background-image":"","background-repeat":"repeat","background-position":"center center","background-size":"auto","background-attachment":"scroll","background-type":"","background-media":"","overlay-type":"","overlay-color":"","overlay-opacity":"","overlay-gradient":""},"mobile":{"background-color":"","background-image":"","background-repeat":"repeat","background-position":"center center","background-size":"auto","background-attachment":"scroll","background-type":"","background-media":"","overlay-type":"","overlay-color":"","overlay-opacity":"","overlay-gradient":""}},"ast-content-background-meta":{"desktop":{"background-color":"var(--ast-global-color-5)","background-image":"","background-repeat":"repeat","background-position":"center center","background-size":"auto","background-attachment":"scroll","background-type":"","background-media":"","overlay-type":"","overlay-color":"","overlay-opacity":"","overlay-gradient":""},"tablet":{"background-color":"var(--ast-global-color-5)","background-image":"","background-repeat":"repeat","background-position":"center center","background-size":"auto","background-attachment":"scroll","background-type":"","background-media":"","overlay-type":"","overlay-color":"","overlay-opacity":"","overlay-gradient":""},"mobile":{"background-color":"var(--ast-global-color-5)","background-image":"","background-repeat":"repeat","background-position":"center center","background-size":"auto","background-attachment":"scroll","background-type":"","background-media":"","overlay-type":"","overlay-color":"","overlay-opacity":"","overlay-gradient":""}},"footnotes":""},"class_list":["post-363","page","type-page","status-publish","hentry"],"acf":[],"uagb_featured_image_src":{"full":false,"thumbnail":false,"medium":false,"medium_large":false,"large":false,"1536x1536":false,"2048x2048":false,"ultp_layout_landscape_large":false,"ultp_layout_landscape":false,"ultp_layout_portrait":false,"ultp_layout_square":false},"uagb_author_info":{"display_name":"bgadmin","author_link":"https:\/\/proyectos.bannisterglobal.com\/abeconsa\/author\/bgadmin\/"},"uagb_comment_info":0,"uagb_excerpt":"Rehabilitar un edificio o adaptar una estructura antigua a nuevos usos y reglamentaciones es un reto para sus promotores. En [&hellip;]","_links":{"self":[{"href":"https:\/\/proyectos.bannisterglobal.com\/abeconsa\/wp-json\/wp\/v2\/pages\/363","targetHints":{"allow":["GET"]}}],"collection":[{"href":"https:\/\/proyectos.bannisterglobal.com\/abeconsa\/wp-json\/wp\/v2\/pages"}],"about":[{"href":"https:\/\/proyectos.bannisterglobal.com\/abeconsa\/wp-json\/wp\/v2\/types\/page"}],"author":[{"embeddable":true,"href":"https:\/\/proyectos.bannisterglobal.com\/abeconsa\/wp-json\/wp\/v2\/users\/1"}],"replies":[{"embeddable":true,"href":"https:\/\/proyectos.bannisterglobal.com\/abeconsa\/wp-json\/wp\/v2\/comments?post=363"}],"version-history":[{"count":62,"href":"https:\/\/proyectos.bannisterglobal.com\/abeconsa\/wp-json\/wp\/v2\/pages\/363\/revisions"}],"predecessor-version":[{"id":4649,"href":"https:\/\/proyectos.bannisterglobal.com\/abeconsa\/wp-json\/wp\/v2\/pages\/363\/revisions\/4649"}],"wp:attachment":[{"href":"https:\/\/proyectos.bannisterglobal.com\/abeconsa\/wp-json\/wp\/v2\/media?parent=363"}],"curies":[{"name":"wp","href":"https:\/\/api.w.org\/{rel}","templated":true}]}}