{"id":370,"date":"2024-10-17T09:23:49","date_gmt":"2024-10-17T07:23:49","guid":{"rendered":"https:\/\/proyectos.bannisterglobal.com\/abeconsa\/?page_id=370"},"modified":"2025-03-20T12:15:24","modified_gmt":"2025-03-20T11:15:24","slug":"mantenimiento-y-reparaciones-de-edificios","status":"publish","type":"page","link":"https:\/\/proyectos.bannisterglobal.com\/abeconsa\/mantenimiento-y-reparaciones-de-edificios\/","title":{"rendered":"Mantenimiento y reparaciones de edificios"},"content":{"rendered":"\n<div class=\"wp-block-cover alignfull is-light home-banner-video\" style=\"padding-top:0;padding-bottom:0;min-height:678px;aspect-ratio:unset;\"><span aria-hidden=\"true\" class=\"wp-block-cover__background has-background-dim-20 has-background-dim\" style=\"background-color:#172a3a\"><\/span><img loading=\"lazy\" decoding=\"async\" width=\"2560\" height=\"1707\" class=\"wp-block-cover__image-background wp-image-3377\" alt=\"\" src=\"https:\/\/proyectos.bannisterglobal.com\/abeconsa\/wp-content\/uploads\/2025\/02\/banner-mantenimiento-2-scaled.webp\" style=\"object-position:54% 91%\" data-object-fit=\"cover\" data-object-position=\"54% 91%\" srcset=\"https:\/\/proyectos.bannisterglobal.com\/abeconsa\/wp-content\/uploads\/2025\/02\/banner-mantenimiento-2-scaled.webp 2560w, https:\/\/proyectos.bannisterglobal.com\/abeconsa\/wp-content\/uploads\/2025\/02\/banner-mantenimiento-2-300x200.webp 300w, https:\/\/proyectos.bannisterglobal.com\/abeconsa\/wp-content\/uploads\/2025\/02\/banner-mantenimiento-2-1024x683.webp 1024w, https:\/\/proyectos.bannisterglobal.com\/abeconsa\/wp-content\/uploads\/2025\/02\/banner-mantenimiento-2-768x512.webp 768w, https:\/\/proyectos.bannisterglobal.com\/abeconsa\/wp-content\/uploads\/2025\/02\/banner-mantenimiento-2-1536x1024.webp 1536w, https:\/\/proyectos.bannisterglobal.com\/abeconsa\/wp-content\/uploads\/2025\/02\/banner-mantenimiento-2-2048x1365.webp 2048w, https:\/\/proyectos.bannisterglobal.com\/abeconsa\/wp-content\/uploads\/2025\/02\/banner-mantenimiento-2-1200x800.webp 1200w\" sizes=\"auto, (max-width: 2560px) 100vw, 2560px\" \/><div class=\"wp-block-cover__inner-container is-layout-constrained wp-block-cover-is-layout-constrained\">\n<div class=\"wp-block-group is-layout-constrained wp-block-group-is-layout-constrained\">\n<section\n  class=\"texto-banner-video-home\"\n  style=\"width: 100% !important; max-width: 2000px !important;\"\n>\n  <h1 style=\"font-size: 80px; color: #ffffff !important; line-height: 80px; font-weight: 900 !important\">\n    <span style=\"font-size: 100px\">MANTENIMIENTO <\/span><br>INDUSTRIAL Y RETAIL\n  <\/h1>\n<\/section>\n<\/div>\n<\/div><\/div>\n\n\n\n<div style=\"height:4rem\" aria-hidden=\"true\" class=\"wp-block-spacer\"><\/div>\n\n\n\n<p class=\"has-text-align-center areas-texto-postbanner\" style=\"margin-bottom:0;padding-right:80px;padding-left:80px\"><em>Ofrecemos servicios de mantenimiento preventivo y correctivo para instalaciones industriales, centros comerciales y centros educativos en Galicia. Nuestro equipo altamente cualificado, polivalente y con experiencia, garantiza trabajos de calidad dentro de los plazos establecidos.<br><\/em><\/p>\n\n\n\n<div style=\"height:4rem\" aria-hidden=\"true\" class=\"wp-block-spacer\"><\/div>\n\n\n\n<div class=\"wp-block-columns is-layout-flex wp-container-core-columns-is-layout-ec2e7a44 wp-block-columns-is-layout-flex\" style=\"padding-top:0;padding-bottom:0\">\n<div class=\"wp-block-column is-layout-flow wp-block-column-is-layout-flow\">\n<figure class=\"wp-block-image aligncenter size-full is-resized\"><img loading=\"lazy\" decoding=\"async\" width=\"479\" height=\"478\" src=\"https:\/\/proyectos.bannisterglobal.com\/abeconsa\/wp-content\/uploads\/2025\/02\/mantenimiento-preventivo.webp\" alt=\"\" class=\"wp-image-3329\" style=\"object-fit:contain;width:100px;height:80px\" srcset=\"https:\/\/proyectos.bannisterglobal.com\/abeconsa\/wp-content\/uploads\/2025\/02\/mantenimiento-preventivo.webp 479w, https:\/\/proyectos.bannisterglobal.com\/abeconsa\/wp-content\/uploads\/2025\/02\/mantenimiento-preventivo-300x300.webp 300w, https:\/\/proyectos.bannisterglobal.com\/abeconsa\/wp-content\/uploads\/2025\/02\/mantenimiento-preventivo-150x150.webp 150w\" sizes=\"auto, (max-width: 479px) 100vw, 479px\" \/><\/figure>\n\n\n\n<p class=\"has-text-align-center\" style=\"margin-top:1rem;line-height:1.1\"><strong>MANTENIMIENTO<br>PREVENTIVO<\/strong><\/p>\n<\/div>\n\n\n\n<div class=\"wp-block-column is-layout-flow wp-block-column-is-layout-flow\">\n<figure class=\"wp-block-image aligncenter size-full is-resized\"><img loading=\"lazy\" decoding=\"async\" width=\"459\" height=\"458\" src=\"https:\/\/proyectos.bannisterglobal.com\/abeconsa\/wp-content\/uploads\/2025\/02\/mantenimiento-correctivo.webp\" alt=\"\" class=\"wp-image-3328\" style=\"object-fit:contain;width:100px;height:80px\" srcset=\"https:\/\/proyectos.bannisterglobal.com\/abeconsa\/wp-content\/uploads\/2025\/02\/mantenimiento-correctivo.webp 459w, https:\/\/proyectos.bannisterglobal.com\/abeconsa\/wp-content\/uploads\/2025\/02\/mantenimiento-correctivo-300x300.webp 300w, https:\/\/proyectos.bannisterglobal.com\/abeconsa\/wp-content\/uploads\/2025\/02\/mantenimiento-correctivo-150x150.webp 150w\" sizes=\"auto, (max-width: 459px) 100vw, 459px\" \/><\/figure>\n\n\n\n<p class=\"has-text-align-center\" style=\"margin-top:1rem;line-height:1.1\"><strong>MANTENIMIENTO<br>CORRECTIVO<\/strong><\/p>\n<\/div>\n<\/div>\n\n\n\n<div style=\"height:4rem\" aria-hidden=\"true\" class=\"wp-block-spacer\"><\/div>\n\n\n\n<div class=\"wp-block-columns alignfull areas-bloqueanchocompleto-foto-texto has-background is-layout-flex wp-container-core-columns-is-layout-bafe187a wp-block-columns-is-layout-flex\" style=\"background-color:#f2f5f7;padding-top:0;padding-bottom:0;padding-left:0\">\n<div class=\"wp-block-column is-vertically-aligned-center is-layout-flow wp-block-column-is-layout-flow\">\n<figure class=\"wp-block-image aligncenter size-full\"><img loading=\"lazy\" decoding=\"async\" width=\"2560\" height=\"1706\" src=\"https:\/\/proyectos.bannisterglobal.com\/abeconsa\/wp-content\/uploads\/2025\/02\/abeconsa-mantenimineto-2-scaled.webp\" alt=\"\" class=\"wp-image-3375\" srcset=\"https:\/\/proyectos.bannisterglobal.com\/abeconsa\/wp-content\/uploads\/2025\/02\/abeconsa-mantenimineto-2-scaled.webp 2560w, https:\/\/proyectos.bannisterglobal.com\/abeconsa\/wp-content\/uploads\/2025\/02\/abeconsa-mantenimineto-2-300x200.webp 300w, https:\/\/proyectos.bannisterglobal.com\/abeconsa\/wp-content\/uploads\/2025\/02\/abeconsa-mantenimineto-2-1024x683.webp 1024w, https:\/\/proyectos.bannisterglobal.com\/abeconsa\/wp-content\/uploads\/2025\/02\/abeconsa-mantenimineto-2-768x512.webp 768w, https:\/\/proyectos.bannisterglobal.com\/abeconsa\/wp-content\/uploads\/2025\/02\/abeconsa-mantenimineto-2-1536x1024.webp 1536w, https:\/\/proyectos.bannisterglobal.com\/abeconsa\/wp-content\/uploads\/2025\/02\/abeconsa-mantenimineto-2-2048x1365.webp 2048w, https:\/\/proyectos.bannisterglobal.com\/abeconsa\/wp-content\/uploads\/2025\/02\/abeconsa-mantenimineto-2-1200x800.webp 1200w\" sizes=\"auto, (max-width: 2560px) 100vw, 2560px\" \/><\/figure>\n<\/div>\n\n\n\n<div class=\"wp-block-column is-vertically-aligned-center is-layout-flow wp-block-column-is-layout-flow\" style=\"padding-top:var(--wp--preset--spacing--40);padding-right:var(--wp--preset--spacing--40);padding-bottom:var(--wp--preset--spacing--40);padding-left:var(--wp--preset--spacing--40)\">\n<p class=\"has-text-align-left\">Los gestores de edificios de uso p\u00fablico y de espacios de trabajo se enfrentan al reto de mantener la operativa ordinaria de acuerdo con su planificaci\u00f3n. Una aver\u00eda, una rotura o una interrupci\u00f3n pueden suponer p\u00e9rdidas importantes.&nbsp;<\/p>\n\n\n\n<p class=\"has-text-align-left\">En Abeconsa tenemos soluciones espec\u00edficas y servicios personalizados para mantenimiento y reparaciones en funci\u00f3n de la actividad y el alcance de cada empresa.&nbsp;<\/p>\n\n\n\n<p>Desde peque\u00f1as reparaciones a un servicio de mantenimiento completo, trabajamos con un equipo especializado propio (alba\u00f1iler\u00eda, electricidad, pintura, fontaner\u00eda, carpinter\u00eda&#8230;) que asegura la calidad y la m\u00e1xima eficiencia en cada trabajo. Nos adaptamos a las necesidades de cada cliente, garantizando una actuaci\u00f3n r\u00e1pida y eficaz en todo momento.&nbsp;&nbsp;<\/p>\n<\/div>\n<\/div>\n\n\n\n<div style=\"height:4rem\" aria-hidden=\"true\" class=\"wp-block-spacer\"><\/div>\n\n\n\n<div class=\"wp-block-cover alignfull is-light banner-boton-giratorio\" style=\"min-height:298px;aspect-ratio:unset;\"><span aria-hidden=\"true\" class=\"wp-block-cover__background has-background-dim-30 has-background-dim\" style=\"background-color:#acb0b4\"><\/span><img loading=\"lazy\" decoding=\"async\" width=\"1852\" height=\"441\" class=\"wp-block-cover__image-background wp-image-2350\" alt=\"\" src=\"https:\/\/proyectos.bannisterglobal.com\/abeconsa\/wp-content\/uploads\/2024\/11\/talento-banner-unete-v3.webp\" data-object-fit=\"cover\" srcset=\"https:\/\/proyectos.bannisterglobal.com\/abeconsa\/wp-content\/uploads\/2024\/11\/talento-banner-unete-v3.webp 1852w, https:\/\/proyectos.bannisterglobal.com\/abeconsa\/wp-content\/uploads\/2024\/11\/talento-banner-unete-v3-300x71.webp 300w, https:\/\/proyectos.bannisterglobal.com\/abeconsa\/wp-content\/uploads\/2024\/11\/talento-banner-unete-v3-1024x244.webp 1024w, https:\/\/proyectos.bannisterglobal.com\/abeconsa\/wp-content\/uploads\/2024\/11\/talento-banner-unete-v3-768x183.webp 768w, https:\/\/proyectos.bannisterglobal.com\/abeconsa\/wp-content\/uploads\/2024\/11\/talento-banner-unete-v3-1536x366.webp 1536w\" sizes=\"auto, (max-width: 1852px) 100vw, 1852px\" \/><div class=\"wp-block-cover__inner-container is-layout-constrained wp-block-cover-is-layout-constrained\">\n<div class=\"wp-block-columns is-layout-flex wp-container-core-columns-is-layout-28f84493 wp-block-columns-is-layout-flex\">\n<div class=\"wp-block-column is-vertically-aligned-center is-layout-flow wp-block-column-is-layout-flow\" style=\"flex-basis:70%\">\n<h2 class=\"wp-block-heading\" style=\"padding-right:0;padding-left:0;font-size:40px;line-height:1.1\">CONOCE NUESTRO SERVICIO DE <br><mark style=\"background-color:rgba(0, 0, 0, 0);color:#aa2740\" class=\"has-inline-color\">MANTENIMIENTO DE EDIFICIOS<\/mark><\/h2>\n<\/div>\n\n\n\n<div class=\"wp-block-column area-contenedor-texto-cirular is-content-justification-right is-layout-constrained wp-container-core-column-is-layout-d57b5e87 wp-block-column-is-layout-constrained\" style=\"padding-top:0;padding-right:0;padding-bottom:0;padding-left:0\">\n<figure class=\"wp-block-image size-full texto-circular-contacta\"><a href=\"https:\/\/proyectos.bannisterglobal.com\/abeconsa\/contacto\/\"><img loading=\"lazy\" decoding=\"async\" width=\"200\" height=\"200\" src=\"https:\/\/proyectos.bannisterglobal.com\/abeconsa\/wp-content\/uploads\/2024\/10\/abeconsa-texto-circular-contacta-con-nuestro-equipo-v4.png\" alt=\"\" class=\"wp-image-1828\" style=\"object-fit:cover\" srcset=\"https:\/\/proyectos.bannisterglobal.com\/abeconsa\/wp-content\/uploads\/2024\/10\/abeconsa-texto-circular-contacta-con-nuestro-equipo-v4.png 200w, https:\/\/proyectos.bannisterglobal.com\/abeconsa\/wp-content\/uploads\/2024\/10\/abeconsa-texto-circular-contacta-con-nuestro-equipo-v4-150x150.png 150w\" sizes=\"auto, (max-width: 200px) 100vw, 200px\" \/><\/a><\/figure>\n<\/div>\n<\/div>\n<\/div><\/div>\n","protected":false},"excerpt":{"rendered":"<p>Ofrecemos servicios de mantenimiento preventivo y correctivo para instalaciones industriales, centros comerciales y centros educativos en Galicia. Nuestro equipo altamente [&hellip;]<\/p>\n","protected":false},"author":1,"featured_media":0,"parent":0,"menu_order":0,"comment_status":"closed","ping_status":"closed","template":"","meta":{"_acf_changed":false,"_eb_attr":"","_uag_custom_page_level_css":"","site-sidebar-layout":"default","site-content-layout":"","ast-site-content-layout":"","site-content-style":"default","site-sidebar-style":"default","ast-global-header-display":"","ast-banner-title-visibility":"","ast-main-header-display":"","ast-hfb-above-header-display":"","ast-hfb-below-header-display":"","ast-hfb-mobile-header-display":"","site-post-title":"disabled","ast-breadcrumbs-content":"","ast-featured-img":"","footer-sml-layout":"","ast-disable-related-posts":"","theme-transparent-header-meta":"","adv-header-id-meta":"","stick-header-meta":"","header-above-stick-meta":"","header-main-stick-meta":"","header-below-stick-meta":"","astra-migrate-meta-layouts":"default","ast-page-background-enabled":"default","ast-page-background-meta":{"desktop":{"background-color":"var(--ast-global-color-4)","background-image":"","background-repeat":"repeat","background-position":"center center","background-size":"auto","background-attachment":"scroll","background-type":"","background-media":"","overlay-type":"","overlay-color":"","overlay-opacity":"","overlay-gradient":""},"tablet":{"background-color":"","background-image":"","background-repeat":"repeat","background-position":"center center","background-size":"auto","background-attachment":"scroll","background-type":"","background-media":"","overlay-type":"","overlay-color":"","overlay-opacity":"","overlay-gradient":""},"mobile":{"background-color":"","background-image":"","background-repeat":"repeat","background-position":"center center","background-size":"auto","background-attachment":"scroll","background-type":"","background-media":"","overlay-type":"","overlay-color":"","overlay-opacity":"","overlay-gradient":""}},"ast-content-background-meta":{"desktop":{"background-color":"var(--ast-global-color-5)","background-image":"","background-repeat":"repeat","background-position":"center center","background-size":"auto","background-attachment":"scroll","background-type":"","background-media":"","overlay-type":"","overlay-color":"","overlay-opacity":"","overlay-gradient":""},"tablet":{"background-color":"var(--ast-global-color-5)","background-image":"","background-repeat":"repeat","background-position":"center center","background-size":"auto","background-attachment":"scroll","background-type":"","background-media":"","overlay-type":"","overlay-color":"","overlay-opacity":"","overlay-gradient":""},"mobile":{"background-color":"var(--ast-global-color-5)","background-image":"","background-repeat":"repeat","background-position":"center center","background-size":"auto","background-attachment":"scroll","background-type":"","background-media":"","overlay-type":"","overlay-color":"","overlay-opacity":"","overlay-gradient":""}},"footnotes":""},"class_list":["post-370","page","type-page","status-publish","hentry"],"acf":[],"uagb_featured_image_src":{"full":false,"thumbnail":false,"medium":false,"medium_large":false,"large":false,"1536x1536":false,"2048x2048":false,"ultp_layout_landscape_large":false,"ultp_layout_landscape":false,"ultp_layout_portrait":false,"ultp_layout_square":false},"uagb_author_info":{"display_name":"bgadmin","author_link":"https:\/\/proyectos.bannisterglobal.com\/abeconsa\/author\/bgadmin\/"},"uagb_comment_info":0,"uagb_excerpt":"Ofrecemos servicios de mantenimiento preventivo y correctivo para instalaciones industriales, centros comerciales y centros educativos en Galicia. Nuestro equipo altamente [&hellip;]","_links":{"self":[{"href":"https:\/\/proyectos.bannisterglobal.com\/abeconsa\/wp-json\/wp\/v2\/pages\/370","targetHints":{"allow":["GET"]}}],"collection":[{"href":"https:\/\/proyectos.bannisterglobal.com\/abeconsa\/wp-json\/wp\/v2\/pages"}],"about":[{"href":"https:\/\/proyectos.bannisterglobal.com\/abeconsa\/wp-json\/wp\/v2\/types\/page"}],"author":[{"embeddable":true,"href":"https:\/\/proyectos.bannisterglobal.com\/abeconsa\/wp-json\/wp\/v2\/users\/1"}],"replies":[{"embeddable":true,"href":"https:\/\/proyectos.bannisterglobal.com\/abeconsa\/wp-json\/wp\/v2\/comments?post=370"}],"version-history":[{"count":47,"href":"https:\/\/proyectos.bannisterglobal.com\/abeconsa\/wp-json\/wp\/v2\/pages\/370\/revisions"}],"predecessor-version":[{"id":3583,"href":"https:\/\/proyectos.bannisterglobal.com\/abeconsa\/wp-json\/wp\/v2\/pages\/370\/revisions\/3583"}],"wp:attachment":[{"href":"https:\/\/proyectos.bannisterglobal.com\/abeconsa\/wp-json\/wp\/v2\/media?parent=370"}],"curies":[{"name":"wp","href":"https:\/\/api.w.org\/{rel}","templated":true}]}}