{"id":427,"date":"2024-10-17T12:03:58","date_gmt":"2024-10-17T10:03:58","guid":{"rendered":"https:\/\/proyectos.bannisterglobal.com\/abeconsa\/?page_id=427"},"modified":"2025-02-10T12:53:34","modified_gmt":"2025-02-10T11:53:34","slug":"actualidad","status":"publish","type":"page","link":"https:\/\/proyectos.bannisterglobal.com\/abeconsa\/actualidad\/","title":{"rendered":"Actualidad"},"content":{"rendered":"\n<! --HTML NECESARIO PARA CAMBIAR EL HEADER DE LAS P\u00c1GINAS SIN BANNER-->\n<span class=\"cabecera-sin-banner\"><\/span>\n\n\n\n<div style=\"height:7rem\" aria-hidden=\"true\" class=\"wp-block-spacer\"><\/div>\n\n\n\n<div class=\"wp-block-group is-layout-constrained wp-container-core-group-is-layout-639b5052 wp-block-group-is-layout-constrained\" style=\"padding-top:0;padding-right:0;padding-bottom:0;padding-left:0\">\n<section\n  style=\"width: 100% !important; max-width: 2000px !important;\"\n>\n <h1 class=\"h1-sin-banner\" style=\"font-size: 80px; color: #AA2740 !important; line-height: 80px; font-weight: 900 !important\">\n    <span style=\"font-size: 60px\">ACTUALIDAD<\/span>\n  <\/h1>\n<\/section>\n<\/div>\n\n\n\n<div style=\"height:1rem\" aria-hidden=\"true\" class=\"wp-block-spacer\"><\/div>\n\n\n\n<div class=\"wp-block-ultimate-post-post-grid-parent ultp-post-grid-parent bloque-noticias\" data-postid=\"427\" data-grids=\"[{&quot;blockId&quot;:&quot;8d3162&quot;,&quot;name&quot;:&quot;ultimate-post_post-grid-1&quot;}]\" data-pagi=\"[&quot;ultp-block-904812&quot;]\"><div  class=\"ultp-post-grid-block wp-block-ultimate-post-post-grid-1 ultp-block-8d3162\"><div class=\"ultp-block-wrapper\"><div class=\"ultp-loading\"><div class=\"ultp-loading-blocks\" style=\"width:100%;height:100%;\"><div style=\"left: 0;top: 0;animation-delay:0s;\"><\/div><div style=\"left: 21px;top: 0;animation-delay:0.125s;\"><\/div><div style=\"left: 42px;top: 0;animation-delay:0.25s;\"><\/div><div style=\"left: 0;top: 21px;animation-delay:0.875s;\"><\/div><div style=\"left: 42px;top: 21px;animation-delay:0.375s;\"><\/div><div style=\"left: 0;top: 42px;animation-delay:0.75s;\"><\/div><div style=\"left: 42px;top: 42px;animation-delay:0.625s;\"><\/div><div style=\"left: 21px;top: 42px;animation-delay:0.5s;\"><\/div><\/div><\/div><div class=\"ultp-block-items-wrap ultp-block-row ultp-pg1a-style1 ultp-grid1-responsive ultp-block-column-3 1 1 ultp-layout1\"><div class=\"ultp-block-item post-id-4884\"><div class=\"ultp-block-content-wrap\"><div class=\"ultp-block-image ultp-block-image-zoomIn\"><a href=\"https:\/\/proyectos.bannisterglobal.com\/abeconsa\/noticia\/nuevo-conjunto-residencial-finalizado-en-las-calles-juan-florez-y-maestro-clave-en-a-coruna\/\" ><img decoding=\"async\"  class=\"ultp-block-image-content\"  alt=\"Nuevo conjunto residencial finalizado en las calles Juan Fl\u00f3rez y Maestro Clav\u00e9 en A Coru\u00f1a\"  src=\"https:\/\/proyectos.bannisterglobal.com\/abeconsa\/wp-content\/uploads\/2026\/03\/obra-juan-florez-maestro-clave-1-870x570.jpg\" \/><\/a><\/div><div class=\"ultp-block-content\"><h3 class=\"ultp-block-title \"><a href=\"https:\/\/proyectos.bannisterglobal.com\/abeconsa\/noticia\/nuevo-conjunto-residencial-finalizado-en-las-calles-juan-florez-y-maestro-clave-en-a-coruna\/\" >Nuevo conjunto residencial finalizado en las calles Juan Fl\u00f3rez y Maestro Clav\u00e9 en A Coru\u00f1a<\/a><\/h3><\/div><\/div><\/div><div class=\"ultp-block-item post-id-4830\"><div class=\"ultp-block-content-wrap\"><div class=\"ultp-block-image ultp-block-image-zoomIn\"><a href=\"https:\/\/proyectos.bannisterglobal.com\/abeconsa\/noticia\/el-proyecto-de-reurbanizacion-de-la-calle-san-andres-candidato-al-xiv-premio-san-telmo\/\" ><img decoding=\"async\"  class=\"ultp-block-image-content\"  alt=\"El Proyecto de Reurbanizaci\u00f3n de la Calle San Andr\u00e9s, candidato al XIV Premio San Telmo\"  src=\"https:\/\/proyectos.bannisterglobal.com\/abeconsa\/wp-content\/uploads\/2026\/02\/premios-san-telmo-26-abeconsa-1-870x570.webp\" \/><\/a><\/div><div class=\"ultp-block-content\"><h3 class=\"ultp-block-title \"><a href=\"https:\/\/proyectos.bannisterglobal.com\/abeconsa\/noticia\/el-proyecto-de-reurbanizacion-de-la-calle-san-andres-candidato-al-xiv-premio-san-telmo\/\" >El Proyecto de Reurbanizaci\u00f3n de la Calle San Andr\u00e9s, candidato al XIV Premio San Telmo<\/a><\/h3><\/div><\/div><\/div><div class=\"ultp-block-item post-id-4783\"><div class=\"ultp-block-content-wrap\"><div class=\"ultp-block-image ultp-block-image-zoomIn\"><a href=\"https:\/\/proyectos.bannisterglobal.com\/abeconsa\/noticia\/completada-la-construccion-de-un-conjunto-residencial-de-58-viviendas-en-pozuelo-de-alarcon\/\" ><img decoding=\"async\"  class=\"ultp-block-image-content\"  alt=\"Completada la construcci\u00f3n de un conjunto residencial de 58 viviendas en Pozuelo de Alarc\u00f3n\"  src=\"https:\/\/proyectos.bannisterglobal.com\/abeconsa\/wp-content\/uploads\/2026\/01\/complejo-viviendas-jose-ribera-pozuelo-de-alarcon-5-870x570.jpg\" \/><\/a><\/div><div class=\"ultp-block-content\"><h3 class=\"ultp-block-title \"><a href=\"https:\/\/proyectos.bannisterglobal.com\/abeconsa\/noticia\/completada-la-construccion-de-un-conjunto-residencial-de-58-viviendas-en-pozuelo-de-alarcon\/\" >Completada la construcci\u00f3n de un conjunto residencial de 58 viviendas en Pozuelo de Alarc\u00f3n<\/a><\/h3><\/div><\/div><\/div><div class=\"ultp-block-item post-id-4771\"><div class=\"ultp-block-content-wrap\"><div class=\"ultp-block-image ultp-block-image-zoomIn\"><a href=\"https:\/\/proyectos.bannisterglobal.com\/abeconsa\/noticia\/concluida-la-modernizacion-de-las-tolvas-de-descarga-en-las-instalaciones-de-aridos-molins\/\" ><img decoding=\"async\"  class=\"ultp-block-image-content\"  alt=\"Concluida la modernizaci\u00f3n de las tolvas de descarga en las instalaciones de \u00c1ridos Molins\"  src=\"https:\/\/proyectos.bannisterglobal.com\/abeconsa\/wp-content\/uploads\/2026\/01\/tolvas-descarga-aridos-molins-1-870x570.jpg\" \/><\/a><\/div><div class=\"ultp-block-content\"><h3 class=\"ultp-block-title \"><a href=\"https:\/\/proyectos.bannisterglobal.com\/abeconsa\/noticia\/concluida-la-modernizacion-de-las-tolvas-de-descarga-en-las-instalaciones-de-aridos-molins\/\" >Concluida la modernizaci\u00f3n de las tolvas de descarga en las instalaciones de \u00c1ridos Molins<\/a><\/h3><\/div><\/div><\/div><div class=\"ultp-block-item post-id-4762\"><div class=\"ultp-block-content-wrap\"><div class=\"ultp-block-image ultp-block-image-zoomIn\"><a href=\"https:\/\/proyectos.bannisterglobal.com\/abeconsa\/noticia\/finalizado-un-nuevo-sistema-de-reutilizacion-de-aguas-pluviales-en-marineda-city\/\" ><img decoding=\"async\"  class=\"ultp-block-image-content\"  alt=\"Finalizado un nuevo sistema de reutilizaci\u00f3n de aguas pluviales en Marineda City\"  src=\"https:\/\/proyectos.bannisterglobal.com\/abeconsa\/wp-content\/uploads\/2026\/01\/sistema-reutilizacion-aguas-pluviales-marineda-city-2-870x570.webp\" \/><\/a><\/div><div class=\"ultp-block-content\"><h3 class=\"ultp-block-title \"><a href=\"https:\/\/proyectos.bannisterglobal.com\/abeconsa\/noticia\/finalizado-un-nuevo-sistema-de-reutilizacion-de-aguas-pluviales-en-marineda-city\/\" >Finalizado un nuevo sistema de reutilizaci\u00f3n de aguas pluviales en Marineda City<\/a><\/h3><\/div><\/div><\/div><div class=\"ultp-block-item post-id-4686\"><div class=\"ultp-block-content-wrap\"><div class=\"ultp-block-image ultp-block-image-zoomIn\"><a href=\"https:\/\/proyectos.bannisterglobal.com\/abeconsa\/noticia\/abeconsa-ejecutara-una-nave-para-investigacion-y-desarrollo-de-microchips-fotonicos-en-el-ptl-de-vigo\/\" ><img decoding=\"async\"  class=\"ultp-block-image-content\"  alt=\"Abeconsa ejecutar\u00e1 una nave para investigaci\u00f3n y desarrollo de microchips fot\u00f3nicos en Vigo\"  src=\"https:\/\/proyectos.bannisterglobal.com\/abeconsa\/wp-content\/uploads\/2025\/12\/nave-investigacion-vigo-2-870x570.webp\" \/><\/a><\/div><div class=\"ultp-block-content\"><h3 class=\"ultp-block-title \"><a href=\"https:\/\/proyectos.bannisterglobal.com\/abeconsa\/noticia\/abeconsa-ejecutara-una-nave-para-investigacion-y-desarrollo-de-microchips-fotonicos-en-el-ptl-de-vigo\/\" >Abeconsa ejecutar\u00e1 una nave para investigaci\u00f3n y desarrollo de microchips fot\u00f3nicos en Vigo<\/a><\/h3><\/div><\/div><\/div><\/div><\/div><div class=\"pagination-block-html\" aria-hidden=\"true\" style=\"display: none;\"><div class=\"ultp-loadmore\"><span class=\"ultp-loadmore-action\"  tabindex=\"0\" role=\"button\" data-for=\"ultp-block-8d3162\" data-pages=\"10\" data-pagenum=\"1\"  data-expost=\"\" data-blockid=\"8d3162\" data-blockname=\"ultimate-post_post-grid-1\" data-postid=\"427\" data-selfpostid=\"yes\">Cargar m\u00e1s <span class=\"ultp-spin\"><svg xmlns=\"http:\/\/www.w3.org\/2000\/svg\" fill=\"none\" viewBox=\"0 0 24 24\">\n  <path stroke=\"currentColor\" stroke-linecap=\"round\" stroke-linejoin=\"round\" stroke-width=\"1.5\" d=\"M21 12a9 9 0 0 1-17 4.127M3 12a9 9 0 0 1 17-4.127M20 3v5h-5M4 21v-5h5\"\/>\n<\/svg>\n<\/span><\/span><\/div><\/div><\/div>\n\n\n<div class=\"wp-block-ultimate-post-post-pagination ultp-block-904812 ultp-pagination-block ultp-pagination-wrap actualidad-boton-paginacion\"><div class=\"ultp-loadmore\"><a class=\"ultp-loadmore-action ultp-disable-editor-click\">Cargar m\u00e1s<\/a><\/div><\/div>\n<\/div>\n\n\n\n<div style=\"height:2rem\" aria-hidden=\"true\" class=\"wp-block-spacer\"><\/div>\n\n\n\n<p><\/p>\n","protected":false},"excerpt":{"rendered":"<p>ACTUALIDAD<\/p>\n","protected":false},"author":1,"featured_media":0,"parent":0,"menu_order":0,"comment_status":"closed","ping_status":"closed","template":"","meta":{"_acf_changed":false,"_eb_attr":"","_uag_custom_page_level_css":"","site-sidebar-layout":"default","site-content-layout":"","ast-site-content-layout":"","site-content-style":"default","site-sidebar-style":"default","ast-global-header-display":"","ast-banner-title-visibility":"","ast-main-header-display":"","ast-hfb-above-header-display":"","ast-hfb-below-header-display":"","ast-hfb-mobile-header-display":"","site-post-title":"disabled","ast-breadcrumbs-content":"","ast-featured-img":"","footer-sml-layout":"","ast-disable-related-posts":"","theme-transparent-header-meta":"","adv-header-id-meta":"","stick-header-meta":"","header-above-stick-meta":"","header-main-stick-meta":"","header-below-stick-meta":"","astra-migrate-meta-layouts":"default","ast-page-background-enabled":"default","ast-page-background-meta":{"desktop":{"background-color":"var(--ast-global-color-4)","background-image":"","background-repeat":"repeat","background-position":"center center","background-size":"auto","background-attachment":"scroll","background-type":"","background-media":"","overlay-type":"","overlay-color":"","overlay-opacity":"","overlay-gradient":""},"tablet":{"background-color":"","background-image":"","background-repeat":"repeat","background-position":"center center","background-size":"auto","background-attachment":"scroll","background-type":"","background-media":"","overlay-type":"","overlay-color":"","overlay-opacity":"","overlay-gradient":""},"mobile":{"background-color":"","background-image":"","background-repeat":"repeat","background-position":"center center","background-size":"auto","background-attachment":"scroll","background-type":"","background-media":"","overlay-type":"","overlay-color":"","overlay-opacity":"","overlay-gradient":""}},"ast-content-background-meta":{"desktop":{"background-color":"var(--ast-global-color-5)","background-image":"","background-repeat":"repeat","background-position":"center center","background-size":"auto","background-attachment":"scroll","background-type":"","background-media":"","overlay-type":"","overlay-color":"","overlay-opacity":"","overlay-gradient":""},"tablet":{"background-color":"var(--ast-global-color-5)","background-image":"","background-repeat":"repeat","background-position":"center center","background-size":"auto","background-attachment":"scroll","background-type":"","background-media":"","overlay-type":"","overlay-color":"","overlay-opacity":"","overlay-gradient":""},"mobile":{"background-color":"var(--ast-global-color-5)","background-image":"","background-repeat":"repeat","background-position":"center center","background-size":"auto","background-attachment":"scroll","background-type":"","background-media":"","overlay-type":"","overlay-color":"","overlay-opacity":"","overlay-gradient":""}},"footnotes":""},"class_list":["post-427","page","type-page","status-publish","hentry"],"acf":[],"uagb_featured_image_src":{"full":false,"thumbnail":false,"medium":false,"medium_large":false,"large":false,"1536x1536":false,"2048x2048":false,"ultp_layout_landscape_large":false,"ultp_layout_landscape":false,"ultp_layout_portrait":false,"ultp_layout_square":false},"uagb_author_info":{"display_name":"bgadmin","author_link":"https:\/\/proyectos.bannisterglobal.com\/abeconsa\/author\/bgadmin\/"},"uagb_comment_info":0,"uagb_excerpt":"ACTUALIDAD","_links":{"self":[{"href":"https:\/\/proyectos.bannisterglobal.com\/abeconsa\/wp-json\/wp\/v2\/pages\/427","targetHints":{"allow":["GET"]}}],"collection":[{"href":"https:\/\/proyectos.bannisterglobal.com\/abeconsa\/wp-json\/wp\/v2\/pages"}],"about":[{"href":"https:\/\/proyectos.bannisterglobal.com\/abeconsa\/wp-json\/wp\/v2\/types\/page"}],"author":[{"embeddable":true,"href":"https:\/\/proyectos.bannisterglobal.com\/abeconsa\/wp-json\/wp\/v2\/users\/1"}],"replies":[{"embeddable":true,"href":"https:\/\/proyectos.bannisterglobal.com\/abeconsa\/wp-json\/wp\/v2\/comments?post=427"}],"version-history":[{"count":28,"href":"https:\/\/proyectos.bannisterglobal.com\/abeconsa\/wp-json\/wp\/v2\/pages\/427\/revisions"}],"predecessor-version":[{"id":3261,"href":"https:\/\/proyectos.bannisterglobal.com\/abeconsa\/wp-json\/wp\/v2\/pages\/427\/revisions\/3261"}],"wp:attachment":[{"href":"https:\/\/proyectos.bannisterglobal.com\/abeconsa\/wp-json\/wp\/v2\/media?parent=427"}],"curies":[{"name":"wp","href":"https:\/\/api.w.org\/{rel}","templated":true}]}}