{"id":627,"date":"2024-10-21T10:01:33","date_gmt":"2024-10-21T08:01:33","guid":{"rendered":"https:\/\/proyectos.bannisterglobal.com\/abeconsa\/?page_id=627"},"modified":"2025-02-10T11:21:19","modified_gmt":"2025-02-10T10:21:19","slug":"politica-de-privacidad","status":"publish","type":"page","link":"https:\/\/proyectos.bannisterglobal.com\/abeconsa\/politica-de-privacidad\/","title":{"rendered":"Politica de privacidad"},"content":{"rendered":"\n<! --HTML NECESARIO PARA CAMBIAR EL HEADER DE LAS P\u00c1GINAS SIN BANNER-->\n<span class=\"cabecera-sin-banner\"><\/span>\n\n\n\n<div style=\"height:7rem\" aria-hidden=\"true\" class=\"wp-block-spacer\"><\/div>\n\n\n\n<div class=\"wp-block-group is-layout-constrained wp-block-group-is-layout-constrained\" style=\"padding-top:0;padding-bottom:0\">\n<div class=\"wp-block-group is-layout-constrained wp-block-group-is-layout-constrained\">\n<section\n  style=\"width: 100% !important; max-width: 2000px !important;\"\n>\n  <h1 class=\"h1-sin-banner\" style=\"font-size: 60px; color: #000 !important; line-height: 80px; font-weight: 900 !important\">\n    <span style=\"font-size: 60px\">POL\u00cdTICA DE PRIVACIDAD<\/span><\/h1>\n<\/section>\n<\/div>\n\n\n\n<p>La presente Pol\u00edtica de Privacidad es aplicable al Sitio Web, y describe la manera en que&nbsp;<strong>ABECONSA, S.L.<\/strong>&nbsp;(en adelante&nbsp;<strong>ABECONSA<\/strong>) recaba y trata sus datos personales, as\u00ed como la forma en la que se utiliza y protege dicha informaci\u00f3n, adem\u00e1s de los derechos que usted ostenta en relaci\u00f3n con la misma.<\/p>\n\n\n\n<div style=\"height:0.5rem\" aria-hidden=\"true\" class=\"wp-block-spacer\"><\/div>\n\n\n\n<div class=\"wp-block-group is-layout-constrained wp-block-group-is-layout-constrained\">\n<h2 class=\"wp-block-heading politicadeprivacidad-h2\" style=\"font-size:20px\"><strong>1. RECOGIDA Y TRATAMIENTO DE DATOS DE CAR\u00c1CTER PERSONAL<\/strong><\/h2>\n\n\n\n<p>Recabaremos sus datos personales a trav\u00e9s de la informaci\u00f3n que usted nos facilita directamente al contactar con nosotros mediante los formularios de contacto e introducci\u00f3n de datos para la prestaci\u00f3n de nuestros servicios.<\/p>\n\n\n\n<p>Recogemos las siguientes categor\u00edas de datos:<\/p>\n\n\n\n<ul class=\"wp-block-list\">\n<li>Datos identificativos; nombre y apellidos<\/li>\n\n\n\n<li>Datos de contacto: n\u00famero de tel\u00e9fono, correo electr\u00f3nico, direcci\u00f3n postal.<\/li>\n\n\n\n<li>En caso de clientes personas jur\u00eddica: nombre y apellidos, correo electr\u00f3nico, direcci\u00f3n y tel\u00e9fono de empleados, representantes o personas de contacto.<\/li>\n<\/ul>\n\n\n\n<p>No recogemos ning\u00fan tipo de datos de car\u00e1cter personal si \u00fanicamente est\u00e1s navegando en&nbsp;el Sitio Web, salvo en el supuesto descrito nuestra \u201cPol\u00edtica de cookies\u201d.<\/p>\n<\/div>\n\n\n\n<div style=\"height:0.5rem\" aria-hidden=\"true\" class=\"wp-block-spacer\"><\/div>\n\n\n\n<div class=\"wp-block-group is-layout-constrained wp-block-group-is-layout-constrained\">\n<h2 class=\"wp-block-heading politicadeprivacidad-h2\" style=\"font-size:20px\"><strong><strong>2. FINALIDADES<\/strong><\/strong><\/h2>\n\n\n\n<p>Utilizamos y tratamos los datos personales recabados con la finalidad de gestionar y atender adecuadamente su consulta o sugerencia, as\u00ed como para gestionar los contactos y comunicaciones para el env\u00edo de informaci\u00f3n relacionada con las actividades y servicios de la empresa que puedan ser de su inter\u00e9s. En cualquier momento usted podr\u00e1 oponerse a la &nbsp;a la recepci\u00f3n de estas comunicaciones por los mecanismos indicados en esta Pol\u00edtica y en las propias comunicaciones comerciales que reciba.<\/p>\n\n\n\n<p>Al enviar los datos desde los formularios de registro correspondientes est\u00e1 dando consentimiento a las finalidades de tratamiento indicadas en este p\u00e1rrafo.<\/p>\n<\/div>\n\n\n\n<div style=\"height:0.5rem\" aria-hidden=\"true\" class=\"wp-block-spacer\"><\/div>\n\n\n\n<div class=\"wp-block-group is-layout-constrained wp-block-group-is-layout-constrained\">\n<h2 class=\"wp-block-heading politicadeprivacidad-h2\" style=\"font-size:20px\"><strong><strong>3. DERECHOS DE LOS TITULARES DE LOS DATOS.<\/strong><\/strong><\/h2>\n\n\n\n<p>Usted tiene derecho como titular de los datos personales a ejercitar gratuitamente los siguientes derechos en base a la normativa vigente de protecci\u00f3n de datos:<\/p>\n\n\n\n<ul class=\"wp-block-list\">\n<li>Derecho a solicitar el acceso a sus datos personales.<\/li>\n\n\n\n<li>Derecho a solicitar su rectificaci\u00f3n o supresi\u00f3n.<\/li>\n\n\n\n<li>Derecho a solicitar la limitaci\u00f3n de su tratamiento.<\/li>\n\n\n\n<li>Derechos a oponerse a su tratamiento.<\/li>\n\n\n\n<li>Derecho a la portabilidad de los datos<\/li>\n<\/ul>\n\n\n\n<p>Usted podr\u00e1 ejercitar sus derechos a trav\u00e9s de los siguientes medios indicando la referencia \u201cprotecci\u00f3n de datos\u201d<\/p>\n\n\n\n<p>Env\u00edo por correo postal a la siguiente direcci\u00f3n: C\/ Comandante Fontanes, 11-1\u00ba, 15003&nbsp; A Coru\u00f1a<\/p>\n\n\n\n<p>Comunicaci\u00f3n por medio de llamada telef\u00f3nica al n\u00famero: :(+34)981910800<\/p>\n\n\n\n<p>Env\u00edo de correo electr\u00f3nico a la siguiente direcci\u00f3n: abeconsa@abeconsa.com<\/p>\n\n\n\n<p>En caso de que no se resuelva de manera satisfactoria el ejercicio de sus derechos puede presentar una reclamaci\u00f3n ante la Agencia Espa\u00f1ola de Protecci\u00f3n de datos.<\/p>\n<\/div>\n\n\n\n<div style=\"height:0.5rem\" aria-hidden=\"true\" class=\"wp-block-spacer\"><\/div>\n\n\n\n<div class=\"wp-block-group is-layout-constrained wp-block-group-is-layout-constrained\">\n<h2 class=\"wp-block-heading politicadeprivacidad-h2\" style=\"font-size:20px\"><strong><strong>4. CONSERVACI\u00d3N DE LOS DATOS PERSONALES<\/strong><\/strong><\/h2>\n\n\n\n<p>Conservaremos los datos personales por usted facilitados mientras mantengamos una relaci\u00f3n con usted y durante un periodo de cinco a\u00f1os a partir de ese momento. Transcurrido dicho periodo, \u00fanicamente conservaremos sus datos si estamos obligados a ello en cumplimiento de la ley o en caso de que existan reclamaciones pendientes que razonablemente requieran la conservaci\u00f3n de los mismos.<\/p>\n<\/div>\n\n\n\n<div style=\"height:0.5rem\" aria-hidden=\"true\" class=\"wp-block-spacer\"><\/div>\n\n\n\n<div class=\"wp-block-group is-layout-constrained wp-block-group-is-layout-constrained\">\n<h2 class=\"wp-block-heading politicadeprivacidad-h2\" style=\"font-size:20px\"><strong><strong>5. LEGITIMACI\u00d3N PARA EL TRATAMIENTO DE DATOS<\/strong><\/strong><\/h2>\n\n\n\n<p>La base legal para el tratamiento de los datos ser\u00e1 el consentimiento otorgado por usted como titular de los mismos. La informaci\u00f3n que usted nos facilite deber\u00e1 ser veraz garantizando la autenticidad de los datos proporcionados, de lo contrario ser\u00e1 responsable del da\u00f1o que pueda ocasionar a<strong>&nbsp;ABECONSA&nbsp;<\/strong>o a terceros por no facilitar datos aut\u00e9nticos.<\/p>\n<\/div>\n\n\n\n<div style=\"height:0.5rem\" aria-hidden=\"true\" class=\"wp-block-spacer\"><\/div>\n\n\n\n<div class=\"wp-block-group is-layout-constrained wp-block-group-is-layout-constrained\">\n<h2 class=\"wp-block-heading politicadeprivacidad-h2\" style=\"font-size:20px\"><strong><strong>6. PROTECCI\u00d3N DE LOS DATOS PERSONALES<\/strong><\/strong><\/h2>\n\n\n\n<p><strong>ABECONSA<\/strong>&nbsp;implementa medidas t\u00e9cnicas y organizativas para garantizar un nivel de seguridad adecuado al riesgo para los datos personales tratados. Dichas medidas tienen por objeto garantizar la integridad continua y la confidencialidad de los datos personales. Evaluamos las medidas peri\u00f3dicamente a fin de garantizar la seguridad del tratamiento.<\/p>\n<\/div>\n\n\n\n<div style=\"height:0.5rem\" aria-hidden=\"true\" class=\"wp-block-spacer\"><\/div>\n\n\n\n<div class=\"wp-block-group is-layout-constrained wp-block-group-is-layout-constrained\">\n<h2 class=\"wp-block-heading politicadeprivacidad-h2\" style=\"font-size:20px\"><strong><strong>7. COMUNICACIONES DE DATOS<\/strong><\/strong><\/h2>\n\n\n\n<p><strong>ABECONSA&nbsp;<\/strong>informa y le garantiza expresamente que los datos personales no ser\u00e1n cedidos en ning\u00fan caso a terceras compa\u00f1\u00edas y siempre que fuera a realizarse alg\u00fan tipo de cesi\u00f3n de datos personales, de forma previa, se solicitar\u00eda consentimiento expreso, informado e inequ\u00edvoco al titular de los datos.<\/p>\n<\/div>\n\n\n\n<div style=\"height:0.5rem\" aria-hidden=\"true\" class=\"wp-block-spacer\"><\/div>\n\n\n\n<div class=\"wp-block-group is-layout-constrained wp-block-group-is-layout-constrained\">\n<h2 class=\"wp-block-heading politicadeprivacidad-h2\" style=\"font-size:20px\"><strong><strong>8. MODIFICACIONES DE LA POL\u00cdTICA DE PRIVACIDAD<\/strong><\/strong><\/h2>\n\n\n\n<p><strong>ABECONSA<\/strong>&nbsp;&nbsp;se reserva el derecho a modificar esta Pol\u00edtica de Privacidad de acuerdo con la legislaci\u00f3n aplicable en cada momento. Por ello, le recomendamos que revise peri\u00f3dicamente esta Pol\u00edtica de Privacidad para estar informado de c\u00f3mo se tratan y protegen los datos personales que nos facilita.<\/p>\n<\/div>\n<\/div>\n\n\n\n<div style=\"height:4rem\" aria-hidden=\"true\" class=\"wp-block-spacer\"><\/div>\n","protected":false},"excerpt":{"rendered":"<p>POL\u00cdTICA DE PRIVACIDAD La presente Pol\u00edtica de Privacidad es aplicable al Sitio Web, y describe la manera en que&nbsp;ABECONSA, S.L.&nbsp;(en [&hellip;]<\/p>\n","protected":false},"author":1,"featured_media":0,"parent":0,"menu_order":0,"comment_status":"closed","ping_status":"closed","template":"","meta":{"_acf_changed":false,"_eb_attr":"","_uag_custom_page_level_css":"","site-sidebar-layout":"default","site-content-layout":"","ast-site-content-layout":"","site-content-style":"default","site-sidebar-style":"default","ast-global-header-display":"","ast-banner-title-visibility":"","ast-main-header-display":"","ast-hfb-above-header-display":"","ast-hfb-below-header-display":"","ast-hfb-mobile-header-display":"","site-post-title":"disabled","ast-breadcrumbs-content":"","ast-featured-img":"","footer-sml-layout":"","ast-disable-related-posts":"","theme-transparent-header-meta":"","adv-header-id-meta":"","stick-header-meta":"","header-above-stick-meta":"","header-main-stick-meta":"","header-below-stick-meta":"","astra-migrate-meta-layouts":"default","ast-page-background-enabled":"default","ast-page-background-meta":{"desktop":{"background-color":"var(--ast-global-color-4)","background-image":"","background-repeat":"repeat","background-position":"center center","background-size":"auto","background-attachment":"scroll","background-type":"","background-media":"","overlay-type":"","overlay-color":"","overlay-opacity":"","overlay-gradient":""},"tablet":{"background-color":"","background-image":"","background-repeat":"repeat","background-position":"center center","background-size":"auto","background-attachment":"scroll","background-type":"","background-media":"","overlay-type":"","overlay-color":"","overlay-opacity":"","overlay-gradient":""},"mobile":{"background-color":"","background-image":"","background-repeat":"repeat","background-position":"center center","background-size":"auto","background-attachment":"scroll","background-type":"","background-media":"","overlay-type":"","overlay-color":"","overlay-opacity":"","overlay-gradient":""}},"ast-content-background-meta":{"desktop":{"background-color":"var(--ast-global-color-5)","background-image":"","background-repeat":"repeat","background-position":"center center","background-size":"auto","background-attachment":"scroll","background-type":"","background-media":"","overlay-type":"","overlay-color":"","overlay-opacity":"","overlay-gradient":""},"tablet":{"background-color":"var(--ast-global-color-5)","background-image":"","background-repeat":"repeat","background-position":"center center","background-size":"auto","background-attachment":"scroll","background-type":"","background-media":"","overlay-type":"","overlay-color":"","overlay-opacity":"","overlay-gradient":""},"mobile":{"background-color":"var(--ast-global-color-5)","background-image":"","background-repeat":"repeat","background-position":"center center","background-size":"auto","background-attachment":"scroll","background-type":"","background-media":"","overlay-type":"","overlay-color":"","overlay-opacity":"","overlay-gradient":""}},"footnotes":""},"class_list":["post-627","page","type-page","status-publish","hentry"],"acf":[],"uagb_featured_image_src":{"full":false,"thumbnail":false,"medium":false,"medium_large":false,"large":false,"1536x1536":false,"2048x2048":false,"ultp_layout_landscape_large":false,"ultp_layout_landscape":false,"ultp_layout_portrait":false,"ultp_layout_square":false},"uagb_author_info":{"display_name":"bgadmin","author_link":"https:\/\/proyectos.bannisterglobal.com\/abeconsa\/author\/bgadmin\/"},"uagb_comment_info":0,"uagb_excerpt":"POL\u00cdTICA DE PRIVACIDAD La presente Pol\u00edtica de Privacidad es aplicable al Sitio Web, y describe la manera en que&nbsp;ABECONSA, S.L.&nbsp;(en [&hellip;]","_links":{"self":[{"href":"https:\/\/proyectos.bannisterglobal.com\/abeconsa\/wp-json\/wp\/v2\/pages\/627","targetHints":{"allow":["GET"]}}],"collection":[{"href":"https:\/\/proyectos.bannisterglobal.com\/abeconsa\/wp-json\/wp\/v2\/pages"}],"about":[{"href":"https:\/\/proyectos.bannisterglobal.com\/abeconsa\/wp-json\/wp\/v2\/types\/page"}],"author":[{"embeddable":true,"href":"https:\/\/proyectos.bannisterglobal.com\/abeconsa\/wp-json\/wp\/v2\/users\/1"}],"replies":[{"embeddable":true,"href":"https:\/\/proyectos.bannisterglobal.com\/abeconsa\/wp-json\/wp\/v2\/comments?post=627"}],"version-history":[{"count":14,"href":"https:\/\/proyectos.bannisterglobal.com\/abeconsa\/wp-json\/wp\/v2\/pages\/627\/revisions"}],"predecessor-version":[{"id":3259,"href":"https:\/\/proyectos.bannisterglobal.com\/abeconsa\/wp-json\/wp\/v2\/pages\/627\/revisions\/3259"}],"wp:attachment":[{"href":"https:\/\/proyectos.bannisterglobal.com\/abeconsa\/wp-json\/wp\/v2\/media?parent=627"}],"curies":[{"name":"wp","href":"https:\/\/api.w.org\/{rel}","templated":true}]}}