{"id":158,"date":"2020-11-03T12:26:21","date_gmt":"2020-11-03T12:26:21","guid":{"rendered":"https:\/\/ceramicacampo.es\/?page_id=158"},"modified":"2022-11-08T09:31:42","modified_gmt":"2022-11-08T09:31:42","slug":"innovacion-ceramica-y-hormigon","status":"publish","type":"page","link":"https:\/\/proyectos.bannisterglobal.com\/campo\/innovacion-ceramica-y-hormigon\/","title":{"rendered":"Innovaci\u00f3n"},"content":{"rendered":"\n<div class=\"wp-block-cover alignfull\"><span aria-hidden=\"true\" class=\"wp-block-cover__background has-background-dim\"><\/span><img loading=\"lazy\" decoding=\"async\" width=\"2000\" height=\"700\" class=\"wp-block-cover__image-background wp-image-729\" alt=\"\" src=\"https:\/\/ceramicacampo.es\/wp-content\/uploads\/ceramica-campo-ladrillo-aislamiento-acustico.jpg\" data-object-fit=\"cover\" srcset=\"https:\/\/proyectos.bannisterglobal.com\/campo\/wp-content\/uploads\/ceramica-campo-ladrillo-aislamiento-acustico.jpg 2000w, https:\/\/proyectos.bannisterglobal.com\/campo\/wp-content\/uploads\/ceramica-campo-ladrillo-aislamiento-acustico-300x105.jpg 300w, https:\/\/proyectos.bannisterglobal.com\/campo\/wp-content\/uploads\/ceramica-campo-ladrillo-aislamiento-acustico-1024x358.jpg 1024w, https:\/\/proyectos.bannisterglobal.com\/campo\/wp-content\/uploads\/ceramica-campo-ladrillo-aislamiento-acustico-768x269.jpg 768w, https:\/\/proyectos.bannisterglobal.com\/campo\/wp-content\/uploads\/ceramica-campo-ladrillo-aislamiento-acustico-1536x538.jpg 1536w, https:\/\/proyectos.bannisterglobal.com\/campo\/wp-content\/uploads\/ceramica-campo-ladrillo-aislamiento-acustico-760x266.jpg 760w, https:\/\/proyectos.bannisterglobal.com\/campo\/wp-content\/uploads\/ceramica-campo-ladrillo-aislamiento-acustico-1250x438.jpg 1250w, https:\/\/proyectos.bannisterglobal.com\/campo\/wp-content\/uploads\/ceramica-campo-ladrillo-aislamiento-acustico-1920x672.jpg 1920w, https:\/\/proyectos.bannisterglobal.com\/campo\/wp-content\/uploads\/ceramica-campo-ladrillo-aislamiento-acustico-960x336.jpg 960w\" sizes=\"(max-width: 2000px) 100vw, 2000px\" \/><div class=\"wp-block-cover__inner-container is-layout-flow wp-block-cover-is-layout-flow\">\n<h1 class=\"has-white-color has-text-color wp-block-heading\">Compromiso con la innovaci\u00f3n en cer\u00e1mica y hormig\u00f3n<\/h1>\n<\/div><\/div>\n\n\n\n<div class=\"wp-block-group\"><div class=\"wp-block-group__inner-container is-layout-flow wp-block-group-is-layout-flow\">\n<div class=\"wp-block-columns is-layout-flex wp-container-core-columns-is-layout-1 wp-block-columns-is-layout-flex\">\n<div class=\"wp-block-column is-layout-flow wp-block-column-is-layout-flow\">\n<div class=\"wp-block-group\"><div class=\"wp-block-group__inner-container is-layout-flow wp-block-group-is-layout-flow\">\n<p>El compromiso de Cer\u00e1mica Campo con la innovaci\u00f3n y la calidad es una constante desde los primeros ladrillos que se produjeron en nuestro primer horno. Desde los a\u00f1os 1940, los profesionales de cada generaci\u00f3n se han volcado en <strong>optimizar los procesos mineros para conseguir las mejores arcillas y minerales<\/strong>; de perfeccionar los equipamientos industriales para conseguir fabricar productos de vanguardia, fiables y duraderos.<\/p>\n<\/div><\/div>\n<\/div>\n\n\n\n<div class=\"wp-block-column is-layout-flow wp-block-column-is-layout-flow\">\n<div class=\"wp-block-group\"><div class=\"wp-block-group__inner-container is-layout-flow wp-block-group-is-layout-flow\">\n<figure class=\"wp-block-image size-large is-resized\"><img loading=\"lazy\" decoding=\"async\" src=\"https:\/\/ceramicacampo.es\/wp-content\/uploads\/secuencia-01-00_04_40_50-imagen-fija008-1024x576-1.jpg\" alt=\"Secuencia 01 00_04_40_50 imagen fija008 1024\u00d7576 1\" class=\"wp-image-1084\" width=\"512\" height=\"288\" srcset=\"https:\/\/proyectos.bannisterglobal.com\/campo\/wp-content\/uploads\/secuencia-01-00_04_40_50-imagen-fija008-1024x576-1.jpg 1024w, https:\/\/proyectos.bannisterglobal.com\/campo\/wp-content\/uploads\/secuencia-01-00_04_40_50-imagen-fija008-1024x576-1-300x169.jpg 300w, https:\/\/proyectos.bannisterglobal.com\/campo\/wp-content\/uploads\/secuencia-01-00_04_40_50-imagen-fija008-1024x576-1-768x432.jpg 768w, https:\/\/proyectos.bannisterglobal.com\/campo\/wp-content\/uploads\/secuencia-01-00_04_40_50-imagen-fija008-1024x576-1-760x428.jpg 760w, https:\/\/proyectos.bannisterglobal.com\/campo\/wp-content\/uploads\/secuencia-01-00_04_40_50-imagen-fija008-1024x576-1-960x540.jpg 960w\" sizes=\"(max-width: 512px) 100vw, 512px\" \/><\/figure>\n<\/div><\/div>\n<\/div>\n<\/div>\n<\/div><\/div>\n\n\n\n<div class=\"wp-block-group\"><div class=\"wp-block-group__inner-container is-layout-flow wp-block-group-is-layout-flow\">\n<h2 class=\"has-primary-color has-text-color wp-block-heading\"><strong>Productos innovadores en cer\u00e1mica y hormig\u00f3n<\/strong><\/h2>\n\n\n\n<div class=\"wp-block-columns is-layout-flex wp-container-core-columns-is-layout-2 wp-block-columns-is-layout-flex\">\n<div class=\"wp-block-column is-layout-flow wp-block-column-is-layout-flow\">\n<p>Nuestro amplio cat\u00e1logo se renueva constantemente incorporando arcillas m\u00e1s ligeras a nuestros productos, en <a href=\"https:\/\/ceramicacampo.es\/soluciones\/ladrillo-de-gran-formato\/\" target=\"_blank\" rel=\"noreferrer noopener\">formatos m\u00e1s grandes<\/a>, combinados con yeso laminado\u2026 As\u00ed como hormigones m\u00e1s resistentes, con <a href=\"https:\/\/ceramicacampo.es\/soluciones\/pavimentos-de-hormigon\/\" target=\"_blank\" rel=\"noreferrer noopener\">funci\u00f3n fotocatal\u00edtica, drenantes<\/a>, con acabados personalizados.<\/p>\n\n\n\n<p>As\u00ed mismo <a rel=\"noreferrer noopener\" href=\"https:\/\/ceramicacampo.es\/soluciones\/tejado-de-tejas\/\" target=\"_blank\">nuestras tejas<\/a> son m\u00e1s <strong>resistentes<\/strong>, altamente <strong>impermeables <\/strong>y con<strong> mayor rendimiento frente al hielo.<\/strong><\/p>\n<\/div>\n\n\n\n<div class=\"wp-block-column is-layout-flow wp-block-column-is-layout-flow\">\n<p>En Cer\u00e1mica Campo creemos que el camino de\u00a0<strong>la investigaci\u00f3n, el desarrollo y la innovaci\u00f3n<\/strong>\u00a0de nuevos productos cer\u00e1micos y de hormig\u00f3n est\u00e1 a\u00fan por recorrer. Por eso nos implicamos y lideramos iniciativas tecnol\u00f3gicas y de I+D+i y lo hacemos en colaboraci\u00f3n con socios investigadores y con las <a href=\"https:\/\/ceramicacampo.es\/formamos-parte\/\" target=\"_blank\" rel=\"noreferrer noopener\">asociaciones industriales y empresariales de las que formamos parte.<\/a><\/p>\n<\/div>\n<\/div>\n<\/div><\/div>\n\n\n\n<div class=\"wp-block-group\"><div class=\"wp-block-group__inner-container is-layout-flow wp-block-group-is-layout-flow\">\n<div class=\"wp-block-columns is-layout-flex wp-container-core-columns-is-layout-3 wp-block-columns-is-layout-flex\">\n<div class=\"wp-block-column is-layout-flow wp-block-column-is-layout-flow\" style=\"flex-basis:50%\">\n<div class=\"wp-block-group box-lines-left\"><div class=\"wp-block-group__inner-container is-layout-flow wp-block-group-is-layout-flow\">\n<h4 class=\"textTransform:uppercase fontWeight:normal has-primary-color has-text-color wp-block-heading\">Fundaci\u00f3n UDC<\/h4>\n\n\n\n<p>Cer\u00e1mica Campo, a trav\u00e9s de la sociedad Epifanio Campo, SL, es miembro fundador de la Fundaci\u00f3n Universidade da Coru\u00f1a (UDC), que tiene como objetivo promover la investigaci\u00f3n, la formaci\u00f3n, el empleo y la transferencia de conocimiento.<\/p>\n<\/div><\/div>\n<\/div>\n\n\n\n<div class=\"wp-block-column is-layout-flow wp-block-column-is-layout-flow\" style=\"flex-basis:50%\">\n<div class=\"wp-block-group box-lines-left\"><div class=\"wp-block-group__inner-container is-layout-flow wp-block-group-is-layout-flow\">\n<h4 class=\"textTransform:uppercase fontWeight:normal has-primary-color has-text-color wp-block-heading\">C\u00c1TEDRA EPIFANIO CAMPO<\/h4>\n\n\n\n<p>La <a rel=\"noreferrer noopener\" href=\"https:\/\/www.rodonitamedioambiente.com\/catedra\" target=\"_blank\">C\u00e1tedra Epifanio Campo<\/a>, adscrita a la Escuela Polit\u00e9cnica Superior de la Universidade da Coru\u00f1a (UDC), es una iniciativa de colaboraci\u00f3n entre la universidad y el <strong>Grupo Rodonita<\/strong> para la docencia, la investigaci\u00f3n y la divulgaci\u00f3n cient\u00edfica en el campo del medioambiente y la sostenibilidad.<\/p>\n<\/div><\/div>\n<\/div>\n<\/div>\n\n\n\n<div class=\"wp-block-columns is-layout-flex wp-container-core-columns-is-layout-4 wp-block-columns-is-layout-flex\">\n<div class=\"wp-block-column is-layout-flow wp-block-column-is-layout-flow\">\n<div class=\"wp-block-group box-lines-left\"><div class=\"wp-block-group__inner-container is-layout-flow wp-block-group-is-layout-flow\">\n<h4 class=\"textTransform:uppercase fontWeight:normal has-primary-color has-text-color wp-block-heading\">Foro Cer\u00e1mico Hispalyt<\/h4>\n\n\n\n<p>El <a href=\"https:\/\/www.foroceramico.es\/\" data-type=\"URL\" data-id=\"https:\/\/www.foroceramico.es\/\" target=\"_blank\" rel=\"noreferrer noopener\">Foro Universitario Cer\u00e1mico Hispalyt<\/a> es el lugar de encuentro entre la industria cer\u00e1mica y las escuelas de Arquitectura y de Arquitectura T\u00e9cnica espa\u00f1olas para que los futuros arquitectos tengan un mayor conocimiento de ladrillos y tejas.<\/p>\n<\/div><\/div>\n<\/div>\n\n\n\n<div class=\"wp-block-column is-layout-flow wp-block-column-is-layout-flow\">\n<div class=\"wp-block-group box-lines-left\"><div class=\"wp-block-group__inner-container is-layout-flow wp-block-group-is-layout-flow\">\n<h4 class=\"textTransform:uppercase fontWeight:normal has-primary-color has-text-color wp-block-heading\">BIOCONSTRUCCI\u00d3N<\/h4>\n\n\n\n<p>Colaboramos con diversas iniciativas universitarias encaminadas a la investigaci\u00f3n y docencia sobre bioconstrucci\u00f3n con materiales de arcilla y adobe procedente de nuestras explotaciones mineras.<\/p>\n<\/div><\/div>\n<\/div>\n<\/div>\n\n\n\n<div class=\"wp-block-columns is-layout-flex wp-container-core-columns-is-layout-5 wp-block-columns-is-layout-flex\">\n<div class=\"wp-block-column is-layout-flow wp-block-column-is-layout-flow\" style=\"flex-basis:50%\">\n<div class=\"wp-block-group box-lines-left\"><div class=\"wp-block-group__inner-container is-layout-flow wp-block-group-is-layout-flow\">\n<h4 class=\"textTransform:uppercase fontWeight:normal has-primary-color has-text-color wp-block-heading\">Industria 4.0<\/h4>\n\n\n\n<p>Las plantas de Cer\u00e1mica Campo cuentan con tecnolog\u00eda de vanguardia para el control de hornos y secaderos, as\u00ed como sistemas robotizados de extrusi\u00f3n y carga de vagonetas.<\/p>\n<\/div><\/div>\n<\/div>\n\n\n\n<div class=\"wp-block-column is-layout-flow wp-block-column-is-layout-flow\" style=\"flex-basis:50%\"><\/div>\n<\/div>\n<\/div><\/div>\n\n\n\n<h2 class=\"has-primary-color has-text-color wp-block-heading\"> Laboratorios y organismos de certificaci\u00f3n <\/h2>\n\n\n\n<p>Cer\u00e1mica Campo trabaja con los mejores laboratorios, organismos de inspecci\u00f3n y certificaci\u00f3n y proveedores de servicios de la construcci\u00f3n de Espa\u00f1a para ofrecer productos ensayados y certificados de la m\u00e1xima calidad.<\/p>\n\n\n\n<figure class=\"wp-block-gallery aligncenter columns-3  ajuste-galeria wp-block-gallery-1 is-layout-flex wp-block-gallery-is-layout-flex\"><ul class=\"blocks-gallery-grid\"><li class=\"blocks-gallery-item\"><figure><img loading=\"lazy\" decoding=\"async\" width=\"200\" height=\"200\" src=\"https:\/\/ceramicacampo.es\/wp-content\/uploads\/logo-aenor.png\" alt=\"Logo AENOR\" data-id=\"239403\" data-full-url=\"https:\/\/ceramicacampo.es\/wp-content\/uploads\/logo-aenor.png\" data-link=\"https:\/\/ceramicacampo.es\/?attachment_id=239403\" class=\"wp-image-239403\" srcset=\"https:\/\/proyectos.bannisterglobal.com\/campo\/wp-content\/uploads\/logo-aenor.png 200w, https:\/\/proyectos.bannisterglobal.com\/campo\/wp-content\/uploads\/logo-aenor-150x150.png 150w\" sizes=\"(max-width: 200px) 100vw, 200px\" \/><\/figure><\/li><li class=\"blocks-gallery-item\"><figure><img loading=\"lazy\" decoding=\"async\" width=\"200\" height=\"200\" src=\"https:\/\/ceramicacampo.es\/wp-content\/uploads\/logo-applus.png\" alt=\"Logo Applus\" data-id=\"239404\" data-full-url=\"https:\/\/ceramicacampo.es\/wp-content\/uploads\/logo-applus.png\" data-link=\"https:\/\/ceramicacampo.es\/?attachment_id=239404\" class=\"wp-image-239404\" srcset=\"https:\/\/proyectos.bannisterglobal.com\/campo\/wp-content\/uploads\/logo-applus.png 200w, https:\/\/proyectos.bannisterglobal.com\/campo\/wp-content\/uploads\/logo-applus-150x150.png 150w\" sizes=\"(max-width: 200px) 100vw, 200px\" \/><\/figure><\/li><li class=\"blocks-gallery-item\"><figure><img loading=\"lazy\" decoding=\"async\" width=\"200\" height=\"200\" src=\"https:\/\/ceramicacampo.es\/wp-content\/uploads\/logo-bimobject.png\" alt=\"Logo Bimobject\" data-id=\"239405\" data-full-url=\"https:\/\/ceramicacampo.es\/wp-content\/uploads\/logo-bimobject.png\" data-link=\"https:\/\/ceramicacampo.es\/?attachment_id=239405\" class=\"wp-image-239405\" srcset=\"https:\/\/proyectos.bannisterglobal.com\/campo\/wp-content\/uploads\/logo-bimobject.png 200w, https:\/\/proyectos.bannisterglobal.com\/campo\/wp-content\/uploads\/logo-bimobject-150x150.png 150w\" sizes=\"(max-width: 200px) 100vw, 200px\" \/><\/figure><\/li><li class=\"blocks-gallery-item\"><figure><img loading=\"lazy\" decoding=\"async\" width=\"200\" height=\"200\" src=\"https:\/\/ceramicacampo.es\/wp-content\/uploads\/logo-cype.png\" alt=\"Logo Cype\" data-id=\"239406\" data-full-url=\"https:\/\/ceramicacampo.es\/wp-content\/uploads\/logo-cype.png\" data-link=\"https:\/\/ceramicacampo.es\/?attachment_id=239406\" class=\"wp-image-239406\" srcset=\"https:\/\/proyectos.bannisterglobal.com\/campo\/wp-content\/uploads\/logo-cype.png 200w, https:\/\/proyectos.bannisterglobal.com\/campo\/wp-content\/uploads\/logo-cype-150x150.png 150w\" sizes=\"(max-width: 200px) 100vw, 200px\" \/><\/figure><\/li><li class=\"blocks-gallery-item\"><figure><img loading=\"lazy\" decoding=\"async\" width=\"200\" height=\"200\" src=\"https:\/\/ceramicacampo.es\/wp-content\/uploads\/logo-eusko.png\" alt=\"Logo Eusko\" data-id=\"239407\" data-full-url=\"https:\/\/ceramicacampo.es\/wp-content\/uploads\/logo-eusko.png\" data-link=\"https:\/\/ceramicacampo.es\/?attachment_id=239407\" class=\"wp-image-239407\" srcset=\"https:\/\/proyectos.bannisterglobal.com\/campo\/wp-content\/uploads\/logo-eusko.png 200w, https:\/\/proyectos.bannisterglobal.com\/campo\/wp-content\/uploads\/logo-eusko-150x150.png 150w\" sizes=\"(max-width: 200px) 100vw, 200px\" \/><\/figure><\/li><li class=\"blocks-gallery-item\"><figure><img loading=\"lazy\" decoding=\"async\" width=\"200\" height=\"200\" src=\"https:\/\/ceramicacampo.es\/wp-content\/uploads\/logo-itec.png\" alt=\"Logo ITeC\" data-id=\"239408\" data-full-url=\"https:\/\/ceramicacampo.es\/wp-content\/uploads\/logo-itec.png\" data-link=\"https:\/\/ceramicacampo.es\/?attachment_id=239408\" class=\"wp-image-239408\" srcset=\"https:\/\/proyectos.bannisterglobal.com\/campo\/wp-content\/uploads\/logo-itec.png 200w, https:\/\/proyectos.bannisterglobal.com\/campo\/wp-content\/uploads\/logo-itec-150x150.png 150w\" sizes=\"(max-width: 200px) 100vw, 200px\" \/><\/figure><\/li><li class=\"blocks-gallery-item\"><figure><img loading=\"lazy\" decoding=\"async\" width=\"200\" height=\"200\" src=\"https:\/\/ceramicacampo.es\/wp-content\/uploads\/logo-loemco.png\" alt=\"Logo LOEMCO\" data-id=\"239409\" data-full-url=\"https:\/\/ceramicacampo.es\/wp-content\/uploads\/logo-loemco.png\" data-link=\"https:\/\/ceramicacampo.es\/?attachment_id=239409\" class=\"wp-image-239409\" srcset=\"https:\/\/proyectos.bannisterglobal.com\/campo\/wp-content\/uploads\/logo-loemco.png 200w, https:\/\/proyectos.bannisterglobal.com\/campo\/wp-content\/uploads\/logo-loemco-150x150.png 150w\" sizes=\"(max-width: 200px) 100vw, 200px\" \/><\/figure><\/li><\/ul><\/figure>\n","protected":false},"excerpt":{"rendered":"<p>El compromiso de Cer\u00e1mica Campo con la innovaci\u00f3n y la calidad es una constante desde los primeros ladrillos que se produjeron en nuestro primer horno. [&hellip;]<\/p>\n","protected":false},"author":1,"featured_media":0,"parent":0,"menu_order":0,"comment_status":"closed","ping_status":"closed","template":"","meta":{"_uag_custom_page_level_css":"","ngg_post_thumbnail":0,"footnotes":""},"acf":[],"uagb_featured_image_src":{"full":false,"thumbnail":false,"medium":false,"medium_large":false,"large":false,"1536x1536":false,"2048x2048":false,"glossa-squared-image":false,"glossa-3x2-image":false,"glossa-halfwidth-image":false,"glossa-fullwidth-image":false},"uagb_author_info":{"display_name":"bannisterglobal","author_link":"https:\/\/proyectos.bannisterglobal.com\/campo\/author\/bannisterglobal\/"},"uagb_comment_info":0,"uagb_excerpt":"El compromiso de Cer\u00e1mica Campo con la innovaci\u00f3n y la calidad es una constante desde los primeros ladrillos que se produjeron en nuestro primer horno. [&hellip;]","_links":{"self":[{"href":"https:\/\/proyectos.bannisterglobal.com\/campo\/wp-json\/wp\/v2\/pages\/158"}],"collection":[{"href":"https:\/\/proyectos.bannisterglobal.com\/campo\/wp-json\/wp\/v2\/pages"}],"about":[{"href":"https:\/\/proyectos.bannisterglobal.com\/campo\/wp-json\/wp\/v2\/types\/page"}],"author":[{"embeddable":true,"href":"https:\/\/proyectos.bannisterglobal.com\/campo\/wp-json\/wp\/v2\/users\/1"}],"replies":[{"embeddable":true,"href":"https:\/\/proyectos.bannisterglobal.com\/campo\/wp-json\/wp\/v2\/comments?post=158"}],"version-history":[{"count":5,"href":"https:\/\/proyectos.bannisterglobal.com\/campo\/wp-json\/wp\/v2\/pages\/158\/revisions"}],"predecessor-version":[{"id":241128,"href":"https:\/\/proyectos.bannisterglobal.com\/campo\/wp-json\/wp\/v2\/pages\/158\/revisions\/241128"}],"wp:attachment":[{"href":"https:\/\/proyectos.bannisterglobal.com\/campo\/wp-json\/wp\/v2\/media?parent=158"}],"curies":[{"name":"wp","href":"https:\/\/api.w.org\/{rel}","templated":true}]}}