{"id":159,"date":"2020-11-03T12:26:28","date_gmt":"2020-11-03T12:26:28","guid":{"rendered":"https:\/\/ceramicacampo.es\/?page_id=159"},"modified":"2021-04-15T12:25:43","modified_gmt":"2021-04-15T12:25:43","slug":"sostenibilidad","status":"publish","type":"page","link":"https:\/\/proyectos.bannisterglobal.com\/campo\/sostenibilidad\/","title":{"rendered":"Sostenibilidad"},"content":{"rendered":"\n<div class=\"wp-block-cover alignfull has-background-dim\"><img loading=\"lazy\" decoding=\"async\" width=\"1918\" height=\"800\" class=\"wp-block-cover__image-background wp-image-1259\" alt=\"\" src=\"https:\/\/ceramicacampo.es\/wp-content\/uploads\/ceramica-campo-sostenibilidad-00-2.jpg\" data-object-fit=\"cover\" srcset=\"https:\/\/proyectos.bannisterglobal.com\/campo\/wp-content\/uploads\/ceramica-campo-sostenibilidad-00-2.jpg 1918w, https:\/\/proyectos.bannisterglobal.com\/campo\/wp-content\/uploads\/ceramica-campo-sostenibilidad-00-2-300x125.jpg 300w, https:\/\/proyectos.bannisterglobal.com\/campo\/wp-content\/uploads\/ceramica-campo-sostenibilidad-00-2-1024x427.jpg 1024w, https:\/\/proyectos.bannisterglobal.com\/campo\/wp-content\/uploads\/ceramica-campo-sostenibilidad-00-2-768x320.jpg 768w, https:\/\/proyectos.bannisterglobal.com\/campo\/wp-content\/uploads\/ceramica-campo-sostenibilidad-00-2-1536x641.jpg 1536w, https:\/\/proyectos.bannisterglobal.com\/campo\/wp-content\/uploads\/ceramica-campo-sostenibilidad-00-2-760x317.jpg 760w, https:\/\/proyectos.bannisterglobal.com\/campo\/wp-content\/uploads\/ceramica-campo-sostenibilidad-00-2-1250x521.jpg 1250w, https:\/\/proyectos.bannisterglobal.com\/campo\/wp-content\/uploads\/ceramica-campo-sostenibilidad-00-2-960x400.jpg 960w\" sizes=\"(max-width: 1918px) 100vw, 1918px\" \/><div class=\"wp-block-cover__inner-container is-layout-flow wp-block-cover-is-layout-flow\">\n<h1 class=\"has-white-color has-text-color wp-block-heading\">Miner\u00eda e industria sostenibles<br><\/h1>\n<\/div><\/div>\n\n\n\n<div class=\"wp-block-group\"><div class=\"wp-block-group__inner-container is-layout-flow wp-block-group-is-layout-flow\">\n<div class=\"wp-block-columns is-layout-flex wp-container-core-columns-is-layout-1 wp-block-columns-is-layout-flex\">\n<div class=\"wp-block-column is-layout-flow wp-block-column-is-layout-flow\">\n<p><strong>La actividad de Cer\u00e1mica Campo es compatible con el medioambiente <\/strong>y part\u00edcipe del ciclo de la econom\u00eda circular. Producimos materiales de origen natural, seguros, duraderos, vers\u00e1tiles y econ\u00f3micos.<\/p>\n\n\n\n<p>El prop\u00f3sito de Cer\u00e1mica Campo es la<strong> fabricaci\u00f3n de materiales de construcci\u00f3n de una manera sostenible,<\/strong> con una base de materias primas naturales, extra\u00eddas de manera respetuosa con el medioambiente, que faciliten la optimizaci\u00f3n del proceso de construcci\u00f3n y que formen parte fundamental de edificaciones eco eficientes.<\/p>\n<\/div>\n\n\n\n<div class=\"wp-block-column is-layout-flow wp-block-column-is-layout-flow\">\n<figure class=\"wp-block-video\"><video controls poster=\"https:\/\/ceramicacampo.es\/wp-content\/uploads\/capturas-video-campo-2-02.jpg\" src=\"https:\/\/ceramicacampo.es\/wp-content\/uploads\/por-que-son-sostenibles-los-materiales-ceramicos_.mp4\"><\/video><\/figure>\n<\/div>\n<\/div>\n<\/div><\/div>\n\n\n\n<div class=\"wp-block-group\"><div class=\"wp-block-group__inner-container is-layout-flow wp-block-group-is-layout-flow\">\n<div class=\"wp-block-columns pt4 is-layout-flex wp-container-core-columns-is-layout-2 wp-block-columns-is-layout-flex\">\n<div class=\"wp-block-column is-layout-flow wp-block-column-is-layout-flow\">\n<div class=\"wp-block-group iconBox\"><div class=\"wp-block-group__inner-container is-layout-flow wp-block-group-is-layout-flow\">\n<div class=\"wp-block-image\"><figure class=\"aligncenter size-large is-resized\"><img loading=\"lazy\" decoding=\"async\" src=\"https:\/\/ceramicacampo.es\/wp-content\/uploads\/high-quality-raw-materials.svg\" alt=\"\" class=\"wp-image-1098\" width=\"113\" height=\"113\"\/><\/figure><\/div>\n\n\n\n<p class=\"has-text-align-center has-medium-font-size\"><strong><strong>Miner\u00eda sostenible<\/strong><\/strong><\/p>\n\n\n\n<p class=\"has-text-align-center\">Nuestra actividad minera se realiza con las mejores y m\u00e1s modernas pr\u00e1cticas para un aprovechamiento racional, ordenado y eficiente de la arcilla. Se realiza en explotaciones a cielo abierto con medios mec\u00e1nicos convencionales.<\/p>\n<\/div><\/div>\n<\/div>\n\n\n\n<div class=\"wp-block-column is-layout-flow wp-block-column-is-layout-flow\">\n<div class=\"wp-block-group iconBox\"><div class=\"wp-block-group__inner-container is-layout-flow wp-block-group-is-layout-flow\">\n<div class=\"wp-block-image\"><figure class=\"aligncenter size-large is-resized\"><img loading=\"lazy\" decoding=\"async\" src=\"https:\/\/ceramicacampo.es\/wp-content\/uploads\/restauraciones-mineras.svg\" alt=\"\" class=\"wp-image-1213\" width=\"113\" height=\"113\"\/><\/figure><\/div>\n\n\n\n<p class=\"has-text-align-center has-medium-font-size\"><strong><strong>Materiales naturales<\/strong><\/strong><\/p>\n\n\n\n<p class=\"has-text-align-center\">Los productos cer\u00e1micos respetan el medioambiente, al tratarse de materiales naturales, que se fabrican a partir de arcilla, fuego y agua, con un escaso desperdicio de material, que puede ser reutilizado.<\/p>\n<\/div><\/div>\n<\/div>\n\n\n\n<div class=\"wp-block-column is-layout-flow wp-block-column-is-layout-flow\">\n<div class=\"wp-block-group iconBox\"><div class=\"wp-block-group__inner-container is-layout-flow wp-block-group-is-layout-flow\">\n<div class=\"wp-block-image\"><figure class=\"aligncenter size-large is-resized\"><img loading=\"lazy\" decoding=\"async\" src=\"https:\/\/ceramicacampo.es\/wp-content\/uploads\/combustibles-reciclados-1.svg\" alt=\"\" class=\"wp-image-1145\" width=\"113\" height=\"113\"\/><\/figure><\/div>\n\n\n\n<p class=\"has-text-align-center has-medium-font-size\"><strong><strong>Combustibles reciclados<\/strong><\/strong><\/p>\n\n\n\n<p class=\"has-text-align-center\">Cer\u00e1mica Campo emplea s\u00edmil fuel, obtenido del reciclaje de aceites minerales de automoci\u00f3n, y biomasa de aceituna (un subproducto de la fabricaci\u00f3n de aceite de consumo humano) para cocer la arcilla y convertirla en cer\u00e1mica.<\/p>\n<\/div><\/div>\n<\/div>\n\n\n\n<div class=\"wp-block-column is-layout-flow wp-block-column-is-layout-flow\">\n<div class=\"wp-block-group iconBox\"><div class=\"wp-block-group__inner-container is-layout-flow wp-block-group-is-layout-flow\">\n<div class=\"wp-block-image\"><figure class=\"aligncenter size-large is-resized\"><img loading=\"lazy\" decoding=\"async\" src=\"https:\/\/ceramicacampo.es\/wp-content\/uploads\/ahorro-energetico.svg\" alt=\"\" class=\"wp-image-1142\" width=\"113\" height=\"113\"\/><\/figure><\/div>\n\n\n\n<p class=\"has-text-align-center has-medium-font-size\"><strong>Ahorro energ\u00e9tico<\/strong><\/p>\n\n\n\n<p class=\"has-text-align-center\">Se han desarrollado huertos solares para producir electricidad y plantas de cogeneraci\u00f3n para minimizar el consumo de energ\u00eda de en nuestros activos industriales, as\u00ed como programas de eficiencia energ\u00e9tica en iluminaci\u00f3n.<\/p>\n<\/div><\/div>\n<\/div>\n<\/div>\n\n\n\n<div class=\"wp-block-columns pt4 is-layout-flex wp-container-core-columns-is-layout-3 wp-block-columns-is-layout-flex\">\n<div class=\"wp-block-column is-layout-flow wp-block-column-is-layout-flow\">\n<div class=\"wp-block-group iconBox\"><div class=\"wp-block-group__inner-container is-layout-flow wp-block-group-is-layout-flow\">\n<div class=\"wp-block-image\"><figure class=\"aligncenter size-large is-resized\"><img loading=\"lazy\" decoding=\"async\" src=\"https:\/\/ceramicacampo.es\/wp-content\/uploads\/materiales-naturales-1.svg\" alt=\"\" class=\"wp-image-1132\" width=\"113\" height=\"113\"\/><\/figure><\/div>\n\n\n\n<p class=\"has-text-align-center has-medium-font-size\"><strong><strong>Restauraciones mineras<\/strong><\/strong><\/p>\n\n\n\n<p class=\"has-text-align-center\">Cuando cerramos una cantera de arcilla realizamos una restauraci\u00f3n completa para que el espacio se revalorice y pueda tener un uso igual o superior al anterior a la actividad minera, como lagunas para fauna salvaje o huertos solares.<\/p>\n<\/div><\/div>\n<\/div>\n\n\n\n<div class=\"wp-block-column is-layout-flow wp-block-column-is-layout-flow\">\n<div class=\"wp-block-group iconBox\"><div class=\"wp-block-group__inner-container is-layout-flow wp-block-group-is-layout-flow\">\n<div class=\"wp-block-image\"><figure class=\"aligncenter size-large is-resized\"><img loading=\"lazy\" decoding=\"async\" src=\"https:\/\/ceramicacampo.es\/wp-content\/uploads\/logo-natura-fondo-rojo.svg\" alt=\"\" class=\"wp-image-1308\" width=\"113\" height=\"113\"\/><\/figure><\/div>\n\n\n\n<p class=\"has-text-align-center has-medium-font-size\"><strong><strong>Compatibilidad con Red Natura<\/strong><\/strong><\/p>\n\n\n\n<p class=\"has-text-align-center\">Cer\u00e1mica Campo extrae arcilla de manera sostenible en distintas ubicaciones de Galicia desde hace 80 a\u00f1os en zonas de especial protecci\u00f3n medioambiental. Seg\u00fan la UE las actividades de miner\u00eda sostenible tienen cabida en Red Natura 2000.<\/p>\n<\/div><\/div>\n<\/div>\n\n\n\n<div class=\"wp-block-column is-layout-flow wp-block-column-is-layout-flow\">\n<div class=\"wp-block-group iconBox\"><div class=\"wp-block-group__inner-container is-layout-flow wp-block-group-is-layout-flow\">\n<div class=\"wp-block-image\"><figure class=\"aligncenter size-large is-resized\"><img loading=\"lazy\" decoding=\"async\" src=\"https:\/\/ceramicacampo.es\/wp-content\/uploads\/resistencia-al-calor.svg\" alt=\"\" class=\"wp-image-500\" width=\"113\" height=\"113\"\/><\/figure><\/div>\n\n\n\n<p class=\"has-text-align-center has-medium-font-size\"><strong><strong>Productos eco eficientes<\/strong><\/strong><\/p>\n\n\n\n<p class=\"has-text-align-center\">Tenemos gran inter\u00e9s en el desarrollo de materiales de construcci\u00f3n con criterios de sostenibilidad como <a href=\"https:\/\/ceramicacampo.es\/soluciones\/pavimentos-de-hormigon-prefabricado\/\" target=\"_blank\" aria-label=\" (opens in a new tab)\" rel=\"noreferrer noopener nofollow\" class=\"rank-math-link\">pavimentos fotocatal\u00edticos<\/a> y <a href=\"https:\/\/ceramicacampo.es\/soluciones\/construccion-ecoeficiente-con-termoarcilla\/\" target=\"_blank\" aria-label=\" (opens in a new tab)\" rel=\"noreferrer noopener nofollow\" class=\"rank-math-link\">Termoarcillas<\/a> para la construcci\u00f3n de edificios de consumo casi nulo (EECN) y Passivhaus.<\/p>\n<\/div><\/div>\n<\/div>\n\n\n\n<div class=\"wp-block-column is-layout-flow wp-block-column-is-layout-flow\">\n<div class=\"wp-block-group iconBox\"><div class=\"wp-block-group__inner-container is-layout-flow wp-block-group-is-layout-flow\">\n<div class=\"wp-block-image\"><figure class=\"aligncenter size-large is-resized\"><img loading=\"lazy\" decoding=\"async\" src=\"https:\/\/ceramicacampo.es\/wp-content\/uploads\/productos-reciclables.svg\" alt=\"\" class=\"wp-image-1123\" width=\"113\" height=\"113\"\/><\/figure><\/div>\n\n\n\n<p class=\"has-text-align-center has-medium-font-size\"><strong><strong>Productos reciclables<\/strong><\/strong><\/p>\n\n\n\n<p class=\"has-text-align-center\">La Lista Europea de Residuos (LER) clasifica a los residuos de construcci\u00f3n y demolici\u00f3n cer\u00e1micos como inertes, por lo que son reciclables para usos como \u00e1ridos reciclados, \u00e1ridos para hormig\u00f3n, tierra batida en pistas de tenis o substrato de plantas.<\/p>\n<\/div><\/div>\n<\/div>\n<\/div>\n<\/div><\/div>\n\n\n\n<div class=\"wp-block-image\"><figure class=\"aligncenter size-large\"><img loading=\"lazy\" decoding=\"async\" width=\"1024\" height=\"576\" src=\"https:\/\/ceramicacampo.es\/wp-content\/uploads\/ceramica-campo-solar-instalacion-autoconsumo-1024x576.jpg\" alt=\"Ceramica campo solar instalacion autoconsumo\" class=\"wp-image-237258\" srcset=\"https:\/\/proyectos.bannisterglobal.com\/campo\/wp-content\/uploads\/ceramica-campo-solar-instalacion-autoconsumo-1024x576.jpg 1024w, https:\/\/proyectos.bannisterglobal.com\/campo\/wp-content\/uploads\/ceramica-campo-solar-instalacion-autoconsumo-300x169.jpg 300w, https:\/\/proyectos.bannisterglobal.com\/campo\/wp-content\/uploads\/ceramica-campo-solar-instalacion-autoconsumo-768x432.jpg 768w, https:\/\/proyectos.bannisterglobal.com\/campo\/wp-content\/uploads\/ceramica-campo-solar-instalacion-autoconsumo-1536x864.jpg 1536w, https:\/\/proyectos.bannisterglobal.com\/campo\/wp-content\/uploads\/ceramica-campo-solar-instalacion-autoconsumo-760x428.jpg 760w, https:\/\/proyectos.bannisterglobal.com\/campo\/wp-content\/uploads\/ceramica-campo-solar-instalacion-autoconsumo-1250x703.jpg 1250w, https:\/\/proyectos.bannisterglobal.com\/campo\/wp-content\/uploads\/ceramica-campo-solar-instalacion-autoconsumo.jpg 1920w\" sizes=\"(max-width: 1024px) 100vw, 1024px\" \/><figcaption>Instalaci\u00f3n de energ\u00eda solar para autoconsumo fotovolt\u00e1ico en la planta de Vilalonga-Sanxenxo (Pontevedra).<\/figcaption><\/figure><\/div>\n","protected":false},"excerpt":{"rendered":"<p>La actividad de Cer\u00e1mica Campo es compatible con el medioambiente y part\u00edcipe del ciclo de la econom\u00eda circular. Producimos materiales de origen natural, seguros, duraderos, [&hellip;]<\/p>\n","protected":false},"author":1,"featured_media":0,"parent":0,"menu_order":0,"comment_status":"closed","ping_status":"closed","template":"","meta":{"_uag_custom_page_level_css":"","ngg_post_thumbnail":0,"footnotes":""},"acf":[],"uagb_featured_image_src":{"full":false,"thumbnail":false,"medium":false,"medium_large":false,"large":false,"1536x1536":false,"2048x2048":false,"glossa-squared-image":false,"glossa-3x2-image":false,"glossa-halfwidth-image":false,"glossa-fullwidth-image":false},"uagb_author_info":{"display_name":"bannisterglobal","author_link":"https:\/\/proyectos.bannisterglobal.com\/campo\/author\/bannisterglobal\/"},"uagb_comment_info":0,"uagb_excerpt":"La actividad de Cer\u00e1mica Campo es compatible con el medioambiente y part\u00edcipe del ciclo de la econom\u00eda circular. Producimos materiales de origen natural, seguros, duraderos, [&hellip;]","_links":{"self":[{"href":"https:\/\/proyectos.bannisterglobal.com\/campo\/wp-json\/wp\/v2\/pages\/159"}],"collection":[{"href":"https:\/\/proyectos.bannisterglobal.com\/campo\/wp-json\/wp\/v2\/pages"}],"about":[{"href":"https:\/\/proyectos.bannisterglobal.com\/campo\/wp-json\/wp\/v2\/types\/page"}],"author":[{"embeddable":true,"href":"https:\/\/proyectos.bannisterglobal.com\/campo\/wp-json\/wp\/v2\/users\/1"}],"replies":[{"embeddable":true,"href":"https:\/\/proyectos.bannisterglobal.com\/campo\/wp-json\/wp\/v2\/comments?post=159"}],"version-history":[{"count":4,"href":"https:\/\/proyectos.bannisterglobal.com\/campo\/wp-json\/wp\/v2\/pages\/159\/revisions"}],"predecessor-version":[{"id":237261,"href":"https:\/\/proyectos.bannisterglobal.com\/campo\/wp-json\/wp\/v2\/pages\/159\/revisions\/237261"}],"wp:attachment":[{"href":"https:\/\/proyectos.bannisterglobal.com\/campo\/wp-json\/wp\/v2\/media?parent=159"}],"curies":[{"name":"wp","href":"https:\/\/api.w.org\/{rel}","templated":true}]}}