{"id":160,"date":"2020-11-03T12:26:33","date_gmt":"2020-11-03T12:26:33","guid":{"rendered":"https:\/\/ceramicacampo.es\/?page_id=160"},"modified":"2022-06-02T09:50:33","modified_gmt":"2022-06-02T09:50:33","slug":"nosotros-ceramica-campo-empresa","status":"publish","type":"page","link":"https:\/\/proyectos.bannisterglobal.com\/campo\/nosotros-ceramica-campo-empresa\/","title":{"rendered":"Empresa"},"content":{"rendered":"\n<div class=\"wp-block-cover alignfull has-background-dim\"><img loading=\"lazy\" decoding=\"async\" width=\"2000\" height=\"872\" class=\"wp-block-cover__image-background wp-image-732\" alt=\"\" src=\"https:\/\/ceramicacampo.es\/wp-content\/uploads\/ceramica-campo-pavimento.jpg\" data-object-fit=\"cover\" srcset=\"https:\/\/proyectos.bannisterglobal.com\/campo\/wp-content\/uploads\/ceramica-campo-pavimento.jpg 2000w, https:\/\/proyectos.bannisterglobal.com\/campo\/wp-content\/uploads\/ceramica-campo-pavimento-300x131.jpg 300w, https:\/\/proyectos.bannisterglobal.com\/campo\/wp-content\/uploads\/ceramica-campo-pavimento-1024x446.jpg 1024w, https:\/\/proyectos.bannisterglobal.com\/campo\/wp-content\/uploads\/ceramica-campo-pavimento-768x335.jpg 768w, https:\/\/proyectos.bannisterglobal.com\/campo\/wp-content\/uploads\/ceramica-campo-pavimento-1536x670.jpg 1536w, https:\/\/proyectos.bannisterglobal.com\/campo\/wp-content\/uploads\/ceramica-campo-pavimento-760x331.jpg 760w, https:\/\/proyectos.bannisterglobal.com\/campo\/wp-content\/uploads\/ceramica-campo-pavimento-1250x545.jpg 1250w, https:\/\/proyectos.bannisterglobal.com\/campo\/wp-content\/uploads\/ceramica-campo-pavimento-1920x837.jpg 1920w, https:\/\/proyectos.bannisterglobal.com\/campo\/wp-content\/uploads\/ceramica-campo-pavimento-960x419.jpg 960w\" sizes=\"(max-width: 2000px) 100vw, 2000px\" \/><div class=\"wp-block-cover__inner-container is-layout-flow wp-block-cover-is-layout-flow\">\n<h1 class=\"has-white-color has-text-color wp-block-heading\">Compromiso con el desarrollo social de Galicia<br><\/h1>\n<\/div><\/div>\n\n\n\n<div class=\"wp-block-group\"><div class=\"wp-block-group__inner-container is-layout-flow wp-block-group-is-layout-flow\">\n<div class=\"wp-block-columns is-layout-flex wp-container-core-columns-is-layout-2 wp-block-columns-is-layout-flex\">\n<div class=\"wp-block-column is-layout-flow wp-block-column-is-layout-flow\">\n<div class=\"wp-block-columns is-layout-flex wp-container-core-columns-is-layout-1 wp-block-columns-is-layout-flex\">\n<div class=\"wp-block-column is-layout-flow wp-block-column-is-layout-flow\">\n<p>Cer\u00e1mica Campo es la marca de materiales de construcci\u00f3n (cer\u00e1mica y prefabricados de hormig\u00f3n) que <strong>inici\u00f3 su actividad en los a\u00f1os 1940 <\/strong>por iniciativa de <strong>Epifanio Campo N\u00fa\u00f1ez. <\/strong>Desde esa fecha y hasta la actualidad, los activos industriales que fabrican los productos de Cer\u00e1mica Campo pertenecen a la familia Campo, que controla sus l\u00edneas de negocio a trav\u00e9s del <strong><span style=\"text-decoration: underline;\"><a rel=\"noreferrer noopener\" href=\"https:\/\/www.rodonitamedioambiente.com\/\" data-type=\"URL\" data-id=\"https:\/\/www.rodonitamedioambiente.com\/\" target=\"_blank\">Grupo Rodonita.<\/a><\/span><\/strong> La actividad de Cer\u00e1mica Campo crea y <strong>ha creado valor para Galicia <\/strong>en forma de empleo industrial de alta calidad y dinamizaci\u00f3n econ\u00f3mica en \u00e1reas rurales.<\/p>\n\n\n\n<p>Cer\u00e1mica Campo cuenta con <strong>cuatro plantas industriales<\/strong> y <strong>explotaciones mineras<\/strong> para la extracci\u00f3n de arcillas de alta calidad en las localidades de<strong> Villalonga,<\/strong> en <strong>Sanxenxo <\/strong>(Pontevedra); <strong>Lendo<\/strong>, en Laracha (A Coru\u00f1a) y Albixoi, en <strong>Mes\u00eda <\/strong>(A Coru\u00f1a). En todas ellas produce materiales de construcci\u00f3n para el noroeste de Espa\u00f1a y productos industriales para exportaci\u00f3n.<\/p>\n<\/div>\n\n\n\n<div class=\"wp-block-column is-layout-flow wp-block-column-is-layout-flow\">\n<figure class=\"wp-block-embed is-type-video is-provider-youtube wp-block-embed-youtube wp-embed-aspect-16-9 wp-has-aspect-ratio\"><div class=\"wp-block-embed__wrapper\">\n<iframe loading=\"lazy\" title=\"\u00bfQu\u00e9 es Cer\u00e1mica Campo?\" width=\"500\" height=\"281\" src=\"https:\/\/www.youtube.com\/embed\/z6uwxjfHz5E?feature=oembed\" frameborder=\"0\" allow=\"accelerometer; autoplay; clipboard-write; encrypted-media; gyroscope; picture-in-picture; web-share\" referrerpolicy=\"strict-origin-when-cross-origin\" allowfullscreen><\/iframe>\n<\/div><\/figure>\n<\/div>\n<\/div>\n<\/div>\n<\/div>\n<\/div><\/div>\n\n\n\n<div class=\"wp-block-group\"><div class=\"wp-block-group__inner-container is-layout-flow wp-block-group-is-layout-flow\">\n<div class=\"wp-block-columns pt4 is-layout-flex wp-container-core-columns-is-layout-3 wp-block-columns-is-layout-flex\">\n<div class=\"wp-block-column is-layout-flow wp-block-column-is-layout-flow\">\n<div class=\"wp-block-group iconBox\"><div class=\"wp-block-group__inner-container is-layout-flow wp-block-group-is-layout-flow\">\n<div class=\"wp-block-group\"><div class=\"wp-block-group__inner-container is-layout-flow wp-block-group-is-layout-flow\">\n<div class=\"wp-block-image\"><figure class=\"aligncenter size-large is-resized\"><img loading=\"lazy\" decoding=\"async\" src=\"https:\/\/ceramicacampo.es\/wp-content\/uploads\/icono-fabrica-2-linea-roja.svg\" alt=\"\" class=\"wp-image-1115\" width=\"211\" height=\"113\"\/><\/figure><\/div>\n\n\n\n<p class=\"has-text-align-center has-medium-font-size\"><strong>4 plantas en Galicia<\/strong><\/p>\n<\/div><\/div>\n<\/div><\/div>\n<\/div>\n\n\n\n<div class=\"wp-block-column is-layout-flow wp-block-column-is-layout-flow\">\n<div class=\"wp-block-group iconBox\"><div class=\"wp-block-group__inner-container is-layout-flow wp-block-group-is-layout-flow\">\n<div class=\"wp-block-group\"><div class=\"wp-block-group__inner-container is-layout-flow wp-block-group-is-layout-flow\">\n<div class=\"wp-block-image\"><figure class=\"aligncenter size-large is-resized\"><img loading=\"lazy\" decoding=\"async\" src=\"https:\/\/ceramicacampo.es\/wp-content\/uploads\/ladrillo-lineas-rojas-1.svg\" alt=\"\" class=\"wp-image-1129\" width=\"111\" height=\"113\"\/><\/figure><\/div>\n\n\n\n<p class=\"has-text-align-center has-medium-font-size\"><strong>120.000 t\/a\u00f1o de tejas y ladrillos<\/strong><\/p>\n<\/div><\/div>\n<\/div><\/div>\n<\/div>\n\n\n\n<div class=\"wp-block-column is-layout-flow wp-block-column-is-layout-flow\">\n<div class=\"wp-block-group iconBox\"><div class=\"wp-block-group__inner-container is-layout-flow wp-block-group-is-layout-flow\">\n<div class=\"wp-block-group\"><div class=\"wp-block-group__inner-container is-layout-flow wp-block-group-is-layout-flow\">\n<div class=\"wp-block-image\"><figure class=\"aligncenter size-large is-resized\"><img loading=\"lazy\" decoding=\"async\" src=\"https:\/\/ceramicacampo.es\/wp-content\/uploads\/pavimento-de-hormigon-linea-roja.svg\" alt=\"\" class=\"wp-image-1344\" width=\"167\" height=\"113\"\/><\/figure><\/div>\n\n\n\n<p class=\"has-text-align-center has-medium-font-size\"><strong>40.000 t\/a\u00f1o de pavimentos<\/strong><\/p>\n<\/div><\/div>\n<\/div><\/div>\n<\/div>\n\n\n\n<div class=\"wp-block-column is-layout-flow wp-block-column-is-layout-flow\">\n<div class=\"wp-block-group iconBox\"><div class=\"wp-block-group__inner-container is-layout-flow wp-block-group-is-layout-flow\">\n<div class=\"wp-block-group\"><div class=\"wp-block-group__inner-container is-layout-flow wp-block-group-is-layout-flow\">\n<div class=\"wp-block-image\"><figure class=\"aligncenter size-large is-resized\"><img loading=\"lazy\" decoding=\"async\" src=\"https:\/\/ceramicacampo.es\/wp-content\/uploads\/3-personas.svg\" alt=\"\" class=\"wp-image-1141\" width=\"113\" height=\"113\"\/><\/figure><\/div>\n\n\n\n<p class=\"has-text-align-center has-medium-font-size\"><strong>+ 100 profesionales<\/strong><\/p>\n<\/div><\/div>\n<\/div><\/div>\n<\/div>\n\n\n\n<div class=\"wp-block-column is-layout-flow wp-block-column-is-layout-flow\">\n<div class=\"wp-block-group iconBox\"><div class=\"wp-block-group__inner-container is-layout-flow wp-block-group-is-layout-flow\">\n<div class=\"wp-block-group\"><div class=\"wp-block-group__inner-container is-layout-flow wp-block-group-is-layout-flow\">\n<div class=\"wp-block-image\"><figure class=\"aligncenter size-large is-resized\"><img loading=\"lazy\" decoding=\"async\" src=\"https:\/\/ceramicacampo.es\/wp-content\/uploads\/2-personas-corazon.svg\" alt=\"\" class=\"wp-image-1140\" width=\"113\" height=\"113\"\/><\/figure><\/div>\n\n\n\n<p class=\"has-text-align-center has-medium-font-size\"><strong>+ 1.100 clientes satisfechos<\/strong><\/p>\n<\/div><\/div>\n<\/div><\/div>\n<\/div>\n<\/div>\n<\/div><\/div>\n\n\n\n<div class=\"wp-block-group\"><div class=\"wp-block-group__inner-container is-layout-flow wp-block-group-is-layout-flow\">\n<ul class=\"verticalStepsBar verticalStepsBar-dots\"><li>La actividad empresarial se inicia con la explotaci\u00f3n minera de los primeros yacimientos en la localidad de Vilalonga, en Sanxenxo (Pontevedra), fundamentalmente para obtener <strong>arcilla, caol\u00edn y feldespato;<\/strong> y su comercializaci\u00f3n como materias primas para el sector cer\u00e1mico.<\/li><li>Epifanio Campo N\u00fa\u00f1ez se implanta en la costa de <strong>Vilalonga<\/strong>, una zona rica en arcillas y con importante tradici\u00f3n de industria cer\u00e1mica desde el Siglo XIX.<\/li><li>En la d\u00e9cada de <strong>1950<\/strong> la empresa ampl\u00eda su actividad minera con la explotaci\u00f3n de nuevos yacimientos de <strong>arcilla en la localidad de Lendo<\/strong>, en Laracha (A Coru\u00f1a).<\/li><li>La d\u00e9cada de <strong>1960<\/strong> supuso la ampliaci\u00f3n de la actividad minera con la <strong>explotaci\u00f3n de los yacimientos mineros de Meirama, <\/strong>en Cerceda (A Coru\u00f1a), cuyas arcillas de aplicaci\u00f3n en el sector de los refractarios abrieron un nuevo campo de consumo de dichos recursos.<\/li><li>En la d\u00e9cada de <strong>1970<\/strong> la empresa, ya liderada por Epifanio Campo Fern\u00e1ndez, hijo del fundador, inicia una serie de inversiones en diversos sectores industriales y financieros. Una de ellas es la ampliaci\u00f3n de la f\u00e1brica de Laracha, para fabricaci\u00f3n exclusiva de ladriller\u00eda hueca de construcci\u00f3n, con una capacidad de producci\u00f3n de <strong>500 toneladas al d\u00eda, la m\u00e1s importante y moderna de Espa\u00f1a.<\/strong><\/li><li>En los a\u00f1os <strong>1980<\/strong> Cer\u00e1mica Campo ampl\u00eda su capacidad de producci\u00f3n de ladriller\u00eda hueca al adquirir una nueva industria en Vilalonga. Esta planta se modernizar\u00e1 en la d\u00e9cada de 2010 para producir s\u00f3lo <strong>materiales refractarios por extrusi\u00f3n, <\/strong>un producto industrial que se exporta a todo el mundo.<\/li><li>Al mismo tiempo, Cer\u00e1mica Campo inicia la producci\u00f3n de <strong>prefabricados de hormig\u00f3n<\/strong> (losas, bordillos, bloques\u2026) y de otros elementos pretensados (viguetas, ferralla\u2026) en Vilalonga y Laracha.<\/li><li>En la d\u00e9cada de <strong>2000<\/strong> se crea la que ser\u00e1 la cuarta planta industrial de Cer\u00e1mica Campo en la localidad de Albixoi, en Mes\u00eda (A Coru\u00f1a). Se trata de una f\u00e1brica de tejas y ladrillos cuya capacidad de producci\u00f3n puede alcanzar las <strong>600 toneladas al d\u00eda, siendo la m\u00e1s moderna y de mayor capacidad de Galicia.<\/strong><\/li><li>La actividad emprendedora de Epifanio Campo Fern\u00e1ndez abarc\u00f3 las energ\u00edas renovables, el sector financiero, la miner\u00eda, la siderurgia, as\u00ed como una gran cantidad de <strong>iniciativas inversoras con el foco puesto en Galicia.<\/strong><\/li><li>La tercera generaci\u00f3n de la familia Campo se hace cargo de <strong>Grupo Rodonita<\/strong> en la d\u00e9cada de <strong>2010<\/strong>, manteniendo la vocaci\u00f3n inversora y acometiendo una remodelaci\u00f3n y modernizaci\u00f3n de todas las l\u00edneas de negocio.<\/li><\/ul>\n<\/div><\/div>\n\n\n\n<div class=\"wp-block-group cta-fullWidth has-white-color has-primary-background-color has-text-color has-background\"><div class=\"wp-block-group__inner-container is-layout-flow wp-block-group-is-layout-flow\">\n<div class=\"wp-block-group\"><div class=\"wp-block-group__inner-container is-layout-flow wp-block-group-is-layout-flow\">\n<div class=\"wp-block-columns are-vertically-aligned-bottom is-layout-flex wp-container-core-columns-is-layout-4 wp-block-columns-is-layout-flex\">\n<div class=\"wp-block-column is-vertically-aligned-bottom is-layout-flow wp-block-column-is-layout-flow\" style=\"flex-basis:75%\">\n<h3 class=\"textTransform-uppercase fontWeight-normal has-large-font-size wp-block-heading\">Conoce el Grupo Rodonita<\/h3>\n\n\n\n<p>La sociedad propietaria de Cer\u00e1mica Campo es cabecera de un holding formado por m\u00faltiples empresas y con intereses en sectores como la energ\u00eda, medioambiente y residuos, hoteler\u00eda, vitivinicultura, acuicultura y sector servicios.<\/p>\n\n\n\n<div class=\"wp-block-buttons is-content-justification-center is-layout-flex wp-block-buttons-is-layout-flex\">\n<div class=\"wp-block-button is-style-outline\"><a class=\"wp-block-button__link has-white-color has-text-color\" href=\"https:\/\/www.rodonitamedioambiente.com\/\" target=\"_blank\" rel=\"noreferrer noopener\">Ver m\u00e1s<\/a><\/div>\n<\/div>\n<\/div>\n\n\n\n<div class=\"wp-block-column is-vertically-aligned-bottom is-layout-flow wp-block-column-is-layout-flow\" style=\"flex-basis:25%\">\n<figure class=\"wp-block-image size-medium is-resized\"><img loading=\"lazy\" decoding=\"async\" src=\"https:\/\/ceramicacampo.es\/wp-content\/uploads\/grupo-rodonita-300x67.png\" alt=\"Grupo rodonita\" class=\"wp-image-1537\" width=\"300\" height=\"67\" srcset=\"https:\/\/proyectos.bannisterglobal.com\/campo\/wp-content\/uploads\/grupo-rodonita-300x67.png 300w, https:\/\/proyectos.bannisterglobal.com\/campo\/wp-content\/uploads\/grupo-rodonita.png 447w\" sizes=\"(max-width: 300px) 100vw, 300px\" \/><\/figure>\n<\/div>\n<\/div>\n<\/div><\/div>\n<\/div><\/div>\n\n\n\n<p><\/p>\n","protected":false},"excerpt":{"rendered":"<p>Cer\u00e1mica Campo es la marca de materiales de construcci\u00f3n (cer\u00e1mica y prefabricados de hormig\u00f3n) que inici\u00f3 su actividad en los a\u00f1os 1940 por iniciativa de [&hellip;]<\/p>\n","protected":false},"author":1,"featured_media":0,"parent":0,"menu_order":0,"comment_status":"closed","ping_status":"closed","template":"","meta":{"_uag_custom_page_level_css":"","ngg_post_thumbnail":0,"footnotes":""},"acf":[],"uagb_featured_image_src":{"full":false,"thumbnail":false,"medium":false,"medium_large":false,"large":false,"1536x1536":false,"2048x2048":false,"glossa-squared-image":false,"glossa-3x2-image":false,"glossa-halfwidth-image":false,"glossa-fullwidth-image":false},"uagb_author_info":{"display_name":"bannisterglobal","author_link":"https:\/\/proyectos.bannisterglobal.com\/campo\/author\/bannisterglobal\/"},"uagb_comment_info":0,"uagb_excerpt":"Cer\u00e1mica Campo es la marca de materiales de construcci\u00f3n (cer\u00e1mica y prefabricados de hormig\u00f3n) que inici\u00f3 su actividad en los a\u00f1os 1940 por iniciativa de [&hellip;]","_links":{"self":[{"href":"https:\/\/proyectos.bannisterglobal.com\/campo\/wp-json\/wp\/v2\/pages\/160"}],"collection":[{"href":"https:\/\/proyectos.bannisterglobal.com\/campo\/wp-json\/wp\/v2\/pages"}],"about":[{"href":"https:\/\/proyectos.bannisterglobal.com\/campo\/wp-json\/wp\/v2\/types\/page"}],"author":[{"embeddable":true,"href":"https:\/\/proyectos.bannisterglobal.com\/campo\/wp-json\/wp\/v2\/users\/1"}],"replies":[{"embeddable":true,"href":"https:\/\/proyectos.bannisterglobal.com\/campo\/wp-json\/wp\/v2\/comments?post=160"}],"version-history":[{"count":6,"href":"https:\/\/proyectos.bannisterglobal.com\/campo\/wp-json\/wp\/v2\/pages\/160\/revisions"}],"predecessor-version":[{"id":243373,"href":"https:\/\/proyectos.bannisterglobal.com\/campo\/wp-json\/wp\/v2\/pages\/160\/revisions\/243373"}],"wp:attachment":[{"href":"https:\/\/proyectos.bannisterglobal.com\/campo\/wp-json\/wp\/v2\/media?parent=160"}],"curies":[{"name":"wp","href":"https:\/\/api.w.org\/{rel}","templated":true}]}}