{"id":223,"date":"2020-11-05T15:06:23","date_gmt":"2020-11-05T15:06:23","guid":{"rendered":"https:\/\/ceramicacampo.es\/?page_id=223"},"modified":"2021-04-19T08:54:51","modified_gmt":"2021-04-19T08:54:51","slug":"aislamiento-acustico-ladrillo","status":"publish","type":"page","link":"https:\/\/proyectos.bannisterglobal.com\/campo\/aislamiento-acustico-ladrillo\/","title":{"rendered":"Aislamiento ac\u00fastico con paredes de ladrillo"},"content":{"rendered":"\n<div class=\"wp-block-group\"><div class=\"wp-block-group__inner-container is-layout-flow wp-block-group-is-layout-flow\">\n<div class=\"wp-block-columns is-layout-flex wp-container-core-columns-is-layout-1 wp-block-columns-is-layout-flex\">\n<div class=\"wp-block-column is-layout-flow wp-block-column-is-layout-flow\">\n<p>El <strong>aislamiento ac\u00fastico<\/strong> en la vivienda es un <strong>elemento fundamental<\/strong> y una de las principales demandas de los usuarios. Las paredes de ladrillo est\u00e1n contempladas en el C\u00f3digo T\u00e9cnico de la Edificaci\u00f3n (CTE) como los elementos constructivos id\u00f3neos para la separaci\u00f3n de espacios y viviendas.<\/p>\n\n\n\n<p>Sin embargo, es con el desarrollo de un sistema constructivo cuando los productos cer\u00e1micos pueden desempe\u00f1ar de forma \u00f3ptima sus cualidades de aislamiento ac\u00fastico. Por ello, <strong>Cer\u00e1mica Campo ha impulsado <a href=\"https:\/\/www.silensis.es\/silensis\/presentacion\" data-type=\"URL\" data-id=\"https:\/\/www.silensis.es\/silensis\/presentacion\" target=\"_blank\" rel=\"noreferrer noopener\">Silensis<\/a><\/strong>, el sistema constructivo integral desarrollado por la Asociaci\u00f3n Espa\u00f1ola de Fabricantes de Ladrillos y Tejas de Arcilla Cocida (Hispalyt) para alto aislamiento ac\u00fastico que garantiza el cumplimiento de las exigencias del CTE al tiempo que asegura una elevada calidad, fiabilidad y robustez en obra.<\/p>\n\n\n\n<p>Este sistema permite el <strong>cumplimiento de las exigencias del CTE<\/strong> empleando paredes cer\u00e1micas de espesores y masas semejantes a las empleadas hasta ahora, implementando peque\u00f1as modificaciones en el sistema de montaje, con elementos el\u00e1sticos, para optimizar su rendimiento como supresor de ruido.<\/p>\n<\/div>\n\n\n\n<div class=\"wp-block-column is-layout-flow wp-block-column-is-layout-flow\">\n<figure class=\"wp-block-video\"><video controls poster=\"https:\/\/ceramicacampo.es\/wp-content\/uploads\/video-aislamiento-acustico-con-ladrillo.png\" src=\"https:\/\/ceramicacampo.es\/wp-content\/uploads\/ceramica-campo-silensis.mp4\"><\/video><\/figure>\n\n\n\n<figure class=\"wp-block-image size-large\"><img loading=\"lazy\" decoding=\"async\" width=\"160\" height=\"92\" src=\"https:\/\/ceramicacampo.es\/wp-content\/uploads\/silensis-paredes-de-ladrillo.png\" alt=\"Silensis paredes de ladrillo\" class=\"wp-image-235\"\/><\/figure>\n<\/div>\n<\/div>\n<\/div><\/div>\n\n\n\n<div class=\"wp-block-group\"><div class=\"wp-block-group__inner-container is-layout-flow wp-block-group-is-layout-flow\">\n<div class=\"wp-block-columns is-layout-flex wp-container-core-columns-is-layout-2 wp-block-columns-is-layout-flex\">\n<div class=\"wp-block-column is-layout-flow wp-block-column-is-layout-flow\" style=\"flex-basis:66.66%\">\n<h2 class=\"has-primary-color has-text-color wp-block-heading\">Ventajas del sistema Silensis de ladrillos y bloques cer\u00e1micos<\/h2>\n<\/div>\n<\/div>\n\n\n\n<div class=\"wp-block-columns is-layout-flex wp-container-core-columns-is-layout-3 wp-block-columns-is-layout-flex\">\n<div class=\"wp-block-column is-layout-flow wp-block-column-is-layout-flow\">\n<div class=\"wp-block-group iconBox\"><div class=\"wp-block-group__inner-container is-layout-flow wp-block-group-is-layout-flow\">\n<div class=\"wp-block-image\"><figure class=\"aligncenter size-large is-resized\"><img loading=\"lazy\" decoding=\"async\" src=\"https:\/\/ceramicacampo.es\/wp-content\/uploads\/aislamiento-acustico-2-negativo-1.svg\" alt=\"\" class=\"wp-image-423\" width=\"113\" height=\"113\"\/><\/figure><\/div>\n\n\n\n<p class=\"has-text-align-center has-medium-font-size\"><strong>Aislamiento ac\u00fastico<\/strong><\/p>\n\n\n\n<p class=\"has-text-align-center\">Las paredes separadoras entre viviendas construidas con ladrillo y bloques cer\u00e1micos garantizan resultados de aislamiento ac\u00fastico de entre 50 y 55dB<\/p>\n<\/div><\/div>\n<\/div>\n\n\n\n<div class=\"wp-block-column is-layout-flow wp-block-column-is-layout-flow\">\n<div class=\"wp-block-group iconBox\"><div class=\"wp-block-group__inner-container is-layout-flow wp-block-group-is-layout-flow\">\n<div class=\"wp-block-image\"><figure class=\"aligncenter size-large is-resized\"><img loading=\"lazy\" decoding=\"async\" src=\"https:\/\/ceramicacampo.es\/wp-content\/uploads\/rendimiento-economico-negativo-1.svg\" alt=\"\" class=\"wp-image-416\" width=\"113\" height=\"113\"\/><\/figure><\/div>\n\n\n\n<p class=\"has-text-align-center has-medium-font-size\"><strong>Rendimiento econ\u00f3mico<\/strong><\/p>\n\n\n\n<p class=\"has-text-align-center\">Su excelente relaci\u00f3n calidad\/precio, junto a la rapidez y sencillez de colocaci\u00f3n, son la mejor garant\u00eda para mantener costes ajustados<\/p>\n<\/div><\/div>\n<\/div>\n\n\n\n<div class=\"wp-block-column is-layout-flow wp-block-column-is-layout-flow\">\n<div class=\"wp-block-group iconBox\"><div class=\"wp-block-group__inner-container is-layout-flow wp-block-group-is-layout-flow\">\n<div class=\"wp-block-image\"><figure class=\"aligncenter size-large is-resized\"><img loading=\"lazy\" decoding=\"async\" src=\"https:\/\/ceramicacampo.es\/wp-content\/uploads\/superficie-util-negativo.svg\" alt=\"\" class=\"wp-image-353\" width=\"113\" height=\"113\"\/><\/figure><\/div>\n\n\n\n<p class=\"has-text-align-center has-medium-font-size\"><strong>Sin p\u00e9rdida de superficie \u00fatil<\/strong><\/p>\n\n\n\n<p class=\"has-text-align-center\">Los sistemas de Silensis permiten tabiques de un espesor similar a los habituales, por lo que no ocupan superficie \u00fatil de las edificaciones<\/p>\n<\/div><\/div>\n<\/div>\n\n\n\n<div class=\"wp-block-column is-layout-flow wp-block-column-is-layout-flow\">\n<div class=\"wp-block-group iconBox\"><div class=\"wp-block-group__inner-container is-layout-flow wp-block-group-is-layout-flow\">\n<div class=\"wp-block-image\"><figure class=\"aligncenter size-large is-resized\"><img loading=\"lazy\" decoding=\"async\" src=\"https:\/\/ceramicacampo.es\/wp-content\/uploads\/maxima-seguridad-negativo.svg\" alt=\"\" class=\"wp-image-355\" width=\"113\" height=\"113\"\/><\/figure><\/div>\n\n\n\n<p class=\"has-text-align-center has-medium-font-size\"><strong>M\u00e1xima seguridad<\/strong><\/p>\n\n\n\n<p class=\"has-text-align-center\">Las paredes de ladrillo tienen gran resistencia a los impactos, a las cargas suspendidas y no son combustibles, no emiten gases ni humos y no propagan el fuego<\/p>\n<\/div><\/div>\n<\/div>\n<\/div>\n<\/div><\/div>\n\n\n\n<div class=\"wp-block-group\"><div class=\"wp-block-group__inner-container is-layout-flow wp-block-group-is-layout-flow\">\n<h2 class=\"has-primary-color has-text-color wp-block-heading\">Sistema constructivo de paredes de ladrillo Silensis<\/h2>\n\n\n\n<div class=\"wp-block-columns is-layout-flex wp-container-core-columns-is-layout-4 wp-block-columns-is-layout-flex\">\n<div class=\"wp-block-column is-layout-flow wp-block-column-is-layout-flow\">\n<p>Silensis se basa en el<strong>\u00a0empleo de paredes separadoras cer\u00e1micas de una o dos hojas<\/strong>, de todo tipo de formatos, peque\u00f1o y gran formato, con bandas el\u00e1sticas en las uniones con otros elementos constructivos (forjados, pilares o fachadas) en funci\u00f3n de la constructiva de que se busque.<\/p>\n\n\n\n<p>Bajo la marca Silensis se engloban los sistemas de&nbsp;<strong>paredes de ladrillo&nbsp;<\/strong>y&nbsp;<strong>bloque cer\u00e1mico<\/strong>,&nbsp;<strong>que cumplen<\/strong>&nbsp;todas las exigencias del&nbsp;<strong>C\u00f3digo T\u00e9cnico de la Edificaci\u00f3n (CTE)<\/strong>, destacando de forma especial por el cumplimiento de los requisitos del Documento B\u00e1sico de Protecci\u00f3n frente al ruido (DB HR).<\/p>\n\n\n\n<p><strong>Los sistemas constructivos SILENSIS son fruto<\/strong>&nbsp;<strong>de un<\/strong>&nbsp;<strong>proyecto de investigaci\u00f3n<\/strong>&nbsp;de m\u00e1s de tres a\u00f1os impulsado por Hispalyt, desarrollado conjuntamente con el Instituto de Ac\u00fastica del CSIC y el centro tecnol\u00f3gico Labein Tecnalia.<\/p>\n<\/div>\n\n\n\n<div class=\"wp-block-column is-layout-flow wp-block-column-is-layout-flow\">\n<figure class=\"wp-block-image size-large\"><img loading=\"lazy\" decoding=\"async\" width=\"652\" height=\"451\" src=\"https:\/\/ceramicacampo.es\/wp-content\/uploads\/paredes-separadoras-silensis.png\" alt=\"Paredes separadoras silensis\" class=\"wp-image-234\" srcset=\"https:\/\/proyectos.bannisterglobal.com\/campo\/wp-content\/uploads\/paredes-separadoras-silensis.png 652w, https:\/\/proyectos.bannisterglobal.com\/campo\/wp-content\/uploads\/paredes-separadoras-silensis-300x208.png 300w\" sizes=\"(max-width: 652px) 100vw, 652px\" \/><\/figure>\n<\/div>\n<\/div>\n<\/div><\/div>\n\n\n\n<div class=\"wp-block-group cta-fullWidth has-white-color has-primary-background-color has-text-color has-background\"><div class=\"wp-block-group__inner-container is-layout-flow wp-block-group-is-layout-flow\">\n<div class=\"wp-block-group\"><div class=\"wp-block-group__inner-container is-layout-flow wp-block-group-is-layout-flow\">\n<div class=\"wp-block-columns are-vertically-aligned-center is-layout-flex wp-container-core-columns-is-layout-5 wp-block-columns-is-layout-flex\">\n<div class=\"wp-block-column is-vertically-aligned-center is-layout-flow wp-block-column-is-layout-flow\" style=\"flex-basis:75%\">\n<h3 class=\"textTransform-uppercase fontWeight-normal wp-block-heading\">\u00bfQuieres una pared de ALTO aislamiento ac\u00fastico?<\/h3>\n\n\n\n<p>Conoce el sistema constructivo Silensis de ladrillos y bloques fabricados por Cer\u00e1mica Campo para alto aislamiento ac\u00fastico<\/p>\n\n\n\n<div class=\"wp-block-buttons is-content-justification-center is-layout-flex wp-block-buttons-is-layout-flex\">\n<div class=\"wp-block-button is-style-outline\"><a class=\"wp-block-button__link has-white-color has-text-color\" href=\"https:\/\/www.silensis.es\/informacion-tecnica\/sistema-silensis\" target=\"_blank\" rel=\"noreferrer noopener\">Saber m\u00e1s<\/a><\/div>\n<\/div>\n<\/div>\n\n\n\n<div class=\"wp-block-column is-vertically-aligned-center is-layout-flow wp-block-column-is-layout-flow\" style=\"flex-basis:25%\">\n<figure class=\"wp-block-image size-large is-resized\"><img loading=\"lazy\" decoding=\"async\" src=\"https:\/\/ceramicacampo.es\/wp-content\/uploads\/aislamiento-acustico-4.svg\" alt=\"\" class=\"wp-image-681\" width=\"124\" height=\"198\"\/><\/figure>\n<\/div>\n<\/div>\n<\/div><\/div>\n<\/div><\/div>\n\n\n\n<div class=\"wp-block-group\"><div class=\"wp-block-group__inner-container is-layout-flow wp-block-group-is-layout-flow\">\n<p class=\"has-text-align-center\">Cer\u00e1mica Campo produce los siguientes materiales que pueden ser empleados en paredes de ladrillo de alto aislamiento ac\u00fastico:<\/p>\n\n\n\n<div class=\"wp-block-columns is-layout-flex wp-container-core-columns-is-layout-8 wp-block-columns-is-layout-flex\">\n<div class=\"wp-block-column category-link is-layout-flow wp-block-column-is-layout-flow\">\n<div class=\"wp-block-group box-lines\"><div class=\"wp-block-group__inner-container is-layout-flow wp-block-group-is-layout-flow\">\n<div class=\"wp-block-columns is-layout-flex wp-container-core-columns-is-layout-6 wp-block-columns-is-layout-flex\">\n<div class=\"wp-block-column is-layout-flow wp-block-column-is-layout-flow\">\n<figure class=\"wp-block-image size-large\"><a href=\"https:\/\/ceramicacampo.es\/soluciones\/ladrillo-de-gran-formato\/\"><img loading=\"lazy\" decoding=\"async\" width=\"988\" height=\"801\" src=\"https:\/\/ceramicacampo.es\/wp-content\/uploads\/muralit-ceramica-campo-99.png\" alt=\"Muralit ceramica campo 99\" class=\"wp-image-1684\" srcset=\"https:\/\/proyectos.bannisterglobal.com\/campo\/wp-content\/uploads\/muralit-ceramica-campo-99.png 988w, https:\/\/proyectos.bannisterglobal.com\/campo\/wp-content\/uploads\/muralit-ceramica-campo-99-300x243.png 300w, https:\/\/proyectos.bannisterglobal.com\/campo\/wp-content\/uploads\/muralit-ceramica-campo-99-768x623.png 768w, https:\/\/proyectos.bannisterglobal.com\/campo\/wp-content\/uploads\/muralit-ceramica-campo-99-760x616.png 760w, https:\/\/proyectos.bannisterglobal.com\/campo\/wp-content\/uploads\/muralit-ceramica-campo-99-960x778.png 960w\" sizes=\"(max-width: 988px) 100vw, 988px\" \/><\/a><\/figure>\n<\/div>\n\n\n\n<div class=\"wp-block-column is-layout-flow wp-block-column-is-layout-flow\">\n<h3 class=\"has-text-align-left textTransform:uppercase fontWeight:normal has-large-font-size wp-block-heading\">Muralit: Ladrillo m\u00e1s yeso laminado<\/h3>\n<\/div>\n<\/div>\n<\/div><\/div>\n<\/div>\n\n\n\n<div class=\"wp-block-column category-link is-layout-flow wp-block-column-is-layout-flow\">\n<div class=\"wp-block-group box-lines\"><div class=\"wp-block-group__inner-container is-layout-flow wp-block-group-is-layout-flow\">\n<div class=\"wp-block-columns is-layout-flex wp-container-core-columns-is-layout-7 wp-block-columns-is-layout-flex\">\n<div class=\"wp-block-column is-layout-flow wp-block-column-is-layout-flow\">\n<figure class=\"wp-block-image size-large is-resized\"><a href=\"https:\/\/ceramicacampo.es\/categorias\/muros-y-tabiques\/\"><img loading=\"lazy\" decoding=\"async\" src=\"https:\/\/ceramicacampo.es\/wp-content\/uploads\/gran-formato-ceramica-campo-104-1-removebg-preview.png\" alt=\"Gran formato ceramica campo 104 1 removebg preview\" class=\"wp-image-1763\" width=\"158\" height=\"158\" srcset=\"https:\/\/proyectos.bannisterglobal.com\/campo\/wp-content\/uploads\/gran-formato-ceramica-campo-104-1-removebg-preview.png 500w, https:\/\/proyectos.bannisterglobal.com\/campo\/wp-content\/uploads\/gran-formato-ceramica-campo-104-1-removebg-preview-300x300.png 300w, https:\/\/proyectos.bannisterglobal.com\/campo\/wp-content\/uploads\/gran-formato-ceramica-campo-104-1-removebg-preview-150x150.png 150w\" sizes=\"(max-width: 158px) 100vw, 158px\" \/><\/a><figcaption> <\/figcaption><\/figure>\n<\/div>\n\n\n\n<div class=\"wp-block-column is-layout-flow wp-block-column-is-layout-flow\">\n<h3 class=\"has-text-align-left textTransform:uppercase fontWeight:normal has-large-font-size wp-block-heading\">Cat\u00e1logo de Muros y tabiques<\/h3>\n<\/div>\n<\/div>\n<\/div><\/div>\n<\/div>\n<\/div>\n<\/div><\/div>\n","protected":false},"excerpt":{"rendered":"<p>El aislamiento ac\u00fastico en la vivienda es un elemento fundamental y una de las principales demandas de los usuarios. Las paredes de ladrillo est\u00e1n contempladas [&hellip;]<\/p>\n","protected":false},"author":1,"featured_media":0,"parent":0,"menu_order":0,"comment_status":"closed","ping_status":"closed","template":"","meta":{"_uag_custom_page_level_css":"","ngg_post_thumbnail":0,"footnotes":""},"acf":[],"uagb_featured_image_src":{"full":false,"thumbnail":false,"medium":false,"medium_large":false,"large":false,"1536x1536":false,"2048x2048":false,"glossa-squared-image":false,"glossa-3x2-image":false,"glossa-halfwidth-image":false,"glossa-fullwidth-image":false},"uagb_author_info":{"display_name":"bannisterglobal","author_link":"https:\/\/proyectos.bannisterglobal.com\/campo\/author\/bannisterglobal\/"},"uagb_comment_info":0,"uagb_excerpt":"El aislamiento ac\u00fastico en la vivienda es un elemento fundamental y una de las principales demandas de los usuarios. Las paredes de ladrillo est\u00e1n contempladas [&hellip;]","_links":{"self":[{"href":"https:\/\/proyectos.bannisterglobal.com\/campo\/wp-json\/wp\/v2\/pages\/223"}],"collection":[{"href":"https:\/\/proyectos.bannisterglobal.com\/campo\/wp-json\/wp\/v2\/pages"}],"about":[{"href":"https:\/\/proyectos.bannisterglobal.com\/campo\/wp-json\/wp\/v2\/types\/page"}],"author":[{"embeddable":true,"href":"https:\/\/proyectos.bannisterglobal.com\/campo\/wp-json\/wp\/v2\/users\/1"}],"replies":[{"embeddable":true,"href":"https:\/\/proyectos.bannisterglobal.com\/campo\/wp-json\/wp\/v2\/comments?post=223"}],"version-history":[{"count":5,"href":"https:\/\/proyectos.bannisterglobal.com\/campo\/wp-json\/wp\/v2\/pages\/223\/revisions"}],"predecessor-version":[{"id":237388,"href":"https:\/\/proyectos.bannisterglobal.com\/campo\/wp-json\/wp\/v2\/pages\/223\/revisions\/237388"}],"wp:attachment":[{"href":"https:\/\/proyectos.bannisterglobal.com\/campo\/wp-json\/wp\/v2\/media?parent=223"}],"curies":[{"name":"wp","href":"https:\/\/api.w.org\/{rel}","templated":true}]}}