{"id":237573,"date":"2021-06-16T11:37:01","date_gmt":"2021-06-16T11:37:01","guid":{"rendered":"https:\/\/ceramicacampo.es\/?page_id=237573"},"modified":"2024-05-14T10:53:51","modified_gmt":"2024-05-14T08:53:51","slug":"empleo-procesos-abiertos","status":"publish","type":"page","link":"https:\/\/proyectos.bannisterglobal.com\/campo\/empleo-procesos-abiertos\/","title":{"rendered":"Trabaja con nosotros"},"content":{"rendered":"\n<div class=\"wp-block-group\"><div class=\"wp-block-group__inner-container is-layout-flow wp-block-group-is-layout-flow\">\n<p>En <strong>Cer\u00e1mica Campo<\/strong> queremos contar con los <strong>mejores candidatos <\/strong>para emprender el proceso de expansi\u00f3n de nuestra empresa. <\/p>\n\n\n\n<p>Si quieres desarrollar tu <strong>carrera profesional<\/strong> rodeado de un gran equipo de especialistas, puedes comprobar que tu perfil se ajuste a las candidaturas que estamos ofreciendo en estos momentos.<\/p>\n<\/div><\/div>\n\n\n\n<div id=\"responsable-calidad-y-control-proceso-planta-hormigon\" class=\"wp-block-group\"><div class=\"wp-block-group__inner-container is-layout-flow wp-block-group-is-layout-flow\">\n<div class=\"wp-block-columns is-layout-flex wp-container-core-columns-is-layout-1 wp-block-columns-is-layout-flex\">\n<div class=\"wp-block-column columna-eventos columna-empleo-mv is-layout-flow wp-block-column-is-layout-flow\">\n<h2 class=\"has-primary-color has-text-color has-medium-font-size wp-block-heading\"><strong>RESPONSABLE DE CALIDAD Y CONTROL DE PROCESO EN PLANTA DE HORMIG\u00d3N<\/strong><\/h2>\n\n\n\n<p>A LARACHA (A CORU\u00d1A)<\/p>\n\n\n\n<p>Buscamos a un\/a responsable de calidad y control de proceso que busque desarrollarse y crecer con nosotros en nuestra planta de Laracha.<\/p>\n\n\n\n<p><strong>Tareas y responsabilidades<\/strong><\/p>\n\n\n\n<ul>\n<li>Seguimiento y control de calidad de producto y proceso de acuerdo con el Sistema Integral de Gesti\u00f3n y sus indicadores.<\/li>\n\n\n\n<li>Control de cumplimiento normativo en materia de medio ambiente y de prevenci\u00f3n de riesgos.<\/li>\n\n\n\n<li>Coordinar y planificar la producci\u00f3n industrial.<\/li>\n\n\n\n<li>Dise\u00f1ar y planificar el mantenimiento preventivo, predictivo y correctivo de la planta.<\/li>\n\n\n\n<li>Realizar propuestas de mejora y optimizaci\u00f3n tanto de procesos de mantenimiento como productivos.<\/li>\n<\/ul>\n\n\n\n<p><strong>Requisitos<\/strong>&nbsp;<\/p>\n\n\n\n<ul>\n<li>Ingenier\u00eda T\u00e9cnica, M\u00e1ster o Grado con especialidad: industrial, qu\u00edmica, mec\u00e1nica, minas, maquinaria naval o similar.<\/li>\n\n\n\n<li>Valorable experiencia en puestos de responsable, supervisor\/a o encargado\/a de plantas de hormig\u00f3n o \u00e1ridos.<\/li>\n\n\n\n<li>Capacidad de resoluci\u00f3n, liderazgo y organizaci\u00f3n.<\/li>\n<\/ul>\n\n\n\n<p><strong>\u00bfQu\u00e9 ofrecemos?<\/strong><\/p>\n\n\n\n<ul>\n<li>Crecimiento en un gran holding gallego.<\/li>\n\n\n\n<li>Flexibilidad horaria.<\/li>\n\n\n\n<li>Estabilidad laboral.<\/li>\n\n\n\n<li>Expectativas econ\u00f3micas, a negociar.<\/li>\n\n\n\n<li>Beneficios sociales.<\/li>\n<\/ul>\n\n\n\n<div class=\"wp-block-buttons has-text-align-center is-content-justification-center is-layout-flex wp-container-core-buttons-is-layout-1 wp-block-buttons-is-layout-flex\">\n<div class=\"wp-block-button\"><a class=\"wp-block-button__link wp-element-button\" href=\"https:\/\/www.adecco.es\/oferta-trabajo\/responsable-de-calidad-y-control-de-proceso-laracha?ID=616b8663-b03d-498a-8819-a6019a1dba42\" target=\"_blank\" rel=\"noreferrer noopener\">Inscr\u00edbete<\/a><\/div>\n<\/div>\n<\/div>\n<\/div>\n<\/div><\/div>\n\n\n\n<div class=\"wp-block-group\"><div class=\"wp-block-group__inner-container is-layout-flow wp-block-group-is-layout-flow\">\n<div class=\"wp-block-columns is-layout-flex wp-container-core-columns-is-layout-2 wp-block-columns-is-layout-flex\">\n<div class=\"wp-block-column is-layout-flow wp-block-column-is-layout-flow\">\n<h2 class=\"wp-block-heading\">Cont\u00e1ctanos<\/h2>\n\n\n\n<p>Si tu perfil no encaja con ninguna de las ofertas abiertas, <strong>puedes enviarnos tu curr\u00edculum<\/strong>&nbsp;y lo tendremos en cuenta para pr\u00f3ximas oportunidades.<\/p>\n<\/div>\n\n\n\n<div class=\"wp-block-column is-layout-flow wp-block-column-is-layout-flow\">\n<div class=\"wp-block-contact-form-7-contact-form-selector\">\n<div class=\"wpcf7 no-js\" id=\"wpcf7-f237034-o1\" lang=\"es-ES\" dir=\"ltr\">\n<div class=\"screen-reader-response\"><p role=\"status\" aria-live=\"polite\" aria-atomic=\"true\"><\/p> <ul><\/ul><\/div>\n<form action=\"\/campo\/wp-json\/wp\/v2\/pages\/237573#wpcf7-f237034-o1\" method=\"post\" class=\"wpcf7-form init wpcf7-acceptance-as-validation\" aria-label=\"Formulario de contacto\" enctype=\"multipart\/form-data\" novalidate=\"novalidate\" data-status=\"init\">\n<div style=\"display: none;\">\n<input type=\"hidden\" name=\"_wpcf7\" value=\"237034\" \/>\n<input type=\"hidden\" name=\"_wpcf7_version\" value=\"5.9.5\" \/>\n<input type=\"hidden\" name=\"_wpcf7_locale\" value=\"es_ES\" \/>\n<input type=\"hidden\" name=\"_wpcf7_unit_tag\" value=\"wpcf7-f237034-o1\" \/>\n<input type=\"hidden\" name=\"_wpcf7_container_post\" value=\"0\" \/>\n<input type=\"hidden\" name=\"_wpcf7_posted_data_hash\" value=\"\" \/>\n<input type=\"hidden\" name=\"_wpcf7_recaptcha_response\" value=\"\" \/>\n<\/div>\n<div class=\"wp-block-columns\">\n    <div class=\"wp-block-column\">\n        <label> Tu nombre*\n            <span class=\"wpcf7-form-control-wrap\" data-name=\"your-name\"><input size=\"40\" class=\"wpcf7-form-control wpcf7-text wpcf7-validates-as-required\" aria-required=\"true\" aria-invalid=\"false\" value=\"\" type=\"text\" name=\"your-name\" \/><\/span> <\/label>\n    <\/div>\n<\/div>\n<div class=\"wp-block-columns\">\n    <div class=\"wp-block-column\">\n        <label> Tu email *\n            <span class=\"wpcf7-form-control-wrap\" data-name=\"your-email\"><input size=\"40\" class=\"wpcf7-form-control wpcf7-email wpcf7-validates-as-required wpcf7-text wpcf7-validates-as-email\" aria-required=\"true\" aria-invalid=\"false\" value=\"\" type=\"email\" name=\"your-email\" \/><\/span> <\/label>\n    <\/div>\n    <div class=\"wp-block-column\">\n        <label> Tu tel\u00e9fono\n            <span class=\"wpcf7-form-control-wrap\" data-name=\"your-phone\"><input size=\"40\" class=\"wpcf7-form-control wpcf7-tel wpcf7-text wpcf7-validates-as-tel\" aria-invalid=\"false\" value=\"\" type=\"tel\" name=\"your-phone\" \/><\/span> <\/label>\n    <\/div>\n<\/div>\n<div class=\"wp-block-columns\">\n    <div class=\"wp-block-column\">\n        <label> Mensaje opcional:\n            <span class=\"wpcf7-form-control-wrap\" data-name=\"your-message\"><textarea cols=\"40\" rows=\"3\" class=\"wpcf7-form-control wpcf7-textarea\" aria-invalid=\"false\" name=\"your-message\"><\/textarea><\/span> <\/label>\n    <\/div>\n<\/div>\n<div class=\"wp-block-columns\">\n<span class=\"wpcf7-form-control-wrap\" data-name=\"Selecciona\"><input size=\"40\" class=\"wpcf7-form-control wpcf7-file wpcf7-validates-as-required\" accept=\"audio\/*,video\/*,image\/*\" aria-required=\"true\" aria-invalid=\"false\" type=\"file\" name=\"Selecciona\" \/><\/span>\n<\/div>\n<div class=\"wp-block-columns\">\n<label>* S\u00f3lo formato PDF, DOC o ODT, tama\u00f1o m\u00e1ximo 1MB\n<\/label>\n<\/div>\n<div class=\"wp-block-columns\">\n    <div class=\"wp-block-column\">\n        \n    <\/div>\n<\/div>\n<div class=\"wp-block-columns\">\n    <div class=\"wp-block-column\">\n        <span class=\"wpcf7-form-control-wrap\" data-name=\"privacy-terms\"><span class=\"wpcf7-form-control wpcf7-acceptance\"><span class=\"wpcf7-list-item\"><label><input type=\"checkbox\" name=\"privacy-terms\" value=\"1\" aria-invalid=\"false\" \/><span class=\"wpcf7-list-item-label\">He le\u00eddo la cl\u00e1usula <a href=\"https:\/\/ceramicacampo.es\/politica-de-privacidad\/\" target=\"_blank\"data-no-swup>Pol\u00edtica de privacidad<\/a>.<\/span><\/label><\/span><\/span><\/span>\n        <input class=\"wpcf7-form-control wpcf7-submit has-spinner\" type=\"submit\" value=\"Enviar\" \/>\n    <\/div>\n<\/div><div class=\"wpcf7-response-output\" aria-hidden=\"true\"><\/div>\n<\/form>\n<\/div>\n<\/div>\n\n\n\n<p><p style=\"font-size:14px;\">Protecci\u00f3n de datos personales. El responsable del tratamiento es EPIFANIO CAMPO, S.L. que tratar\u00e1 sus datos con la finalidad de gestiona su CV y posible adaptaci\u00f3n a un puesto trabajo. Puede ejercer los derechos de Acceso, Rectificaci\u00f3n, Supresi\u00f3n, Oposici\u00f3n, Limitaci\u00f3n y Portabilidad si corresponde, en <a href=\"mailto:lopd@rodonita.es\">lopd@rodonita.es<\/a> Para m\u00e1s informaci\u00f3n, consulte nuestra <a href=\"https:\/\/ceramicacampo.es\/politica-de-privacidad\/\">Pol\u00edtica de Privacidad<\/a>.<\/p><\/p>\n<\/div>\n<\/div>\n<\/div><\/div>\n","protected":false},"excerpt":{"rendered":"<p>En Cer\u00e1mica Campo queremos contar con los mejores candidatos para emprender el proceso de expansi\u00f3n de nuestra empresa. Si quieres desarrollar tu carrera profesional rodeado [&hellip;]<\/p>\n","protected":false},"author":2,"featured_media":242102,"parent":0,"menu_order":0,"comment_status":"closed","ping_status":"closed","template":"","meta":{"_uag_custom_page_level_css":"","ngg_post_thumbnail":0,"footnotes":""},"acf":[],"uagb_featured_image_src":{"full":["https:\/\/proyectos.bannisterglobal.com\/campo\/wp-content\/uploads\/18.jpg",1773,1773,false],"thumbnail":["https:\/\/proyectos.bannisterglobal.com\/campo\/wp-content\/uploads\/18-150x150.jpg",150,150,true],"medium":["https:\/\/proyectos.bannisterglobal.com\/campo\/wp-content\/uploads\/18-300x300.jpg",300,300,true],"medium_large":["https:\/\/proyectos.bannisterglobal.com\/campo\/wp-content\/uploads\/18-768x768.jpg",768,768,true],"large":["https:\/\/proyectos.bannisterglobal.com\/campo\/wp-content\/uploads\/18-1024x1024.jpg",1024,1024,true],"1536x1536":["https:\/\/proyectos.bannisterglobal.com\/campo\/wp-content\/uploads\/18-1536x1536.jpg",1536,1536,true],"2048x2048":["https:\/\/proyectos.bannisterglobal.com\/campo\/wp-content\/uploads\/18.jpg",1773,1773,false],"glossa-squared-image":["https:\/\/proyectos.bannisterglobal.com\/campo\/wp-content\/uploads\/18-760x760.jpg",760,760,true],"glossa-3x2-image":["https:\/\/proyectos.bannisterglobal.com\/campo\/wp-content\/uploads\/18-760x506.jpg",760,506,true],"glossa-halfwidth-image":["https:\/\/proyectos.bannisterglobal.com\/campo\/wp-content\/uploads\/18-760x760.jpg",760,760,true],"glossa-fullwidth-image":["https:\/\/proyectos.bannisterglobal.com\/campo\/wp-content\/uploads\/18-1250x1250.jpg",1250,1250,true]},"uagb_author_info":{"display_name":"Bannister Global","author_link":"https:\/\/proyectos.bannisterglobal.com\/campo\/author\/bgadmin\/"},"uagb_comment_info":0,"uagb_excerpt":"En Cer\u00e1mica Campo queremos contar con los mejores candidatos para emprender el proceso de expansi\u00f3n de nuestra empresa. Si quieres desarrollar tu carrera profesional rodeado [&hellip;]","_links":{"self":[{"href":"https:\/\/proyectos.bannisterglobal.com\/campo\/wp-json\/wp\/v2\/pages\/237573"}],"collection":[{"href":"https:\/\/proyectos.bannisterglobal.com\/campo\/wp-json\/wp\/v2\/pages"}],"about":[{"href":"https:\/\/proyectos.bannisterglobal.com\/campo\/wp-json\/wp\/v2\/types\/page"}],"author":[{"embeddable":true,"href":"https:\/\/proyectos.bannisterglobal.com\/campo\/wp-json\/wp\/v2\/users\/2"}],"replies":[{"embeddable":true,"href":"https:\/\/proyectos.bannisterglobal.com\/campo\/wp-json\/wp\/v2\/comments?post=237573"}],"version-history":[{"count":5,"href":"https:\/\/proyectos.bannisterglobal.com\/campo\/wp-json\/wp\/v2\/pages\/237573\/revisions"}],"predecessor-version":[{"id":244056,"href":"https:\/\/proyectos.bannisterglobal.com\/campo\/wp-json\/wp\/v2\/pages\/237573\/revisions\/244056"}],"wp:featuredmedia":[{"embeddable":true,"href":"https:\/\/proyectos.bannisterglobal.com\/campo\/wp-json\/wp\/v2\/media\/242102"}],"wp:attachment":[{"href":"https:\/\/proyectos.bannisterglobal.com\/campo\/wp-json\/wp\/v2\/media?parent=237573"}],"curies":[{"name":"wp","href":"https:\/\/api.w.org\/{rel}","templated":true}]}}