{"id":239285,"date":"2022-11-03T17:04:53","date_gmt":"2022-11-03T17:04:53","guid":{"rendered":"https:\/\/ceramicacampo.es\/?page_id=239285"},"modified":"2022-11-21T11:45:58","modified_gmt":"2022-11-21T11:45:58","slug":"formamos-parte","status":"publish","type":"page","link":"https:\/\/proyectos.bannisterglobal.com\/campo\/formamos-parte\/","title":{"rendered":"Formamos parte"},"content":{"rendered":"\n<div class=\"wp-block-group\"><div class=\"wp-block-group__inner-container is-layout-flow wp-block-group-is-layout-flow\">\n<h2 class=\"has-black-color has-text-color wp-block-heading\">Asociaciones a las que pertenecemos<\/h2>\n\n\n\n<p>Cer\u00e1mica Campo forma parte de las principales asociaciones industriales y empresariales relacionadas con su actividad productiva, con las que trabajamos activamente para alcanzar una <strong>mejora continua de la calidad, eficiencia y sostenibilidad<\/strong> en el sector de la construcci\u00f3n.<\/p>\n\n\n\n<p>Adem\u00e1s, a trav\u00e9s de las asociaciones a las que pertenece, Cer\u00e1mica Campo tiene <strong>representaci\u00f3n en otras asociaciones y federaciones de car\u00e1cter auton\u00f3mico, nacional e internacional<\/strong>, como la Federaci\u00f3n Gallega de la Construcci\u00f3n (FGC), Green Building Council Espa\u00f1a (GBCe), Asociaci\u00f3n de la Casa Bioclim\u00e1tica (ADCB), Asociaci\u00f3n Espa\u00f1ola de Cogeneraci\u00f3n (ACOGEN), Plataforma Tecnol\u00f3gica Espa\u00f1ola del Hormig\u00f3n (PTEH), Confederaci\u00f3n Espa\u00f1ola de Asociaciones de Fabricantes de Productos de Construcci\u00f3n (CEPCO), Tejas y Ladrillos de Europa (TBE) y Federaci\u00f3n de la Industria Europea de Prefabricados de Hormig\u00f3n (BIBM).<\/p>\n\n\n\n<div class=\"wp-block-columns are-vertically-aligned-center ajuste-galeria is-layout-flex wp-container-core-columns-is-layout-1 wp-block-columns-is-layout-flex\">\n<div class=\"wp-block-column is-vertically-aligned-center is-layout-flow wp-block-column-is-layout-flow\">\n<figure class=\"wp-block-image size-full\"><a href=\"https:\/\/www.hispalyt.es\/es\" target=\"_blank\" rel=\"noreferrer noopener\"><img loading=\"lazy\" decoding=\"async\" width=\"200\" height=\"200\" src=\"https:\/\/ceramicacampo.es\/wp-content\/uploads\/logo-hispalyt.png\" alt=\"Logo Hispalyt\" class=\"wp-image-239396\" srcset=\"https:\/\/proyectos.bannisterglobal.com\/campo\/wp-content\/uploads\/logo-hispalyt.png 200w, https:\/\/proyectos.bannisterglobal.com\/campo\/wp-content\/uploads\/logo-hispalyt-150x150.png 150w\" sizes=\"(max-width: 200px) 100vw, 200px\" \/><\/a><\/figure>\n<\/div>\n\n\n\n<div class=\"wp-block-column is-vertically-aligned-center is-layout-flow wp-block-column-is-layout-flow\">\n<figure class=\"wp-block-image size-full\"><a href=\"https:\/\/www.andece.org\/\" target=\"_blank\" rel=\"noreferrer noopener\"><img loading=\"lazy\" decoding=\"async\" width=\"200\" height=\"200\" src=\"https:\/\/ceramicacampo.es\/wp-content\/uploads\/logo-andece.png\" alt=\"Logo Andece\" class=\"wp-image-239389\" srcset=\"https:\/\/proyectos.bannisterglobal.com\/campo\/wp-content\/uploads\/logo-andece.png 200w, https:\/\/proyectos.bannisterglobal.com\/campo\/wp-content\/uploads\/logo-andece-150x150.png 150w\" sizes=\"(max-width: 200px) 100vw, 200px\" \/><\/a><\/figure>\n<\/div>\n\n\n\n<div class=\"wp-block-column is-vertically-aligned-center is-layout-flow wp-block-column-is-layout-flow\">\n<figure class=\"wp-block-image size-full\"><a href=\"https:\/\/www.termoarcilla.com\/home.asp?id_rep=980\" target=\"_blank\" rel=\"noreferrer noopener\"><img loading=\"lazy\" decoding=\"async\" width=\"199\" height=\"54\" src=\"https:\/\/ceramicacampo.es\/wp-content\/uploads\/logo-consorcio-termoarcilla.jpg\" alt=\"Logo Consorcio Termoarcilla\" class=\"wp-image-241106\"\/><\/a><\/figure>\n<\/div>\n<\/div>\n\n\n\n<div class=\"wp-block-columns are-vertically-aligned-center ajuste-galeria is-layout-flex wp-container-core-columns-is-layout-2 wp-block-columns-is-layout-flex\">\n<div class=\"wp-block-column is-vertically-aligned-center is-layout-flow wp-block-column-is-layout-flow\">\n<figure class=\"wp-block-image size-full is-resized\"><a href=\"https:\/\/www.tejaceramica.com\/default.asp?id_rep=1\" target=\"_blank\" rel=\"noreferrer noopener\"><img loading=\"lazy\" decoding=\"async\" src=\"https:\/\/ceramicacampo.es\/wp-content\/uploads\/logo-tejas-hispalyt.png\" alt=\"Logo Tejas Hispalyt\" class=\"wp-image-239398\" width=\"180\" height=\"180\" srcset=\"https:\/\/proyectos.bannisterglobal.com\/campo\/wp-content\/uploads\/logo-tejas-hispalyt.png 200w, https:\/\/proyectos.bannisterglobal.com\/campo\/wp-content\/uploads\/logo-tejas-hispalyt-150x150.png 150w\" sizes=\"(max-width: 180px) 100vw, 180px\" \/><\/a><\/figure>\n<\/div>\n\n\n\n<div class=\"wp-block-column is-vertically-aligned-center is-layout-flow wp-block-column-is-layout-flow\">\n<figure class=\"wp-block-image size-full is-resized\"><a href=\"https:\/\/paredesdeladrillo.com\/\" target=\"_blank\" rel=\"noreferrer noopener\"><img loading=\"lazy\" decoding=\"async\" src=\"https:\/\/ceramicacampo.es\/wp-content\/uploads\/logo-hispalyt-tabiques-muros.png\" alt=\"Logo hispalyt tabiques muros\" class=\"wp-image-241032\" width=\"150\" height=\"150\" srcset=\"https:\/\/proyectos.bannisterglobal.com\/campo\/wp-content\/uploads\/logo-hispalyt-tabiques-muros.png 200w, https:\/\/proyectos.bannisterglobal.com\/campo\/wp-content\/uploads\/logo-hispalyt-tabiques-muros-150x150.png 150w\" sizes=\"(max-width: 150px) 100vw, 150px\" \/><\/a><\/figure>\n<\/div>\n\n\n\n<div class=\"wp-block-column is-vertically-aligned-center is-layout-flow wp-block-column-is-layout-flow\">\n<figure class=\"wp-block-image size-full is-resized\"><img loading=\"lazy\" decoding=\"async\" src=\"https:\/\/ceramicacampo.es\/wp-content\/uploads\/logo-hispalyt-gran-formato.png\" alt=\"Logo hispalyt gran formato\" class=\"wp-image-241030\" width=\"150\" height=\"150\" srcset=\"https:\/\/proyectos.bannisterglobal.com\/campo\/wp-content\/uploads\/logo-hispalyt-gran-formato.png 200w, https:\/\/proyectos.bannisterglobal.com\/campo\/wp-content\/uploads\/logo-hispalyt-gran-formato-150x150.png 150w\" sizes=\"(max-width: 150px) 100vw, 150px\" \/><\/figure>\n<\/div>\n<\/div>\n\n\n\n<div class=\"wp-block-columns are-vertically-aligned-center ajuste-galeria is-layout-flex wp-container-core-columns-is-layout-3 wp-block-columns-is-layout-flex\">\n<div class=\"wp-block-column is-vertically-aligned-center is-layout-flow wp-block-column-is-layout-flow\">\n<figure class=\"wp-block-image size-full is-resized\"><a href=\"https:\/\/www.une.org\/\" target=\"_blank\" rel=\"noreferrer noopener\"><img loading=\"lazy\" decoding=\"async\" src=\"https:\/\/ceramicacampo.es\/wp-content\/uploads\/une-logo.png\" alt=\"Une logo\" class=\"wp-image-241062\" width=\"150\" height=\"150\" srcset=\"https:\/\/proyectos.bannisterglobal.com\/campo\/wp-content\/uploads\/une-logo.png 200w, https:\/\/proyectos.bannisterglobal.com\/campo\/wp-content\/uploads\/une-logo-150x150.png 150w\" sizes=\"(max-width: 150px) 100vw, 150px\" \/><\/a><\/figure>\n<\/div>\n\n\n\n<div class=\"wp-block-column is-vertically-aligned-center is-layout-flow wp-block-column-is-layout-flow\">\n<figure class=\"wp-block-image size-full is-resized\"><a href=\"https:\/\/camaraminera.org\/\" target=\"_blank\" rel=\"noreferrer noopener\"><img loading=\"lazy\" decoding=\"async\" src=\"https:\/\/ceramicacampo.es\/wp-content\/uploads\/logo-comg.png\" alt=\"Logo COMG\" class=\"wp-image-239392\" width=\"150\" height=\"150\" srcset=\"https:\/\/proyectos.bannisterglobal.com\/campo\/wp-content\/uploads\/logo-comg.png 200w, https:\/\/proyectos.bannisterglobal.com\/campo\/wp-content\/uploads\/logo-comg-150x150.png 150w\" sizes=\"(max-width: 150px) 100vw, 150px\" \/><\/a><\/figure>\n<\/div>\n\n\n\n<div class=\"wp-block-column is-vertically-aligned-center is-layout-flow wp-block-column-is-layout-flow\">\n<figure class=\"wp-block-image size-full is-resized\"><a href=\"https:\/\/minariasostible.gal\/\" target=\"_blank\" rel=\"noreferrer noopener\"><img loading=\"lazy\" decoding=\"async\" src=\"https:\/\/ceramicacampo.es\/wp-content\/uploads\/logo-mineria-sostenible.png\" alt=\"Logo Miner\u00eda Sostenible de Galicia\" class=\"wp-image-239397\" width=\"150\" height=\"150\" srcset=\"https:\/\/proyectos.bannisterglobal.com\/campo\/wp-content\/uploads\/logo-mineria-sostenible.png 200w, https:\/\/proyectos.bannisterglobal.com\/campo\/wp-content\/uploads\/logo-mineria-sostenible-150x150.png 150w\" sizes=\"(max-width: 150px) 100vw, 150px\" \/><\/a><\/figure>\n<\/div>\n<\/div>\n\n\n\n<div class=\"wp-block-columns ajuste-galeria is-layout-flex wp-container-core-columns-is-layout-4 wp-block-columns-is-layout-flex\">\n<div class=\"wp-block-column is-layout-flow wp-block-column-is-layout-flow\">\n<figure class=\"wp-block-image size-full\"><img loading=\"lazy\" decoding=\"async\" width=\"189\" height=\"189\" src=\"https:\/\/ceramicacampo.es\/wp-content\/uploads\/agacer-logo.png\" alt=\"Logo Agacer\" class=\"wp-image-241221\" srcset=\"https:\/\/proyectos.bannisterglobal.com\/campo\/wp-content\/uploads\/agacer-logo.png 189w, https:\/\/proyectos.bannisterglobal.com\/campo\/wp-content\/uploads\/agacer-logo-150x150.png 150w\" sizes=\"(max-width: 189px) 100vw, 189px\" \/><\/figure>\n<\/div>\n\n\n\n<div class=\"wp-block-column is-layout-flow wp-block-column-is-layout-flow\">\n<figure class=\"wp-block-image size-full\"><a href=\"https:\/\/www.apecco.com\/web\/index.aspx\" target=\"_blank\" rel=\"noreferrer noopener\"><img loading=\"lazy\" decoding=\"async\" width=\"200\" height=\"200\" src=\"https:\/\/ceramicacampo.es\/wp-content\/uploads\/logo-apecco.png\" alt=\"Logo Apecco\" class=\"wp-image-239390\" srcset=\"https:\/\/proyectos.bannisterglobal.com\/campo\/wp-content\/uploads\/logo-apecco.png 200w, https:\/\/proyectos.bannisterglobal.com\/campo\/wp-content\/uploads\/logo-apecco-150x150.png 150w\" sizes=\"(max-width: 200px) 100vw, 200px\" \/><\/a><\/figure>\n<\/div>\n\n\n\n<div class=\"wp-block-column is-layout-flow wp-block-column-is-layout-flow\"><\/div>\n<\/div>\n<\/div><\/div>\n","protected":false},"excerpt":{"rendered":"<p>Asociaciones a las que pertenecemos Cer\u00e1mica Campo forma parte de las principales asociaciones industriales y empresariales relacionadas con su actividad productiva, con las que trabajamos [&hellip;]<\/p>\n","protected":false},"author":2,"featured_media":0,"parent":0,"menu_order":0,"comment_status":"closed","ping_status":"closed","template":"","meta":{"_uag_custom_page_level_css":"","ngg_post_thumbnail":0,"footnotes":""},"acf":[],"uagb_featured_image_src":{"full":false,"thumbnail":false,"medium":false,"medium_large":false,"large":false,"1536x1536":false,"2048x2048":false,"glossa-squared-image":false,"glossa-3x2-image":false,"glossa-halfwidth-image":false,"glossa-fullwidth-image":false},"uagb_author_info":{"display_name":"Bannister Global","author_link":"https:\/\/proyectos.bannisterglobal.com\/campo\/author\/bgadmin\/"},"uagb_comment_info":0,"uagb_excerpt":"Asociaciones a las que pertenecemos Cer\u00e1mica Campo forma parte de las principales asociaciones industriales y empresariales relacionadas con su actividad productiva, con las que trabajamos [&hellip;]","_links":{"self":[{"href":"https:\/\/proyectos.bannisterglobal.com\/campo\/wp-json\/wp\/v2\/pages\/239285"}],"collection":[{"href":"https:\/\/proyectos.bannisterglobal.com\/campo\/wp-json\/wp\/v2\/pages"}],"about":[{"href":"https:\/\/proyectos.bannisterglobal.com\/campo\/wp-json\/wp\/v2\/types\/page"}],"author":[{"embeddable":true,"href":"https:\/\/proyectos.bannisterglobal.com\/campo\/wp-json\/wp\/v2\/users\/2"}],"replies":[{"embeddable":true,"href":"https:\/\/proyectos.bannisterglobal.com\/campo\/wp-json\/wp\/v2\/comments?post=239285"}],"version-history":[{"count":4,"href":"https:\/\/proyectos.bannisterglobal.com\/campo\/wp-json\/wp\/v2\/pages\/239285\/revisions"}],"predecessor-version":[{"id":241222,"href":"https:\/\/proyectos.bannisterglobal.com\/campo\/wp-json\/wp\/v2\/pages\/239285\/revisions\/241222"}],"wp:attachment":[{"href":"https:\/\/proyectos.bannisterglobal.com\/campo\/wp-json\/wp\/v2\/media?parent=239285"}],"curies":[{"name":"wp","href":"https:\/\/api.w.org\/{rel}","templated":true}]}}