{"id":239525,"date":"2022-07-19T09:48:34","date_gmt":"2022-07-19T09:48:34","guid":{"rendered":"https:\/\/ceramicacampo.es\/?page_id=239525"},"modified":"2022-09-19T16:06:36","modified_gmt":"2022-09-19T16:06:36","slug":"feder","status":"publish","type":"page","link":"https:\/\/proyectos.bannisterglobal.com\/campo\/feder\/","title":{"rendered":"FEDER"},"content":{"rendered":"\n<div class=\"wp-block-group\"><div class=\"wp-block-group__inner-container is-layout-flow wp-block-group-is-layout-flow\">\n<div class=\"wp-block-image\"><figure class=\"aligncenter size-full\"><img loading=\"lazy\" decoding=\"async\" width=\"800\" height=\"560\" src=\"https:\/\/ceramicacampo.es\/wp-content\/uploads\/feder_investimentoempresarial.png\" alt=\"Ayudas FEDER\" class=\"wp-image-240250\" srcset=\"https:\/\/proyectos.bannisterglobal.com\/campo\/wp-content\/uploads\/feder_investimentoempresarial.png 800w, https:\/\/proyectos.bannisterglobal.com\/campo\/wp-content\/uploads\/feder_investimentoempresarial-300x210.png 300w, https:\/\/proyectos.bannisterglobal.com\/campo\/wp-content\/uploads\/feder_investimentoempresarial-768x538.png 768w, https:\/\/proyectos.bannisterglobal.com\/campo\/wp-content\/uploads\/feder_investimentoempresarial-760x532.png 760w\" sizes=\"(max-width: 800px) 100vw, 800px\" \/><\/figure><\/div>\n\n\n\n<h2 class=\"has-normal-font-size wp-block-heading\">IG253 \u2013 Axudas aos proxectos de investimento empresarial, cofinanciadas polo Fondo Europeo de Desenvolvemento Rexional, no marco do Programa operativo Feder Galicia 2014-2020<\/h2>\n\n\n\n<p class=\"has-normal-font-size\"><strong>EXPEDIENTE:<\/strong> IG253.2020.1.67<\/p>\n\n\n\n<p class=\"has-normal-font-size\"><strong>FECHA DE SOLICITUD:<\/strong> 15\/6\/2020<\/p>\n\n\n\n<p class=\"has-normal-font-size\"><strong>SOLICITANTE:<\/strong> Pretensados Campo, S.L.<\/p>\n\n\n\n<p class=\"has-normal-font-size\"><strong>PROYECTO:<\/strong> Ampliaci\u00f3n de la capacidad de producci\u00f3n en industria de prefabricados de hormig\u00f3n.<\/p>\n\n\n\n<p class=\"has-normal-font-size\"><strong>LOCALIZACI\u00d3N:<\/strong> Lugar de Fianteira, Vilalonga, Sanxenxo (Pontevedra)<\/p>\n\n\n\n<p class=\"has-normal-font-size\"><strong>INVERSI\u00d3N:<\/strong> 2.443.250 EUROS<\/p>\n\n\n\n<p class=\"has-normal-font-size\"><strong>DESCRIPCI\u00d3N DEL PROYECTO:<\/strong> El proyecto consiste b\u00e1sicamente en la ampliaci\u00f3n, modernizaci\u00f3n y mejora de capacidad productiva de la f\u00e1brica actual localizada en Villalonga (Sanxenxo), mediante la inversi\u00f3n en la maquinaria y equipamientos necesaria para la instalaci\u00f3n de una nueva l\u00ednea de producci\u00f3n de prefabricados de hormig\u00f3n, con un presupuesto de 2,44 millones de euros mediante la modalidad llave en mano.<\/p>\n\n\n\n<div class=\"wp-block-image\"><figure class=\"aligncenter size-large\"><img loading=\"lazy\" decoding=\"async\" width=\"1024\" height=\"728\" src=\"https:\/\/ceramicacampo.es\/wp-content\/uploads\/programa-re-acciona-1024x728.jpg\" alt=\"Programa re acciona\" class=\"wp-image-237743\" srcset=\"https:\/\/proyectos.bannisterglobal.com\/campo\/wp-content\/uploads\/programa-re-acciona-1024x728.jpg 1024w, https:\/\/proyectos.bannisterglobal.com\/campo\/wp-content\/uploads\/programa-re-acciona-300x213.jpg 300w, https:\/\/proyectos.bannisterglobal.com\/campo\/wp-content\/uploads\/programa-re-acciona-768x546.jpg 768w, https:\/\/proyectos.bannisterglobal.com\/campo\/wp-content\/uploads\/programa-re-acciona-1536x1092.jpg 1536w, https:\/\/proyectos.bannisterglobal.com\/campo\/wp-content\/uploads\/programa-re-acciona-2048x1456.jpg 2048w, https:\/\/proyectos.bannisterglobal.com\/campo\/wp-content\/uploads\/programa-re-acciona-760x540.jpg 760w, https:\/\/proyectos.bannisterglobal.com\/campo\/wp-content\/uploads\/programa-re-acciona-1250x889.jpg 1250w\" sizes=\"(max-width: 1024px) 100vw, 1024px\" \/><figcaption>Programa re acciona<\/figcaption><\/figure><\/div>\n<\/div><\/div>\n","protected":false},"excerpt":{"rendered":"<p>IG253 \u2013 Axudas aos proxectos de investimento empresarial, cofinanciadas polo Fondo Europeo de Desenvolvemento Rexional, no marco do Programa operativo Feder Galicia 2014-2020 EXPEDIENTE: IG253.2020.1.67 [&hellip;]<\/p>\n","protected":false},"author":2,"featured_media":0,"parent":0,"menu_order":0,"comment_status":"closed","ping_status":"closed","template":"","meta":{"_uag_custom_page_level_css":"","ngg_post_thumbnail":0,"footnotes":""},"acf":[],"uagb_featured_image_src":{"full":false,"thumbnail":false,"medium":false,"medium_large":false,"large":false,"1536x1536":false,"2048x2048":false,"glossa-squared-image":false,"glossa-3x2-image":false,"glossa-halfwidth-image":false,"glossa-fullwidth-image":false},"uagb_author_info":{"display_name":"Bannister Global","author_link":"https:\/\/proyectos.bannisterglobal.com\/campo\/author\/bgadmin\/"},"uagb_comment_info":0,"uagb_excerpt":"IG253 \u2013 Axudas aos proxectos de investimento empresarial, cofinanciadas polo Fondo Europeo de Desenvolvemento Rexional, no marco do Programa operativo Feder Galicia 2014-2020 EXPEDIENTE: IG253.2020.1.67 [&hellip;]","_links":{"self":[{"href":"https:\/\/proyectos.bannisterglobal.com\/campo\/wp-json\/wp\/v2\/pages\/239525"}],"collection":[{"href":"https:\/\/proyectos.bannisterglobal.com\/campo\/wp-json\/wp\/v2\/pages"}],"about":[{"href":"https:\/\/proyectos.bannisterglobal.com\/campo\/wp-json\/wp\/v2\/types\/page"}],"author":[{"embeddable":true,"href":"https:\/\/proyectos.bannisterglobal.com\/campo\/wp-json\/wp\/v2\/users\/2"}],"replies":[{"embeddable":true,"href":"https:\/\/proyectos.bannisterglobal.com\/campo\/wp-json\/wp\/v2\/comments?post=239525"}],"version-history":[{"count":5,"href":"https:\/\/proyectos.bannisterglobal.com\/campo\/wp-json\/wp\/v2\/pages\/239525\/revisions"}],"predecessor-version":[{"id":240331,"href":"https:\/\/proyectos.bannisterglobal.com\/campo\/wp-json\/wp\/v2\/pages\/239525\/revisions\/240331"}],"wp:attachment":[{"href":"https:\/\/proyectos.bannisterglobal.com\/campo\/wp-json\/wp\/v2\/media?parent=239525"}],"curies":[{"name":"wp","href":"https:\/\/api.w.org\/{rel}","templated":true}]}}