{"id":240849,"date":"2023-06-02T13:01:31","date_gmt":"2023-06-02T11:01:31","guid":{"rendered":"https:\/\/ceramicacampo.es\/?page_id=240849"},"modified":"2024-03-04T12:55:51","modified_gmt":"2024-03-04T11:55:51","slug":"campo-sementa","status":"publish","type":"page","link":"https:\/\/proyectos.bannisterglobal.com\/campo\/campo-sementa\/","title":{"rendered":"Campo Sementa"},"content":{"rendered":"\n<div class=\"wp-block-cover alignfull cabecera-sementa\"><span aria-hidden=\"true\" class=\"wp-block-cover__background has-black-background-color has-background-dim\"><\/span><img loading=\"lazy\" decoding=\"async\" width=\"2016\" height=\"1512\" class=\"wp-block-cover__image-background wp-image-242955\" alt=\"Whatsapp image 2023 03 22 at 19 31 06 2\" src=\"https:\/\/ceramicacampo.es\/wp-content\/uploads\/whatsapp-image-2023-03-22-at-19-31-06-2.jpeg\" data-object-fit=\"cover\" srcset=\"https:\/\/proyectos.bannisterglobal.com\/campo\/wp-content\/uploads\/whatsapp-image-2023-03-22-at-19-31-06-2.jpeg 2016w, https:\/\/proyectos.bannisterglobal.com\/campo\/wp-content\/uploads\/whatsapp-image-2023-03-22-at-19-31-06-2-300x225.jpeg 300w, https:\/\/proyectos.bannisterglobal.com\/campo\/wp-content\/uploads\/whatsapp-image-2023-03-22-at-19-31-06-2-1024x768.jpeg 1024w, https:\/\/proyectos.bannisterglobal.com\/campo\/wp-content\/uploads\/whatsapp-image-2023-03-22-at-19-31-06-2-768x576.jpeg 768w, https:\/\/proyectos.bannisterglobal.com\/campo\/wp-content\/uploads\/whatsapp-image-2023-03-22-at-19-31-06-2-1536x1152.jpeg 1536w, https:\/\/proyectos.bannisterglobal.com\/campo\/wp-content\/uploads\/whatsapp-image-2023-03-22-at-19-31-06-2-760x570.jpeg 760w, https:\/\/proyectos.bannisterglobal.com\/campo\/wp-content\/uploads\/whatsapp-image-2023-03-22-at-19-31-06-2-1250x938.jpeg 1250w\" sizes=\"(max-width: 2016px) 100vw, 2016px\" \/><div class=\"wp-block-cover__inner-container is-layout-flow wp-block-cover-is-layout-flow\">\n<h1 class=\"texto-h1-sementa has-white-color has-text-color wp-block-heading\">Programa Campo Sementa: formaci\u00f3n e inserci\u00f3n laboral<\/h1>\n<\/div><\/div>\n\n\n\n<div class=\"wp-block-group\"><div class=\"wp-block-group__inner-container is-layout-flow wp-block-group-is-layout-flow\">\n<div class=\"wp-block-columns is-layout-flex wp-container-core-columns-is-layout-1 wp-block-columns-is-layout-flex\">\n<div class=\"wp-block-column is-layout-flow wp-block-column-is-layout-flow\">\n<div class=\"wp-block-group\"><div class=\"wp-block-group__inner-container is-layout-flow wp-block-group-is-layout-flow\">\n<p>Campo Sementa es un programa que recoge diversas actividades encaminadas a la formaci\u00f3n continua, la inserci\u00f3n laboral de los m\u00e1s j\u00f3venes, el desarrollo de zonas rurales y el fomento de la divulgaci\u00f3n del sector de la construcci\u00f3n.&nbsp;<\/p>\n\n\n\n<p>Se trata de una iniciativa que materializa el compromiso de Cer\u00e1mica Campo con la sociedad y el progreso a trav\u00e9s del convenio con centros educativos y entidades espec\u00edficas.&nbsp;<\/p>\n\n\n\n<p><\/p>\n<\/div><\/div>\n<\/div>\n\n\n\n<div class=\"wp-block-column is-layout-flow wp-block-column-is-layout-flow\">\n<div class=\"wp-block-group\"><div class=\"wp-block-group__inner-container is-layout-flow wp-block-group-is-layout-flow\">\n<figure class=\"wp-block-image size-full\"><img loading=\"lazy\" decoding=\"async\" width=\"1000\" height=\"609\" src=\"https:\/\/ceramicacampo.es\/wp-content\/uploads\/campo-taller-someso-1.jpg\" alt=\"Campo taller someso 1\" class=\"wp-image-238687\" srcset=\"https:\/\/proyectos.bannisterglobal.com\/campo\/wp-content\/uploads\/campo-taller-someso-1.jpg 1000w, https:\/\/proyectos.bannisterglobal.com\/campo\/wp-content\/uploads\/campo-taller-someso-1-300x183.jpg 300w, https:\/\/proyectos.bannisterglobal.com\/campo\/wp-content\/uploads\/campo-taller-someso-1-768x468.jpg 768w, https:\/\/proyectos.bannisterglobal.com\/campo\/wp-content\/uploads\/campo-taller-someso-1-760x463.jpg 760w\" sizes=\"(max-width: 1000px) 100vw, 1000px\" \/><\/figure>\n<\/div><\/div>\n<\/div>\n<\/div>\n<\/div><\/div>\n\n\n\n<div class=\"wp-block-group\"><div class=\"wp-block-group__inner-container is-layout-flow wp-block-group-is-layout-flow\">\n<h2 class=\"has-primary-color has-text-color wp-block-heading\">Objetivos<\/h2>\n\n\n\n<div class=\"wp-block-columns is-layout-flex wp-container-core-columns-is-layout-2 wp-block-columns-is-layout-flex\">\n<div class=\"wp-block-column is-layout-flow wp-block-column-is-layout-flow\">\n<ul>\n<li>Fomentar las vocaciones relacionadas con el sector industrial y de la construcci\u00f3n entre los alumnos y alumnas m\u00e1s j\u00f3venes.&nbsp;<\/li>\n\n\n\n<li>Dar a conocer entre el alumnado las buenas pr\u00e1cticas medioambientales que forman parte de la cultura de Cer\u00e1mica Campo.<\/li>\n\n\n\n<li>Promover una educaci\u00f3n m\u00e1s pr\u00e1ctica, enfocada a cubrir las necesidades del mercado laboral.&nbsp;<\/li>\n<\/ul>\n<\/div>\n\n\n\n<div class=\"wp-block-column is-layout-flow wp-block-column-is-layout-flow\">\n<ul>\n<li>Establecer sinergias y redes de conocimiento entre profesionales, docentes y alumnado.&nbsp;<\/li>\n\n\n\n<li>Promover la cualificaci\u00f3n de los empleados y empleadas del sector industrial y de la construcci\u00f3n.&nbsp;<\/li>\n\n\n\n<li>Luchar contra el abandono del rural, apostando por la fijaci\u00f3n de poblaci\u00f3n joven y acciones encaminadas al desarrollo del entorno.&nbsp;<\/li>\n<\/ul>\n<\/div>\n<\/div>\n<\/div><\/div>\n\n\n\n<div class=\"wp-block-group\"><div class=\"wp-block-group__inner-container is-layout-flow wp-block-group-is-layout-flow\">\n<h2 class=\"has-primary-color has-text-color wp-block-heading\">Acciones<\/h2>\n\n\n\n<div class=\"wp-block-columns is-layout-flex wp-container-core-columns-is-layout-3 wp-block-columns-is-layout-flex\">\n<div class=\"wp-block-column is-layout-flow wp-block-column-is-layout-flow\" style=\"flex-basis:50%\">\n<div class=\"wp-block-group box-lines-left\"><div class=\"wp-block-group__inner-container is-layout-flow wp-block-group-is-layout-flow\">\n<h4 class=\"textTransform:uppercase fontWeight:normal has-primary-color has-text-color wp-block-heading\">DIVULGACI\u00d3N<\/h4>\n\n\n\n<p>Se trata de acciones encaminadas a sensibilizar a la poblaci\u00f3n en temas fundamentales para el desarrollo de la sociedad y las comunidades locales. Con temas que incluyen: protecci\u00f3n de medioambiente, la salud de las personas y el desarrollo industrial.<\/p>\n<\/div><\/div>\n<\/div>\n\n\n\n<div class=\"wp-block-column is-layout-flow wp-block-column-is-layout-flow\" style=\"flex-basis:50%\">\n<div class=\"wp-block-group box-lines-left\"><div class=\"wp-block-group__inner-container is-layout-flow wp-block-group-is-layout-flow\">\n<h4 class=\"textTransform:uppercase fontWeight:normal has-primary-color has-text-color wp-block-heading\">FORMACI\u00d3N TEMPRANA<\/h4>\n\n\n\n<p>Acciones dirigidas al alumnado de cursos de Educaci\u00f3n Primaria, Educaci\u00f3n Secundaria y Bachillerato para fomentar las vocaciones profesionales STEM y educar en valores como la ecolog\u00eda y el compromiso con el tejido industrial local.<\/p>\n<\/div><\/div>\n<\/div>\n<\/div>\n\n\n\n<div class=\"wp-block-columns is-layout-flex wp-container-core-columns-is-layout-4 wp-block-columns-is-layout-flex\">\n<div class=\"wp-block-column is-layout-flow wp-block-column-is-layout-flow\">\n<div class=\"wp-block-group box-lines-left\"><div class=\"wp-block-group__inner-container is-layout-flow wp-block-group-is-layout-flow\">\n<h4 class=\"textTransform:uppercase fontWeight:normal has-primary-color has-text-color wp-block-heading\">APOYO A LA DOCENCIA<\/h4>\n\n\n\n<p>Un conjunto de iniciativas para complementar la formaci\u00f3n de alumnos de los ciclos de Formaci\u00f3n Profesional y de estudios universitarios, as\u00ed como de ense\u00f1anzas t\u00e9cnicas no regladas.<\/p>\n<\/div><\/div>\n<\/div>\n\n\n\n<div class=\"wp-block-column is-layout-flow wp-block-column-is-layout-flow\">\n<div class=\"wp-block-group box-lines-left\"><div class=\"wp-block-group__inner-container is-layout-flow wp-block-group-is-layout-flow\">\n<h4 class=\"textTransform:uppercase fontWeight:normal has-primary-color has-text-color wp-block-heading\">INSERCI\u00d3N LABORAL<\/h4>\n\n\n\n<p>Acciones de adquisici\u00f3n de nuevas competencias por parte de profesionales desempleados o de estudiantes a punto de ingresar en el mercado laboral. Incluye programas de pr\u00e1cticas y becas en nuestras plantas.<\/p>\n<\/div><\/div>\n<\/div>\n<\/div>\n\n\n\n<div class=\"wp-block-columns is-layout-flex wp-container-core-columns-is-layout-5 wp-block-columns-is-layout-flex\">\n<div class=\"wp-block-column is-layout-flow wp-block-column-is-layout-flow\" style=\"flex-basis:50%\">\n<div class=\"wp-block-group box-lines-left\"><div class=\"wp-block-group__inner-container is-layout-flow wp-block-group-is-layout-flow\">\n<h4 class=\"textTransform:uppercase fontWeight:normal has-primary-color has-text-color wp-block-heading\">APOYO PROFESIONAL<\/h4>\n\n\n\n<p>Iniciativas dirigidas a trabajadores en activo en los sectores de la construcci\u00f3n y la industria orientadas a la formaci\u00f3n continua y la modernizaci\u00f3n y capacitaci\u00f3n de nuestro tejido productivo.<\/p>\n<\/div><\/div>\n<\/div>\n\n\n\n<div class=\"wp-block-column is-layout-flow wp-block-column-is-layout-flow\" style=\"flex-basis:50%\"><\/div>\n<\/div>\n<\/div><\/div>\n\n\n\n<div class=\"wp-block-group\"><div class=\"wp-block-group__inner-container is-layout-constrained wp-block-group-is-layout-constrained\">\n<h2 class=\"has-primary-color has-text-color wp-block-heading\">Participa en Campo Sementa<\/h2>\n\n\n\n<p>Si eres un centro de estudios o una entidad relacionada con la inserci\u00f3n laboral y la capacitaci\u00f3n de los empleados ponte en contacto con nosotros a trav\u00e9s del correo <a href=\"mailto:info@ceramicacampo.com\" target=\"_blank\" rel=\"noreferrer noopener\">info@ceramicacampo.com<\/a>.<\/p>\n\n\n\n<div class=\"wp-block-buttons is-layout-flex wp-block-buttons-is-layout-flex\">\n<div class=\"wp-block-button\"><a class=\"wp-block-button__link has-white-color has-primary-background-color has-text-color has-background wp-element-button\" href=\"https:\/\/ceramicacampo.es\/wp-content\/uploads\/campo_programa_campo_sementa.pdf\" target=\"_blank\" rel=\"noreferrer noopener\">Descarga el programa de Campo Sementa<\/a><\/div>\n<\/div>\n<\/div><\/div>\n\n\n\n<div class=\"wp-block-group\"><div class=\"wp-block-group__inner-container is-layout-constrained wp-block-group-is-layout-constrained\">\n<h2 class=\"has-primary-color has-text-color wp-block-heading\">Galer\u00eda de im\u00e1genes<\/h2>\n\n\n\n<div class=\"wp-block-columns is-layout-flex wp-container-core-columns-is-layout-6 wp-block-columns-is-layout-flex\">\n<div class=\"wp-block-column is-layout-flow wp-block-column-is-layout-flow\">\n<figure class=\"wp-block-image size-full\"><img loading=\"lazy\" decoding=\"async\" width=\"900\" height=\"624\" src=\"https:\/\/ceramicacampo.es\/wp-content\/uploads\/insercion-laboral-muinos-ceramica-campo.jpg\" alt=\"Insercion laboral muinos ceramica campo\" class=\"wp-image-243231\" srcset=\"https:\/\/proyectos.bannisterglobal.com\/campo\/wp-content\/uploads\/insercion-laboral-muinos-ceramica-campo.jpg 900w, https:\/\/proyectos.bannisterglobal.com\/campo\/wp-content\/uploads\/insercion-laboral-muinos-ceramica-campo-300x208.jpg 300w, https:\/\/proyectos.bannisterglobal.com\/campo\/wp-content\/uploads\/insercion-laboral-muinos-ceramica-campo-768x532.jpg 768w, https:\/\/proyectos.bannisterglobal.com\/campo\/wp-content\/uploads\/insercion-laboral-muinos-ceramica-campo-760x527.jpg 760w\" sizes=\"(max-width: 900px) 100vw, 900px\" \/><\/figure>\n<\/div>\n\n\n\n<div class=\"wp-block-column is-layout-flow wp-block-column-is-layout-flow\">\n<figure class=\"wp-block-image size-large\"><img loading=\"lazy\" decoding=\"async\" width=\"1024\" height=\"768\" src=\"https:\/\/ceramicacampo.es\/wp-content\/uploads\/img_e2953-1-1024x768.jpg\" alt=\"Img_e2953 1\" class=\"wp-image-242967\" srcset=\"https:\/\/proyectos.bannisterglobal.com\/campo\/wp-content\/uploads\/img_e2953-1-1024x768.jpg 1024w, https:\/\/proyectos.bannisterglobal.com\/campo\/wp-content\/uploads\/img_e2953-1-300x225.jpg 300w, https:\/\/proyectos.bannisterglobal.com\/campo\/wp-content\/uploads\/img_e2953-1-768x576.jpg 768w, https:\/\/proyectos.bannisterglobal.com\/campo\/wp-content\/uploads\/img_e2953-1-1536x1152.jpg 1536w, https:\/\/proyectos.bannisterglobal.com\/campo\/wp-content\/uploads\/img_e2953-1-2048x1536.jpg 2048w, https:\/\/proyectos.bannisterglobal.com\/campo\/wp-content\/uploads\/img_e2953-1-760x570.jpg 760w, https:\/\/proyectos.bannisterglobal.com\/campo\/wp-content\/uploads\/img_e2953-1-1250x938.jpg 1250w\" sizes=\"(max-width: 1024px) 100vw, 1024px\" \/><\/figure>\n<\/div>\n\n\n\n<div class=\"wp-block-column is-layout-flow wp-block-column-is-layout-flow\">\n<figure class=\"wp-block-image size-large\"><img loading=\"lazy\" decoding=\"async\" width=\"1024\" height=\"768\" src=\"https:\/\/ceramicacampo.es\/wp-content\/uploads\/whatsapp-image-2023-01-30-at-12-15-03-1-1024x768.jpeg\" alt=\"Whatsapp image 2023 01 30 at 12 15 03 1\" class=\"wp-image-242965\" srcset=\"https:\/\/proyectos.bannisterglobal.com\/campo\/wp-content\/uploads\/whatsapp-image-2023-01-30-at-12-15-03-1-1024x768.jpeg 1024w, https:\/\/proyectos.bannisterglobal.com\/campo\/wp-content\/uploads\/whatsapp-image-2023-01-30-at-12-15-03-1-300x225.jpeg 300w, https:\/\/proyectos.bannisterglobal.com\/campo\/wp-content\/uploads\/whatsapp-image-2023-01-30-at-12-15-03-1-768x576.jpeg 768w, https:\/\/proyectos.bannisterglobal.com\/campo\/wp-content\/uploads\/whatsapp-image-2023-01-30-at-12-15-03-1-1536x1152.jpeg 1536w, https:\/\/proyectos.bannisterglobal.com\/campo\/wp-content\/uploads\/whatsapp-image-2023-01-30-at-12-15-03-1-760x570.jpeg 760w, https:\/\/proyectos.bannisterglobal.com\/campo\/wp-content\/uploads\/whatsapp-image-2023-01-30-at-12-15-03-1-1250x938.jpeg 1250w, https:\/\/proyectos.bannisterglobal.com\/campo\/wp-content\/uploads\/whatsapp-image-2023-01-30-at-12-15-03-1.jpeg 2048w\" sizes=\"(max-width: 1024px) 100vw, 1024px\" \/><\/figure>\n<\/div>\n<\/div>\n\n\n\n<div class=\"wp-block-columns is-layout-flex wp-container-core-columns-is-layout-7 wp-block-columns-is-layout-flex\">\n<div class=\"wp-block-column is-layout-flow wp-block-column-is-layout-flow\">\n<figure class=\"wp-block-image size-large\"><img loading=\"lazy\" decoding=\"async\" width=\"1024\" height=\"768\" src=\"https:\/\/ceramicacampo.es\/wp-content\/uploads\/whatsapp-image-2023-03-22-at-19-31-06-2-1024x768.jpeg\" alt=\"Whatsapp image 2023 03 22 at 19 31 06 2\" class=\"wp-image-242955\" srcset=\"https:\/\/proyectos.bannisterglobal.com\/campo\/wp-content\/uploads\/whatsapp-image-2023-03-22-at-19-31-06-2-1024x768.jpeg 1024w, https:\/\/proyectos.bannisterglobal.com\/campo\/wp-content\/uploads\/whatsapp-image-2023-03-22-at-19-31-06-2-300x225.jpeg 300w, https:\/\/proyectos.bannisterglobal.com\/campo\/wp-content\/uploads\/whatsapp-image-2023-03-22-at-19-31-06-2-768x576.jpeg 768w, https:\/\/proyectos.bannisterglobal.com\/campo\/wp-content\/uploads\/whatsapp-image-2023-03-22-at-19-31-06-2-1536x1152.jpeg 1536w, https:\/\/proyectos.bannisterglobal.com\/campo\/wp-content\/uploads\/whatsapp-image-2023-03-22-at-19-31-06-2-760x570.jpeg 760w, https:\/\/proyectos.bannisterglobal.com\/campo\/wp-content\/uploads\/whatsapp-image-2023-03-22-at-19-31-06-2-1250x938.jpeg 1250w, https:\/\/proyectos.bannisterglobal.com\/campo\/wp-content\/uploads\/whatsapp-image-2023-03-22-at-19-31-06-2.jpeg 2016w\" sizes=\"(max-width: 1024px) 100vw, 1024px\" \/><\/figure>\n<\/div>\n\n\n\n<div class=\"wp-block-column is-layout-flow wp-block-column-is-layout-flow\">\n<figure class=\"wp-block-image size-full\"><img loading=\"lazy\" decoding=\"async\" width=\"1000\" height=\"750\" src=\"https:\/\/ceramicacampo.es\/wp-content\/uploads\/colaboracion-obradoiro-emprego-lalin.jpg\" alt=\"Colaboracion obradoiro emprego lalin\" class=\"wp-image-243434\" srcset=\"https:\/\/proyectos.bannisterglobal.com\/campo\/wp-content\/uploads\/colaboracion-obradoiro-emprego-lalin.jpg 1000w, https:\/\/proyectos.bannisterglobal.com\/campo\/wp-content\/uploads\/colaboracion-obradoiro-emprego-lalin-300x225.jpg 300w, https:\/\/proyectos.bannisterglobal.com\/campo\/wp-content\/uploads\/colaboracion-obradoiro-emprego-lalin-768x576.jpg 768w, https:\/\/proyectos.bannisterglobal.com\/campo\/wp-content\/uploads\/colaboracion-obradoiro-emprego-lalin-760x570.jpg 760w\" sizes=\"(max-width: 1000px) 100vw, 1000px\" \/><\/figure>\n<\/div>\n\n\n\n<div class=\"wp-block-column is-layout-flow wp-block-column-is-layout-flow\">\n<figure class=\"wp-block-image size-large\"><img loading=\"lazy\" decoding=\"async\" width=\"1024\" height=\"768\" src=\"https:\/\/ceramicacampo.es\/wp-content\/uploads\/foto-20-1024x768.jpeg\" alt=\"Foto 20\" class=\"wp-image-242966\" srcset=\"https:\/\/proyectos.bannisterglobal.com\/campo\/wp-content\/uploads\/foto-20-1024x768.jpeg 1024w, https:\/\/proyectos.bannisterglobal.com\/campo\/wp-content\/uploads\/foto-20-300x225.jpeg 300w, https:\/\/proyectos.bannisterglobal.com\/campo\/wp-content\/uploads\/foto-20-768x576.jpeg 768w, https:\/\/proyectos.bannisterglobal.com\/campo\/wp-content\/uploads\/foto-20-1536x1152.jpeg 1536w, https:\/\/proyectos.bannisterglobal.com\/campo\/wp-content\/uploads\/foto-20-760x570.jpeg 760w, https:\/\/proyectos.bannisterglobal.com\/campo\/wp-content\/uploads\/foto-20-1250x938.jpeg 1250w, https:\/\/proyectos.bannisterglobal.com\/campo\/wp-content\/uploads\/foto-20.jpeg 2016w\" sizes=\"(max-width: 1024px) 100vw, 1024px\" \/><\/figure>\n<\/div>\n<\/div>\n\n\n\n<div class=\"wp-block-columns is-layout-flex wp-container-core-columns-is-layout-8 wp-block-columns-is-layout-flex\">\n<div class=\"wp-block-column is-layout-flow wp-block-column-is-layout-flow\"><\/div>\n\n\n\n<div class=\"wp-block-column is-layout-flow wp-block-column-is-layout-flow\"><\/div>\n\n\n\n<div class=\"wp-block-column is-layout-flow wp-block-column-is-layout-flow\"><\/div>\n<\/div>\n<\/div><\/div>\n","protected":false},"excerpt":{"rendered":"<p>Campo Sementa es un programa que recoge diversas actividades encaminadas a la formaci\u00f3n continua, la inserci\u00f3n laboral de los m\u00e1s j\u00f3venes, el desarrollo de zonas [&hellip;]<\/p>\n","protected":false},"author":2,"featured_media":0,"parent":0,"menu_order":0,"comment_status":"closed","ping_status":"closed","template":"","meta":{"_uag_custom_page_level_css":"","ngg_post_thumbnail":0,"footnotes":""},"acf":[],"uagb_featured_image_src":{"full":false,"thumbnail":false,"medium":false,"medium_large":false,"large":false,"1536x1536":false,"2048x2048":false,"glossa-squared-image":false,"glossa-3x2-image":false,"glossa-halfwidth-image":false,"glossa-fullwidth-image":false},"uagb_author_info":{"display_name":"Bannister Global","author_link":"https:\/\/proyectos.bannisterglobal.com\/campo\/author\/bgadmin\/"},"uagb_comment_info":0,"uagb_excerpt":"Campo Sementa es un programa que recoge diversas actividades encaminadas a la formaci\u00f3n continua, la inserci\u00f3n laboral de los m\u00e1s j\u00f3venes, el desarrollo de zonas [&hellip;]","_links":{"self":[{"href":"https:\/\/proyectos.bannisterglobal.com\/campo\/wp-json\/wp\/v2\/pages\/240849"}],"collection":[{"href":"https:\/\/proyectos.bannisterglobal.com\/campo\/wp-json\/wp\/v2\/pages"}],"about":[{"href":"https:\/\/proyectos.bannisterglobal.com\/campo\/wp-json\/wp\/v2\/types\/page"}],"author":[{"embeddable":true,"href":"https:\/\/proyectos.bannisterglobal.com\/campo\/wp-json\/wp\/v2\/users\/2"}],"replies":[{"embeddable":true,"href":"https:\/\/proyectos.bannisterglobal.com\/campo\/wp-json\/wp\/v2\/comments?post=240849"}],"version-history":[{"count":6,"href":"https:\/\/proyectos.bannisterglobal.com\/campo\/wp-json\/wp\/v2\/pages\/240849\/revisions"}],"predecessor-version":[{"id":244159,"href":"https:\/\/proyectos.bannisterglobal.com\/campo\/wp-json\/wp\/v2\/pages\/240849\/revisions\/244159"}],"wp:attachment":[{"href":"https:\/\/proyectos.bannisterglobal.com\/campo\/wp-json\/wp\/v2\/media?parent=240849"}],"curies":[{"name":"wp","href":"https:\/\/api.w.org\/{rel}","templated":true}]}}