{"id":241900,"date":"2023-03-01T15:54:35","date_gmt":"2023-03-01T15:54:35","guid":{"rendered":"https:\/\/ceramicacampo.es\/?page_id=241900"},"modified":"2024-04-18T16:05:16","modified_gmt":"2024-04-18T14:05:16","slug":"proximos-eventos","status":"publish","type":"page","link":"https:\/\/proyectos.bannisterglobal.com\/campo\/proximos-eventos\/","title":{"rendered":"Pr\u00f3ximos eventos"},"content":{"rendered":"\n<div class=\"wp-block-group\"><div class=\"wp-block-group__inner-container is-layout-constrained wp-block-group-is-layout-constrained\">\n<h2 class=\"wp-block-heading\">\u00bfD\u00f3nde puedes encontrar a nuestro equipo?<\/h2>\n\n\n\n<p>Las ferias y eventos a los que asistimos son clave para estar al d\u00eda de las \u00faltimas tendencias del sector de la construcci\u00f3n y establecer conexiones. En esta p\u00e1gina puedes echar un vistazo a los pr\u00f3ximos eventos en los que participaremos.<\/p>\n\n\n\n<div style=\"height:100px\" aria-hidden=\"true\" class=\"wp-block-spacer\"><\/div>\n\n\n\n<div class=\"wp-block-columns is-layout-flex wp-container-core-columns-is-layout-1 wp-block-columns-is-layout-flex\">\n<div class=\"wp-block-column columna-eventos is-layout-flow wp-block-column-is-layout-flow\">\n<p>9-10 Octubre, 2024<br><mark style=\"background-color:rgba(0, 0, 0, 0)\" class=\"has-inline-color has-primary-color\">(Vigo)<\/mark><\/p>\n\n\n\n<h2 class=\"titulo-evento wp-block-heading\">DPA F\u00f3rum<\/h2>\n\n\n\n<p>Un espacio que acerca a profesionales la innovaci\u00f3n en los \u00e1mbitos de Arquitectura, Construcci\u00f3n y Rehabilitaci\u00f3n.<\/p>\n<\/div>\n\n\n\n<div class=\"wp-block-column columna-eventos is-layout-flow wp-block-column-is-layout-flow\">\n<p>27-28 Noviembre, 2024<br><mark style=\"background-color:rgba(0, 0, 0, 0)\" class=\"has-inline-color has-primary-color\">(A Coru\u00f1a)<\/mark><\/p>\n\n\n\n<h2 class=\"titulo-evento wp-block-heading\">DPA F\u00f3rum<\/h2>\n\n\n\n<p>Punto de convergencia donde los profesionales del sector pueden acceder de forma pr\u00e1ctica y sencilla a soluciones, t\u00e9cnicas e ideas innovadoras.<\/p>\n<\/div>\n<\/div>\n<\/div><\/div>\n\n\n\n<p><\/p>\n","protected":false},"excerpt":{"rendered":"<p>\u00bfD\u00f3nde puedes encontrar a nuestro equipo? Las ferias y eventos a los que asistimos son clave para estar al d\u00eda de las \u00faltimas tendencias del [&hellip;]<\/p>\n","protected":false},"author":2,"featured_media":0,"parent":0,"menu_order":0,"comment_status":"closed","ping_status":"closed","template":"","meta":{"_uag_custom_page_level_css":"","ngg_post_thumbnail":0,"footnotes":""},"acf":[],"uagb_featured_image_src":{"full":false,"thumbnail":false,"medium":false,"medium_large":false,"large":false,"1536x1536":false,"2048x2048":false,"glossa-squared-image":false,"glossa-3x2-image":false,"glossa-halfwidth-image":false,"glossa-fullwidth-image":false},"uagb_author_info":{"display_name":"Bannister Global","author_link":"https:\/\/proyectos.bannisterglobal.com\/campo\/author\/bgadmin\/"},"uagb_comment_info":0,"uagb_excerpt":"\u00bfD\u00f3nde puedes encontrar a nuestro equipo? Las ferias y eventos a los que asistimos son clave para estar al d\u00eda de las \u00faltimas tendencias del [&hellip;]","_links":{"self":[{"href":"https:\/\/proyectos.bannisterglobal.com\/campo\/wp-json\/wp\/v2\/pages\/241900"}],"collection":[{"href":"https:\/\/proyectos.bannisterglobal.com\/campo\/wp-json\/wp\/v2\/pages"}],"about":[{"href":"https:\/\/proyectos.bannisterglobal.com\/campo\/wp-json\/wp\/v2\/types\/page"}],"author":[{"embeddable":true,"href":"https:\/\/proyectos.bannisterglobal.com\/campo\/wp-json\/wp\/v2\/users\/2"}],"replies":[{"embeddable":true,"href":"https:\/\/proyectos.bannisterglobal.com\/campo\/wp-json\/wp\/v2\/comments?post=241900"}],"version-history":[{"count":4,"href":"https:\/\/proyectos.bannisterglobal.com\/campo\/wp-json\/wp\/v2\/pages\/241900\/revisions"}],"predecessor-version":[{"id":243945,"href":"https:\/\/proyectos.bannisterglobal.com\/campo\/wp-json\/wp\/v2\/pages\/241900\/revisions\/243945"}],"wp:attachment":[{"href":"https:\/\/proyectos.bannisterglobal.com\/campo\/wp-json\/wp\/v2\/media?parent=241900"}],"curies":[{"name":"wp","href":"https:\/\/api.w.org\/{rel}","templated":true}]}}