{"id":244108,"date":"2024-05-30T12:11:23","date_gmt":"2024-05-30T10:11:23","guid":{"rendered":"https:\/\/proyectos.bannisterglobal.com\/campo\/register\/"},"modified":"2024-05-31T12:02:54","modified_gmt":"2024-05-31T10:02:54","slug":"register","status":"publish","type":"page","link":"https:\/\/proyectos.bannisterglobal.com\/campo\/register\/","title":{"rendered":"Registro"},"content":{"rendered":"\n<div style=\"height:1rem\" aria-hidden=\"true\" class=\"wp-block-spacer\"><\/div>\n\n\n\n<h2 class=\"wp-block-heading\">\u00c1REA T\u00c9CNICA<\/h2>\n\n\n\n<p>\u00a1Bienvenido al \u00c1rea T\u00e9cnica de Cer\u00e1mica Campo! Aqu\u00ed encontrar\u00e1s toda la documentaci\u00f3n que necesitas para tus proyectos de construcci\u00f3n.<\/p>\n\n\n\n<p>Cat\u00e1logos, fichas t\u00e9cnicas, certificaciones de sostenibilidad, informes de ensayos, sellos de calidad, manuales de instalaci\u00f3n, objetos BIM, bases de datos CYPE&#8230;<\/p>\n\n\n\n<p>Reg\u00edstrate y descarga de forma sencilla todos los documentos que necesites de nuestra biblioteca de recursos.<\/p>\n\n\n\n<h3 class=\"wp-block-heading\">Formulario de contacto:<\/h3>\n\n\n<p style=\"text-align: left;\">\n<div class=\"um um-register um-244102\">\n\t<div class=\"um-form\" data-mode=\"register\">\n\t\t<form method=\"post\" action=\"\">\n\t\t\t<div class=\"um-row _um_row_1 registro\" style=\"padding: 0px 0px 0px 0px;margin: 0px 0px 30px 0px;border-width: 0px 0px 0px 0px;border-style: solid;border-radius: 0px;\"><div class=\"um-col-1\"><div  id=\"um_field_244102_user_login\" class=\"um-field um-field-text  um-field-user_login um-field-text um-field-type_text\" data-key=\"user_login\"><div class=\"um-field-label\"><label for=\"user_login-244102\">Nombre de usuario<span class=\"um-req\" title=\"Obligatorio\">*<\/span><\/label><div class=\"um-clear\"><\/div><\/div><div class=\"um-field-area\"><input  autocomplete=\"off\" class=\"um-form-field valid \" type=\"text\" name=\"user_login-244102\" id=\"user_login-244102\" value=\"\" placeholder=\"\" data-validate=\"unique_username\" data-key=\"user_login\"  aria-invalid=\"false\" \/>\n\n\t\t\t\t\t\t<\/div><\/div><div  id=\"um_field_244102_first_name\" class=\"um-field um-field-text  um-field-first_name um-field-text um-field-type_text\" data-key=\"first_name\"><div class=\"um-field-label\"><label for=\"first_name-244102\">Nombre<\/label><div class=\"um-clear\"><\/div><\/div><div class=\"um-field-area\"><input  autocomplete=\"off\" class=\"um-form-field valid \" type=\"text\" name=\"first_name-244102\" id=\"first_name-244102\" value=\"\" placeholder=\"\" data-validate=\"\" data-key=\"first_name\"  aria-invalid=\"false\" \/>\n\n\t\t\t\t\t\t<\/div><\/div><div  id=\"um_field_244102_last_name\" class=\"um-field um-field-text  um-field-last_name um-field-text um-field-type_text\" data-key=\"last_name\"><div class=\"um-field-label\"><label for=\"last_name-244102\">Apellidos<\/label><div class=\"um-clear\"><\/div><\/div><div class=\"um-field-area\"><input  autocomplete=\"off\" class=\"um-form-field valid \" type=\"text\" name=\"last_name-244102\" id=\"last_name-244102\" value=\"\" placeholder=\"\" data-validate=\"\" data-key=\"last_name\"  aria-invalid=\"false\" \/>\n\n\t\t\t\t\t\t<\/div><\/div><div  id=\"um_field_244102_user_email\" class=\"um-field um-field-text  um-field-user_email um-field-text um-field-type_text\" data-key=\"user_email\"><div class=\"um-field-label\"><label for=\"user_email-244102\">Direcci\u00f3n de correo electr\u00f3nico<\/label><div class=\"um-clear\"><\/div><\/div><div class=\"um-field-area\"><input  autocomplete=\"off\" class=\"um-form-field valid \" type=\"text\" name=\"user_email-244102\" id=\"user_email-244102\" value=\"\" placeholder=\"\" data-validate=\"unique_email\" data-key=\"user_email\"  aria-invalid=\"false\" \/>\n\n\t\t\t\t\t\t<\/div><\/div><div  id=\"um_field_244102_user_password\" class=\"um-field um-field-password  um-field-user_password um-field-password um-field-type_password\" data-key=\"user_password\"><div class=\"um-field-label\"><label for=\"user_password-244102\">Contrase\u00f1a<span class=\"um-req\" title=\"Obligatorio\">*<\/span><\/label><div class=\"um-clear\"><\/div><\/div><div class=\"um-field-area\"><div class=\"um-field-area-password\">\n\t\t\t\t\t\t\t\t\t<input class=\"um-form-field valid \" type=\"password\" name=\"user_password-244102\" id=\"user_password-244102\" value=\"\" placeholder=\"\" data-validate=\"\" data-key=\"user_password\"  aria-invalid=\"false\" \/>\n\t\t\t\t\t\t\t\t\t<span class=\"um-toggle-password\"><i class=\"um-icon-eye\"><\/i><\/span>\n\t\t\t\t\t\t\t\t<\/div>\n\t\t\t\t\t\t\t<\/div><\/div><div  class=\"um-field um-field-block  um-field-block um-field-type_block\" data-key=\"um_block_244102_8\"><p>* Al pulsar en el bot\u00f3n de \"Registro\" aceptas tu conformidad con nuestra <a href=\"https:\/\/ceramicacampo.es\/politica-de-privacidad\/\">Pol\u00edtica de Privacidad<\/a>.<\/p><\/div><\/div><\/div>\t\t<input type=\"hidden\" name=\"form_id\" id=\"form_id_244102\" value=\"244102\" \/>\n\t\n\t<p class=\"um_request_name\">\n\t\t<label for=\"um_request_244102\">Only fill in if you are not human<\/label>\n\t\t<input type=\"hidden\" name=\"um_request\" id=\"um_request_244102\" class=\"input\" value=\"\" size=\"25\" autocomplete=\"off\" \/>\n\t<\/p>\n\n\t<input type=\"hidden\" id=\"_wpnonce\" name=\"_wpnonce\" value=\"5a10295954\" \/><input type=\"hidden\" name=\"_wp_http_referer\" value=\"\/campo\/wp-json\/wp\/v2\/pages\/244108\" \/>\n\t<div class=\"um-col-alt\">\n\n\t\t\n\t\t\t<div class=\"um-left um-half\">\n\t\t\t\t<input type=\"submit\" value=\"Registro\" class=\"um-button\" id=\"um-submit-btn\" \/>\n\t\t\t<\/div>\n\t\t\t<div class=\"um-right um-half\">\n\t\t\t\t<a href=\"https:\/\/proyectos.bannisterglobal.com\/campo\/login\/\" class=\"um-button um-alt\">\n\t\t\t\t\tAcceder\t\t\t\t<\/a>\n\t\t\t<\/div>\n\n\t\t\n\t\t<div class=\"um-clear\"><\/div>\n\n\t<\/div>\n\n\t\t\t<\/form>\n\t<\/div>\n<\/div>\n<style>\n\t\t\t.um-244102.um {\n\t\t\tmax-width: 450px;\n\t\t}\n\t\t<\/style>\n<\/p>","protected":false},"excerpt":{"rendered":"<p>\u00c1REA T\u00c9CNICA \u00a1Bienvenido al \u00c1rea T\u00e9cnica de Cer\u00e1mica Campo! Aqu\u00ed encontrar\u00e1s toda la documentaci\u00f3n que necesitas para tus proyectos de construcci\u00f3n. Cat\u00e1logos, fichas t\u00e9cnicas, certificaciones [&hellip;]<\/p>\n","protected":false},"author":2,"featured_media":0,"parent":0,"menu_order":0,"comment_status":"closed","ping_status":"closed","template":"","meta":{"_uag_custom_page_level_css":"","ngg_post_thumbnail":0,"footnotes":""},"acf":[],"uagb_featured_image_src":{"full":false,"thumbnail":false,"medium":false,"medium_large":false,"large":false,"1536x1536":false,"2048x2048":false,"glossa-squared-image":false,"glossa-3x2-image":false,"glossa-halfwidth-image":false,"glossa-fullwidth-image":false},"uagb_author_info":{"display_name":"Bannister Global","author_link":"https:\/\/proyectos.bannisterglobal.com\/campo\/author\/bgadmin\/"},"uagb_comment_info":0,"uagb_excerpt":"\u00c1REA T\u00c9CNICA \u00a1Bienvenido al \u00c1rea T\u00e9cnica de Cer\u00e1mica Campo! Aqu\u00ed encontrar\u00e1s toda la documentaci\u00f3n que necesitas para tus proyectos de construcci\u00f3n. Cat\u00e1logos, fichas t\u00e9cnicas, certificaciones [&hellip;]","_links":{"self":[{"href":"https:\/\/proyectos.bannisterglobal.com\/campo\/wp-json\/wp\/v2\/pages\/244108"}],"collection":[{"href":"https:\/\/proyectos.bannisterglobal.com\/campo\/wp-json\/wp\/v2\/pages"}],"about":[{"href":"https:\/\/proyectos.bannisterglobal.com\/campo\/wp-json\/wp\/v2\/types\/page"}],"author":[{"embeddable":true,"href":"https:\/\/proyectos.bannisterglobal.com\/campo\/wp-json\/wp\/v2\/users\/2"}],"replies":[{"embeddable":true,"href":"https:\/\/proyectos.bannisterglobal.com\/campo\/wp-json\/wp\/v2\/comments?post=244108"}],"version-history":[{"count":5,"href":"https:\/\/proyectos.bannisterglobal.com\/campo\/wp-json\/wp\/v2\/pages\/244108\/revisions"}],"predecessor-version":[{"id":244193,"href":"https:\/\/proyectos.bannisterglobal.com\/campo\/wp-json\/wp\/v2\/pages\/244108\/revisions\/244193"}],"wp:attachment":[{"href":"https:\/\/proyectos.bannisterglobal.com\/campo\/wp-json\/wp\/v2\/media?parent=244108"}],"curies":[{"name":"wp","href":"https:\/\/api.w.org\/{rel}","templated":true}]}}