{"id":269,"date":"2020-11-06T07:24:17","date_gmt":"2020-11-06T07:24:17","guid":{"rendered":"https:\/\/ceramicacampo.es\/?page_id=269"},"modified":"2021-04-15T12:25:10","modified_gmt":"2021-04-15T12:25:10","slug":"proceso-productivo-tejas-ladrillos","status":"publish","type":"page","link":"https:\/\/proyectos.bannisterglobal.com\/campo\/proceso-productivo-tejas-ladrillos\/","title":{"rendered":"Proceso productivo"},"content":{"rendered":"\n<div class=\"wp-block-cover alignfull has-background-dim\"><img loading=\"lazy\" decoding=\"async\" width=\"1912\" height=\"942\" class=\"wp-block-cover__image-background wp-image-1262\" alt=\"\" src=\"https:\/\/ceramicacampo.es\/wp-content\/uploads\/ceramica-campo-proceso-productivo-1.jpg\" data-object-fit=\"cover\" srcset=\"https:\/\/proyectos.bannisterglobal.com\/campo\/wp-content\/uploads\/ceramica-campo-proceso-productivo-1.jpg 1912w, https:\/\/proyectos.bannisterglobal.com\/campo\/wp-content\/uploads\/ceramica-campo-proceso-productivo-1-300x148.jpg 300w, https:\/\/proyectos.bannisterglobal.com\/campo\/wp-content\/uploads\/ceramica-campo-proceso-productivo-1-1024x505.jpg 1024w, https:\/\/proyectos.bannisterglobal.com\/campo\/wp-content\/uploads\/ceramica-campo-proceso-productivo-1-768x378.jpg 768w, https:\/\/proyectos.bannisterglobal.com\/campo\/wp-content\/uploads\/ceramica-campo-proceso-productivo-1-1536x757.jpg 1536w, https:\/\/proyectos.bannisterglobal.com\/campo\/wp-content\/uploads\/ceramica-campo-proceso-productivo-1-760x374.jpg 760w, https:\/\/proyectos.bannisterglobal.com\/campo\/wp-content\/uploads\/ceramica-campo-proceso-productivo-1-1250x616.jpg 1250w, https:\/\/proyectos.bannisterglobal.com\/campo\/wp-content\/uploads\/ceramica-campo-proceso-productivo-1-960x473.jpg 960w\" sizes=\"(max-width: 1912px) 100vw, 1912px\" \/><div class=\"wp-block-cover__inner-container is-layout-flow wp-block-cover-is-layout-flow\">\n<h1 class=\"has-white-color has-text-color wp-block-heading\">El proceso de fabricaci\u00f3n de tejas y ladrillos<\/h1>\n<\/div><\/div>\n\n\n\n<div class=\"wp-block-group\"><div class=\"wp-block-group__inner-container is-layout-flow wp-block-group-is-layout-flow\">\n<div class=\"wp-block-group\"><div class=\"wp-block-group__inner-container is-layout-flow wp-block-group-is-layout-flow\">\n<div class=\"wp-block-columns is-layout-flex wp-container-core-columns-is-layout-1 wp-block-columns-is-layout-flex\">\n<div class=\"wp-block-column is-layout-flow wp-block-column-is-layout-flow\">\n<p>Cer\u00e1mica Campo produce materiales cer\u00e1micos a base de arcilla cocida desde los a\u00f1os 1950. Desde entonces y hasta ahora, el compromiso con la calidad de los procesos productivos y con los productos entregados a los clientes es el primer objetivo de todos sus profesionales.<\/p>\n\n\n\n<p>En nuestro af\u00e1n por <strong>obtener las mejores arcillas<\/strong> se han realizado investigaciones mineras en amplias zonas de Galicia durante d\u00e9cadas. <\/p>\n\n\n\n<p>Las mejoras tecnol\u00f3gicas y robotizaci\u00f3n en las mezclas, el moldeado de las piezas y la cocci\u00f3n son una constante para los t\u00e9cnicos de Cer\u00e1mica Campo.<\/p>\n\n\n\n<div class=\"wp-block-group\"><div class=\"wp-block-group__inner-container is-layout-flow wp-block-group-is-layout-flow\">\n<p><\/p>\n<\/div><\/div>\n<\/div>\n\n\n\n<div class=\"wp-block-column is-layout-flow wp-block-column-is-layout-flow\">\n<div class=\"wp-block-group\"><div class=\"wp-block-group__inner-container is-layout-flow wp-block-group-is-layout-flow\">\n<figure class=\"wp-block-image size-large\"><img loading=\"lazy\" decoding=\"async\" width=\"600\" height=\"400\" src=\"https:\/\/ceramicacampo.es\/wp-content\/uploads\/ceramica-campo-proceso-productivo-robot.jpg\" alt=\"Ceramica campo proceso productivo robot\" class=\"wp-image-1272\" srcset=\"https:\/\/proyectos.bannisterglobal.com\/campo\/wp-content\/uploads\/ceramica-campo-proceso-productivo-robot.jpg 600w, https:\/\/proyectos.bannisterglobal.com\/campo\/wp-content\/uploads\/ceramica-campo-proceso-productivo-robot-300x200.jpg 300w\" sizes=\"(max-width: 600px) 100vw, 600px\" \/><figcaption>Manipulado de cer\u00e1mica con robots.<\/figcaption><\/figure>\n<\/div><\/div>\n\n\n\n<p><\/p>\n<\/div>\n<\/div>\n<\/div><\/div>\n<\/div><\/div>\n\n\n\n<div class=\"wp-block-group\"><div class=\"wp-block-group__inner-container is-layout-flow wp-block-group-is-layout-flow\">\n<h2 class=\"has-primary-color has-text-color wp-block-heading\">1. Miner\u00eda sostenible de la arcilla<\/h2>\n\n\n\n<div class=\"wp-block-columns is-layout-flex wp-container-core-columns-is-layout-2 wp-block-columns-is-layout-flex\">\n<div class=\"wp-block-column is-layout-flow wp-block-column-is-layout-flow\">\n<p>La <strong>extracci\u00f3n de arcillas se realiza en canteras<\/strong> a cielo abierto durante unos pocos meses al a\u00f1o, muy cerca de nuestras cuatro plantas.<\/p>\n\n\n\n<p>Cer\u00e1mica Campo tiene un compromiso firme con la miner\u00eda sostenible, que <strong>realiza una explotaci\u00f3n ordenada y eficiente de los recursos del subsuelo<\/strong>. Las operaciones mineras se realizan bajo estrictos controles de seguridad y respeto medioambiental.<\/p>\n\n\n\n<p>Las canteras o pozos se restauran una vez agotados con iniciativas que favorecen la biodiversidad (lagunas y humedales) y que favorecen a la sociedad (reservorios de agua dulce, plantas fotovoltaicas\u2026).<\/p>\n<\/div>\n\n\n\n<div class=\"wp-block-column is-layout-flow wp-block-column-is-layout-flow\">\n<div class=\"wp-block-image\"><figure class=\"aligncenter size-large\"><img loading=\"lazy\" decoding=\"async\" width=\"600\" height=\"400\" src=\"https:\/\/ceramicacampo.es\/wp-content\/uploads\/ceramica-campo-proceso-productivo-mineria.jpg\" alt=\"Ceramica campo proceso productivo mineria\" class=\"wp-image-1264\" srcset=\"https:\/\/proyectos.bannisterglobal.com\/campo\/wp-content\/uploads\/ceramica-campo-proceso-productivo-mineria.jpg 600w, https:\/\/proyectos.bannisterglobal.com\/campo\/wp-content\/uploads\/ceramica-campo-proceso-productivo-mineria-300x200.jpg 300w\" sizes=\"(max-width: 600px) 100vw, 600px\" \/><figcaption>Cantera de arcilla de Cer\u00e1mica Campo.<\/figcaption><\/figure><\/div>\n\n\n\n<p><\/p>\n<\/div>\n<\/div>\n<\/div><\/div>\n\n\n\n<div class=\"wp-block-group\"><div class=\"wp-block-group__inner-container is-layout-flow wp-block-group-is-layout-flow\">\n<h2 class=\"has-primary-color has-text-color wp-block-heading\">2. Almacenamiento y tratamiento<\/h2>\n\n\n\n<div class=\"wp-block-columns is-layout-flex wp-container-core-columns-is-layout-3 wp-block-columns-is-layout-flex\">\n<div class=\"wp-block-column is-layout-flow wp-block-column-is-layout-flow\">\n<p>La arcilla extra\u00edda en las distintas canteras se almacena durante un tiempo en acopios (grandes montones) bajo cubierta. <strong>El objetivo es homogeneizar la materia prima extra\u00edda de las canteras<\/strong>, para iniciar su proceso de envejecimiento y maduraci\u00f3n.<\/p>\n\n\n\n<p>Las tejas, los ladrillos y las piezas de termoarcilla tienen sutiles diferencias tanto en su composici\u00f3n, como en su mezcla, como en su proceso de cocci\u00f3n.<\/p>\n\n\n\n<p>Para elaborar piezas de alta resistencia como las tejas, Cer\u00e1mica Campo emplea <strong>una molienda (molturaci\u00f3n) por v\u00eda seca<\/strong>, en la que la arcilla se tritura en molinos de rulo que logran descomponer las tierras en part\u00edculas muy peque\u00f1as.<\/p>\n\n\n\n<p>Para los ladrillos y las Termoarcillas, que precisan part\u00edculas de mayor grosor para elaborar piezas de menor densidad, se emplea <strong>una molienda por v\u00eda h\u00fameda<\/strong>, en la que las arcillas son trituradas en una mezcla con agua en un molino de bolas.<\/p>\n\n\n\n<p>Los ingenieros de Cer\u00e1mica Campo combinan arcillas de sus diferentes explotaciones, de otras canteras y chamotas (arcilla ya cocida) para conseguir distintos productos en cada momento. Cada arcilla es elegida por su cantidad de minerales (hierro, aluminio, carbonato c\u00e1lcico\u2026) y de humedad.<\/p>\n\n\n\n<p><\/p>\n<\/div>\n\n\n\n<div class=\"wp-block-column is-layout-flow wp-block-column-is-layout-flow\">\n<p>As\u00ed, la mezcla (formulaci\u00f3n) que se destina a tejas es distinta de la que se emplea para la Termoarcilla, los ladrillos o para las piezas refractarias. Para ello se emplean <strong>silos dosificadores independientes<\/strong> para los distintos materiales.<\/p>\n\n\n\n<figure class=\"wp-block-image size-large\"><img loading=\"lazy\" decoding=\"async\" width=\"600\" height=\"400\" src=\"https:\/\/ceramicacampo.es\/wp-content\/uploads\/ceramica-campo-proceso-productivo-almacenado.jpg\" alt=\"Ceramica campo proceso productivo almacenado\" class=\"wp-image-1265\" srcset=\"https:\/\/proyectos.bannisterglobal.com\/campo\/wp-content\/uploads\/ceramica-campo-proceso-productivo-almacenado.jpg 600w, https:\/\/proyectos.bannisterglobal.com\/campo\/wp-content\/uploads\/ceramica-campo-proceso-productivo-almacenado-300x200.jpg 300w\" sizes=\"(max-width: 600px) 100vw, 600px\" \/><figcaption>Acopios de arcilla antes de su procesado.<\/figcaption><\/figure>\n\n\n\n<p><\/p>\n<\/div>\n<\/div>\n<\/div><\/div>\n\n\n\n<div class=\"wp-block-group\"><div class=\"wp-block-group__inner-container is-layout-flow wp-block-group-is-layout-flow\">\n<h2 class=\"has-primary-color has-text-color wp-block-heading\">3. Amasado y extrusi\u00f3n de la arcilla para fabricar cer\u00e1mica<\/h2>\n\n\n\n<div class=\"wp-block-columns is-layout-flex wp-container-core-columns-is-layout-4 wp-block-columns-is-layout-flex\">\n<div class=\"wp-block-column is-layout-flow wp-block-column-is-layout-flow\">\n<p>Una vez elegida la formulaci\u00f3n, <strong>la mezcla de materias primas se introduce en la amasadora<\/strong>, donde se a\u00f1adir\u00e1 agua, para obtener una masa pl\u00e1stica uniforme.<\/p>\n\n\n\n<p>Esta masa de arcilla se hace pasar por una extrusora (galletera). Mediante una<strong> bomba de vac\u00edo, <\/strong>se extrae el aire que pudiera contener la masa y es presionada contra un molde, <strong>obteniendo una barra continua con la forma del producto<\/strong>.<\/p>\n\n\n\n<p>La barra continua de producto se corta con m\u00e1quinas de precisi\u00f3n que fijar\u00e1n las dimensiones finales del producto.<strong> El material cer\u00e1mico se apila mediante robots en estanter\u00edas<\/strong>, que a su vez se ponen encima de vagonetas.<\/p>\n<\/div>\n\n\n\n<div class=\"wp-block-column is-layout-flow wp-block-column-is-layout-flow\">\n<div class=\"wp-block-image\"><figure class=\"aligncenter size-large\"><img loading=\"lazy\" decoding=\"async\" width=\"600\" height=\"400\" src=\"https:\/\/ceramicacampo.es\/wp-content\/uploads\/ceramica-campo-proceso-productivo-extrusionado.jpg\" alt=\"Ceramica campo proceso productivo extrusionado\" class=\"wp-image-1267\" srcset=\"https:\/\/proyectos.bannisterglobal.com\/campo\/wp-content\/uploads\/ceramica-campo-proceso-productivo-extrusionado.jpg 600w, https:\/\/proyectos.bannisterglobal.com\/campo\/wp-content\/uploads\/ceramica-campo-proceso-productivo-extrusionado-300x200.jpg 300w\" sizes=\"(max-width: 600px) 100vw, 600px\" \/><figcaption>Ladrillos formados antes de su cocci\u00f3n.<\/figcaption><\/figure><\/div>\n\n\n\n<p><\/p>\n<\/div>\n<\/div>\n<\/div><\/div>\n\n\n\n<div class=\"wp-block-group\"><div class=\"wp-block-group__inner-container is-layout-flow wp-block-group-is-layout-flow\">\n<h2 class=\"has-primary-color has-text-color wp-block-heading\">4. Secado y cocci\u00f3n de cer\u00e1mica en horno t\u00fanel<\/h2>\n\n\n\n<div class=\"wp-block-columns is-layout-flex wp-container-core-columns-is-layout-5 wp-block-columns-is-layout-flex\">\n<div class=\"wp-block-column is-layout-flow wp-block-column-is-layout-flow\">\n<p>Una vez apilado en las vagonetas, los productos tienen ya su forma final, aunque est\u00e1n blandos, ya que s\u00f3lo obtienen su dureza cuando est\u00e1n cocidos. Para lograrlo las vagonetas con los productos cer\u00e1micos<strong> pasan por un secadero para extraer casi toda la humedad de la pieza<\/strong> y despu\u00e9s, a un horno t\u00fanel.<\/p>\n\n\n\n<p>Cer\u00e1mica Campo cuenta con un secadero y un horno en cada una de sus tres plantas destinadas a la fabricaci\u00f3n de piezas cer\u00e1micas. En cada una de ellas <strong>los ingenieros responsables ajustan la temperatura y el tiempo que deben estar las piezas<\/strong>, primero en el secadero, y finalmente en el horno.<\/p>\n\n\n\n<p>Una vez cocidas y enfriadas, las piezas est\u00e1n listas para un <strong>exigente control de calidad<\/strong>. Adem\u00e1s, en caso de ser necesario, se realiza un rectificado de piezas para la obtenci\u00f3n de la m\u00e1xima precisi\u00f3n en sus dimensiones.&nbsp;<\/p>\n<\/div>\n\n\n\n<div class=\"wp-block-column is-layout-flow wp-block-column-is-layout-flow\">\n<div class=\"wp-block-image\"><figure class=\"aligncenter size-large\"><img loading=\"lazy\" decoding=\"async\" width=\"600\" height=\"400\" src=\"https:\/\/ceramicacampo.es\/wp-content\/uploads\/ceramica-campo-proceso-productivo-secado.jpg\" alt=\"Ceramica campo proceso productivo secado\" class=\"wp-image-1268\" srcset=\"https:\/\/proyectos.bannisterglobal.com\/campo\/wp-content\/uploads\/ceramica-campo-proceso-productivo-secado.jpg 600w, https:\/\/proyectos.bannisterglobal.com\/campo\/wp-content\/uploads\/ceramica-campo-proceso-productivo-secado-300x200.jpg 300w\" sizes=\"(max-width: 600px) 100vw, 600px\" \/><figcaption>Tejas de Cer\u00e1mica Campo ya cocidas.<\/figcaption><\/figure><\/div>\n<\/div>\n<\/div>\n<\/div><\/div>\n\n\n\n<div class=\"wp-block-group\"><div class=\"wp-block-group__inner-container is-layout-flow wp-block-group-is-layout-flow\">\n<h2 class=\"has-primary-color has-text-color wp-block-heading\">5. Empaquetado y cadena log\u00edstica<\/h2>\n\n\n\n<div class=\"wp-block-columns is-layout-flex wp-container-core-columns-is-layout-6 wp-block-columns-is-layout-flex\">\n<div class=\"wp-block-column is-layout-flow wp-block-column-is-layout-flow\">\n<div class=\"wp-block-group\"><div class=\"wp-block-group__inner-container is-layout-flow wp-block-group-is-layout-flow\">\n<p>Terminado el proceso de cocci\u00f3n, se produce el <strong>desapilado de los materiales cer\u00e1micos procedentes de las vagonetas<\/strong>, y su dep\u00f3sito sobre la l\u00ednea de empaquetado. <\/p>\n\n\n\n<p>Despu\u00e9s, los palets de materiales entran en la <strong>cadena log\u00edstica <\/strong>que los almacenar\u00e1 y distribuir\u00e1 a los distintos clientes de Cer\u00e1mica Campo en todo el mundo.<\/p>\n<\/div><\/div>\n<\/div>\n\n\n\n<div class=\"wp-block-column is-layout-flow wp-block-column-is-layout-flow\">\n<div class=\"wp-block-group\"><div class=\"wp-block-group__inner-container is-layout-flow wp-block-group-is-layout-flow\">\n<div class=\"wp-block-image\"><figure class=\"aligncenter size-large\"><img loading=\"lazy\" decoding=\"async\" width=\"600\" height=\"400\" src=\"https:\/\/ceramicacampo.es\/wp-content\/uploads\/ceramica-campo-proceso-productivo-logistica.jpg\" alt=\"Ceramica campo proceso productivo logistica\" class=\"wp-image-1269\" srcset=\"https:\/\/proyectos.bannisterglobal.com\/campo\/wp-content\/uploads\/ceramica-campo-proceso-productivo-logistica.jpg 600w, https:\/\/proyectos.bannisterglobal.com\/campo\/wp-content\/uploads\/ceramica-campo-proceso-productivo-logistica-300x200.jpg 300w\" sizes=\"(max-width: 600px) 100vw, 600px\" \/><figcaption>Termoarcilla de Campo, lista para su expedici\u00f3n.<\/figcaption><\/figure><\/div>\n<\/div><\/div>\n<\/div>\n<\/div>\n<\/div><\/div>\n","protected":false},"excerpt":{"rendered":"<p>Cer\u00e1mica Campo produce materiales cer\u00e1micos a base de arcilla cocida desde los a\u00f1os 1950. Desde entonces y hasta ahora, el compromiso con la calidad de [&hellip;]<\/p>\n","protected":false},"author":1,"featured_media":0,"parent":0,"menu_order":0,"comment_status":"closed","ping_status":"closed","template":"","meta":{"_uag_custom_page_level_css":"","ngg_post_thumbnail":0,"footnotes":""},"acf":[],"uagb_featured_image_src":{"full":false,"thumbnail":false,"medium":false,"medium_large":false,"large":false,"1536x1536":false,"2048x2048":false,"glossa-squared-image":false,"glossa-3x2-image":false,"glossa-halfwidth-image":false,"glossa-fullwidth-image":false},"uagb_author_info":{"display_name":"bannisterglobal","author_link":"https:\/\/proyectos.bannisterglobal.com\/campo\/author\/bannisterglobal\/"},"uagb_comment_info":0,"uagb_excerpt":"Cer\u00e1mica Campo produce materiales cer\u00e1micos a base de arcilla cocida desde los a\u00f1os 1950. Desde entonces y hasta ahora, el compromiso con la calidad de [&hellip;]","_links":{"self":[{"href":"https:\/\/proyectos.bannisterglobal.com\/campo\/wp-json\/wp\/v2\/pages\/269"}],"collection":[{"href":"https:\/\/proyectos.bannisterglobal.com\/campo\/wp-json\/wp\/v2\/pages"}],"about":[{"href":"https:\/\/proyectos.bannisterglobal.com\/campo\/wp-json\/wp\/v2\/types\/page"}],"author":[{"embeddable":true,"href":"https:\/\/proyectos.bannisterglobal.com\/campo\/wp-json\/wp\/v2\/users\/1"}],"replies":[{"embeddable":true,"href":"https:\/\/proyectos.bannisterglobal.com\/campo\/wp-json\/wp\/v2\/comments?post=269"}],"version-history":[{"count":4,"href":"https:\/\/proyectos.bannisterglobal.com\/campo\/wp-json\/wp\/v2\/pages\/269\/revisions"}],"predecessor-version":[{"id":236940,"href":"https:\/\/proyectos.bannisterglobal.com\/campo\/wp-json\/wp\/v2\/pages\/269\/revisions\/236940"}],"wp:attachment":[{"href":"https:\/\/proyectos.bannisterglobal.com\/campo\/wp-json\/wp\/v2\/media?parent=269"}],"curies":[{"name":"wp","href":"https:\/\/api.w.org\/{rel}","templated":true}]}}