{"id":283,"date":"2020-11-06T07:27:23","date_gmt":"2020-11-06T07:27:23","guid":{"rendered":"https:\/\/ceramicacampo.es\/?page_id=283"},"modified":"2021-04-15T12:28:44","modified_gmt":"2021-04-15T12:28:44","slug":"ladrillo-de-gran-formato","status":"publish","type":"page","link":"https:\/\/proyectos.bannisterglobal.com\/campo\/ladrillo-de-gran-formato\/","title":{"rendered":"Tabiques de ladrillo hueco de gran formato (LHGF)"},"content":{"rendered":"\n<div class=\"wp-block-group\"><div class=\"wp-block-group__inner-container is-layout-flow wp-block-group-is-layout-flow\">\n<div class=\"wp-block-group\"><div class=\"wp-block-group__inner-container is-layout-flow wp-block-group-is-layout-flow\">\n<div class=\"wp-block-columns is-layout-flex wp-container-core-columns-is-layout-1 wp-block-columns-is-layout-flex\">\n<div class=\"wp-block-column is-layout-flow wp-block-column-is-layout-flow\">\n<p>Los <strong>ladrillos de gran formato<\/strong> se emplean habitualmente en las tabiquer\u00edas interiores de viviendas por ser una <strong>soluci\u00f3n econ\u00f3mica, r\u00e1pida de instalar y con una puesta en obra muy sencilla<\/strong>, ya que no precisa medios auxiliares ni transporte o almacenamiento especial.<\/p>\n\n\n\n<p>Los sistemas de tabiquer\u00eda cer\u00e1mica de gran formato est\u00e1n<strong> dise\u00f1ados para realizar de forma r\u00e1pida tabiques y cerramientos<\/strong>, sin perder la robustez, el aislamiento t\u00e9rmico y ac\u00fastico que ofrece el ladrillo cer\u00e1mico de peque\u00f1o formato.<\/p>\n\n\n\n<p><strong>Los tabiques de ladrillo hueco de gran formato (LHGF) son m\u00e1s resistentes a los impactos y a las cargas<\/strong>, tienen mejor comportamiento ante la humedad que los tabiques de cart\u00f3n yeso con estructura autoportante de perfiler\u00eda met\u00e1lica.<\/p>\n\n\n\n<p>La elecci\u00f3n de <strong>ladrillos de gran formato para tabiquer\u00eda interior<\/strong> reduce el n\u00famero de rozas para canalizaci\u00f3n, permite un montaje de la pared en seco y el alicatado directo.<\/p>\n<\/div>\n\n\n\n<div class=\"wp-block-column is-layout-flow wp-block-column-is-layout-flow\">\n<figure class=\"wp-block-image size-large\"><img loading=\"lazy\" decoding=\"async\" width=\"1024\" height=\"1024\" src=\"https:\/\/ceramicacampo.es\/wp-content\/uploads\/gran-formato-ceramica-campo-104-1-1024x1024.jpg\" alt=\"Gran formato ceramica campo 104 1\" class=\"wp-image-902\" srcset=\"https:\/\/proyectos.bannisterglobal.com\/campo\/wp-content\/uploads\/gran-formato-ceramica-campo-104-1-1024x1024.jpg 1024w, https:\/\/proyectos.bannisterglobal.com\/campo\/wp-content\/uploads\/gran-formato-ceramica-campo-104-1-300x300.jpg 300w, https:\/\/proyectos.bannisterglobal.com\/campo\/wp-content\/uploads\/gran-formato-ceramica-campo-104-1-150x150.jpg 150w, https:\/\/proyectos.bannisterglobal.com\/campo\/wp-content\/uploads\/gran-formato-ceramica-campo-104-1-768x768.jpg 768w, https:\/\/proyectos.bannisterglobal.com\/campo\/wp-content\/uploads\/gran-formato-ceramica-campo-104-1-1536x1536.jpg 1536w, https:\/\/proyectos.bannisterglobal.com\/campo\/wp-content\/uploads\/gran-formato-ceramica-campo-104-1-760x760.jpg 760w, https:\/\/proyectos.bannisterglobal.com\/campo\/wp-content\/uploads\/gran-formato-ceramica-campo-104-1-1250x1250.jpg 1250w, https:\/\/proyectos.bannisterglobal.com\/campo\/wp-content\/uploads\/gran-formato-ceramica-campo-104-1-1920x1920.jpg 1920w, https:\/\/proyectos.bannisterglobal.com\/campo\/wp-content\/uploads\/gran-formato-ceramica-campo-104-1-960x960.jpg 960w, https:\/\/proyectos.bannisterglobal.com\/campo\/wp-content\/uploads\/gran-formato-ceramica-campo-104-1.jpg 2000w\" sizes=\"(max-width: 1024px) 100vw, 1024px\" \/><\/figure>\n<\/div>\n<\/div>\n<\/div><\/div>\n<\/div><\/div>\n\n\n\n<div class=\"wp-block-group cta-fullWidth has-white-color has-primary-background-color has-text-color has-background\"><div class=\"wp-block-group__inner-container is-layout-flow wp-block-group-is-layout-flow\">\n<div class=\"wp-block-group\"><div class=\"wp-block-group__inner-container is-layout-flow wp-block-group-is-layout-flow\">\n<div class=\"wp-block-columns are-vertically-aligned-center is-layout-flex wp-container-core-columns-is-layout-2 wp-block-columns-is-layout-flex\">\n<div class=\"wp-block-column is-vertically-aligned-center is-layout-flow wp-block-column-is-layout-flow\" style=\"flex-basis:75%\">\n<h3 class=\"textTransform-uppercase fontWeight-normal wp-block-heading\">\u00bfQuieres emplear ladrillos de gran formato en tu obra?<\/h3>\n\n\n\n<p>Conoce los productos de gran formato de Cer\u00e1mica Campo para tabiques interiores<\/p>\n\n\n\n<div class=\"wp-block-buttons is-content-justification-center is-layout-flex wp-block-buttons-is-layout-flex\">\n<div class=\"wp-block-button is-style-outline\"><a class=\"wp-block-button__link has-white-color has-text-color\" href=\"https:\/\/ceramicacampo.es\/categorias\/gran-formato\/\" target=\"_blank\" rel=\"noreferrer noopener\">Saber m\u00e1s<\/a><\/div>\n<\/div>\n<\/div>\n\n\n\n<div class=\"wp-block-column is-vertically-aligned-center is-layout-flow wp-block-column-is-layout-flow\" style=\"flex-basis:25%\">\n<figure class=\"wp-block-image size-large is-resized\"><img loading=\"lazy\" decoding=\"async\" src=\"https:\/\/ceramicacampo.es\/wp-content\/uploads\/ladrillo-gran-formato-lineas-blancas-1.svg\" alt=\"\" class=\"wp-image-1130\" width=\"344\" height=\"185\"\/><\/figure>\n<\/div>\n<\/div>\n<\/div><\/div>\n<\/div><\/div>\n\n\n\n<div class=\"wp-block-group\"><div class=\"wp-block-group__inner-container is-layout-flow wp-block-group-is-layout-flow\">\n<h2 class=\"has-primary-color has-text-color wp-block-heading\">Ladrillo m\u00e1s yeso laminado: Muralit<\/h2>\n\n\n\n<div class=\"wp-block-columns is-layout-flex wp-container-core-columns-is-layout-3 wp-block-columns-is-layout-flex\">\n<div class=\"wp-block-column is-layout-flow wp-block-column-is-layout-flow\">\n<p><strong>Cer\u00e1mica Camp<\/strong>o, junto a otros fabricantes de ladrillos de Espa\u00f1a, <strong>ha creado Muralit<\/strong>, un<strong> sistema constructivo que a\u00fana las ventajas del ladrillo <\/strong>cer\u00e1mico de gran formato<strong> con <\/strong>las de <strong>la placa de yeso laminado.<\/strong><\/p>\n\n\n\n<p>Unificando los ladrillos de gran formato con la placa de yeso laminado <strong>se consigue una tabiquer\u00eda s\u00f3lida<\/strong> <strong>con un acabado perfecto<\/strong>. De la uni\u00f3n de estos dos materiales resulta un sistema constructivo de altas prestaciones, ya que el material cer\u00e1mico aporta solidez, alta resistencia ac\u00fastica y resistencia al fuego, mientras que la placa de yeso ofrece un acabado perfecto.<\/p>\n\n\n\n<p>Este sistema tiene un acabado perfecto ya que <strong>elimina el enlucido de yeso<\/strong>, sustituy\u00e9ndolo por el pegado de una placa de cat\u00f3n yeso, que puede ser pintada directamente.<\/p>\n<\/div>\n\n\n\n<div class=\"wp-block-column is-vertically-aligned-center is-layout-flow wp-block-column-is-layout-flow\">\n<figure class=\"wp-block-video\"><video controls poster=\"https:\/\/ceramicacampo.es\/wp-content\/uploads\/capturas-video-campo-2_mesa-de-trabajo-1.jpg\" src=\"https:\/\/ceramicacampo.es\/wp-content\/uploads\/muralit-ceramica-campo.mp4\"><\/video><\/figure>\n\n\n\n<figure class=\"wp-block-image size-large is-resized\"><img loading=\"lazy\" decoding=\"async\" src=\"https:\/\/ceramicacampo.es\/wp-content\/uploads\/muralit-ceramica-campo.png\" alt=\"Muralit ceramica campo\" class=\"wp-image-1515\" width=\"210\" height=\"46\"\/><\/figure>\n<\/div>\n<\/div>\n<\/div><\/div>\n\n\n\n<div class=\"wp-block-group\"><div class=\"wp-block-group__inner-container is-layout-flow wp-block-group-is-layout-flow\">\n<h2 class=\"has-primary-color has-text-color wp-block-heading\">Ventajas de la tabiquer\u00eda cer\u00e1mica de gran formato Muralit<\/h2>\n\n\n\n<div class=\"wp-block-columns is-layout-flex wp-container-core-columns-is-layout-4 wp-block-columns-is-layout-flex\">\n<div class=\"wp-block-column is-layout-flow wp-block-column-is-layout-flow\">\n<div class=\"wp-block-group iconBox\"><div class=\"wp-block-group__inner-container is-layout-flow wp-block-group-is-layout-flow\">\n<div class=\"wp-block-image\"><figure class=\"aligncenter size-large is-resized\"><img loading=\"lazy\" decoding=\"async\" src=\"https:\/\/ceramicacampo.es\/wp-content\/uploads\/robustez-1.svg\" alt=\"\" class=\"wp-image-587\" width=\"113\" height=\"113\"\/><\/figure><\/div>\n\n\n\n<p class=\"has-text-align-center has-medium-font-size\"><strong>Robustez<\/strong><\/p>\n\n\n\n<p class=\"has-text-align-center\">Muralit est\u00e1 formada por paredes de ladrillo hueco de gran formato, capaces de soportar cargas suspendidas sin fijaciones especiales o refuerzos.<\/p>\n<\/div><\/div>\n<\/div>\n\n\n\n<div class=\"wp-block-column is-layout-flow wp-block-column-is-layout-flow\">\n<div class=\"wp-block-group iconBox\"><div class=\"wp-block-group__inner-container is-layout-flow wp-block-group-is-layout-flow\">\n<div class=\"wp-block-image\"><figure class=\"aligncenter size-large is-resized\"><img loading=\"lazy\" decoding=\"async\" src=\"https:\/\/ceramicacampo.es\/wp-content\/uploads\/aislamiento-termico-1.svg\" alt=\"\" class=\"wp-image-590\" width=\"113\" height=\"113\"\/><\/figure><\/div>\n\n\n\n<p class=\"has-text-align-center has-medium-font-size\"><strong>Aislamiento t\u00e9rmico<\/strong><\/p>\n\n\n\n<p class=\"has-text-align-center\">Gracias a su inercia t\u00e9rmica, ofrece mayores prestaciones frente a paredes ligeras, reduciendo la oscilaci\u00f3n t\u00e9rmica de las habitaciones.<\/p>\n<\/div><\/div>\n<\/div>\n\n\n\n<div class=\"wp-block-column is-layout-flow wp-block-column-is-layout-flow\">\n<div class=\"wp-block-group iconBox\"><div class=\"wp-block-group__inner-container is-layout-flow wp-block-group-is-layout-flow\">\n<div class=\"wp-block-image\"><figure class=\"aligncenter size-large is-resized\"><img loading=\"lazy\" decoding=\"async\" src=\"https:\/\/ceramicacampo.es\/wp-content\/uploads\/aislamiento-acustico-5.svg\" alt=\"\" class=\"wp-image-1390\" width=\"110\" height=\"110\"\/><\/figure><\/div>\n\n\n\n<p class=\"has-text-align-center has-medium-font-size\"><strong>Aislamiento ac\u00fastico<\/strong><\/p>\n\n\n\n<p class=\"has-text-align-center\">La solidez de las paredes de ladrillo hueco de gran formato proporcionan una adecuada protecci\u00f3n frente al ruido, garantizando el confort.<\/p>\n<\/div><\/div>\n<\/div>\n<\/div>\n\n\n\n<div class=\"wp-block-columns is-layout-flex wp-container-core-columns-is-layout-5 wp-block-columns-is-layout-flex\">\n<div class=\"wp-block-column is-layout-flow wp-block-column-is-layout-flow\">\n<div class=\"wp-block-image\"><figure class=\"aligncenter size-large is-resized\"><img loading=\"lazy\" decoding=\"async\" src=\"https:\/\/ceramicacampo.es\/wp-content\/uploads\/acabado-invertido.svg\" alt=\"\" class=\"wp-image-1305\" width=\"113\" height=\"113\"\/><\/figure><\/div>\n\n\n\n<p class=\"has-text-align-center has-medium-font-size\"><strong>Acabado perfecto<\/strong><\/p>\n\n\n\n<p class=\"has-text-align-center\">La terminaci\u00f3n de placa de yeso ofrece un coeficiente de planeidad m\u00e1ximo y una soluci\u00f3n muy sencilla y econ\u00f3mica a la hora de pintar las paredes<\/p>\n<\/div>\n\n\n\n<div class=\"wp-block-column is-layout-flow wp-block-column-is-layout-flow\">\n<div class=\"wp-block-image\"><figure class=\"aligncenter size-large is-resized\"><img loading=\"lazy\" decoding=\"async\" src=\"https:\/\/ceramicacampo.es\/wp-content\/uploads\/resistencia-al-fuego-1.svg\" alt=\"\" class=\"wp-image-585\" width=\"113\" height=\"113\"\/><\/figure><\/div>\n\n\n\n<p class=\"has-text-align-center has-medium-font-size\"><strong>Resistencia al fuego<\/strong><\/p>\n\n\n\n<p class=\"has-text-align-center\">La cer\u00e1mica (ladrillos y tejas) no es inflamable, no produce gases ni humos en contacto con el fuego, proporcionando m\u00e1xima seguridad ante incendios.<\/p>\n<\/div>\n\n\n\n<div class=\"wp-block-column is-layout-flow wp-block-column-is-layout-flow\">\n<div class=\"wp-block-image\"><figure class=\"aligncenter size-large is-resized\"><img loading=\"lazy\" decoding=\"async\" src=\"https:\/\/ceramicacampo.es\/wp-content\/uploads\/estanqueidad-2.svg\" alt=\"\" class=\"wp-image-582\" width=\"113\" height=\"113\"\/><\/figure><\/div>\n\n\n\n<p class=\"has-text-align-center has-medium-font-size\"><strong>Resistencia a la humedad<\/strong><\/p>\n\n\n\n<p class=\"has-text-align-center\">La composici\u00f3n de la soluci\u00f3n MURALIT ofrece un excelente comportamiento frente a la humedad y es que la presencia de agua no altera sus propiedades.<\/p>\n<\/div>\n<\/div>\n<\/div><\/div>\n\n\n\n<div class=\"wp-block-group cta-fullWidth has-white-color has-primary-background-color has-text-color has-background\"><div class=\"wp-block-group__inner-container is-layout-flow wp-block-group-is-layout-flow\">\n<div class=\"wp-block-group\"><div class=\"wp-block-group__inner-container is-layout-flow wp-block-group-is-layout-flow\">\n<div class=\"wp-block-columns are-vertically-aligned-bottom is-layout-flex wp-container-core-columns-is-layout-6 wp-block-columns-is-layout-flex\">\n<div class=\"wp-block-column is-vertically-aligned-bottom is-layout-flow wp-block-column-is-layout-flow\" style=\"flex-basis:75%\">\n<h3 class=\"textTransform-uppercase fontWeight-normal wp-block-heading\">\u00bfQuieres emplear el sistema Muralit en tus tabiques?<\/h3>\n\n\n\n<p>Ofrecemos gratuitamente el servicio de prescripci\u00f3n a trav\u00e9s de Hispalyt para la definici\u00f3n de las soluciones constructivas de un proyecto<\/p>\n\n\n\n<div class=\"wp-block-buttons is-content-justification-center is-layout-flex wp-block-buttons-is-layout-flex\">\n<div class=\"wp-block-button is-style-outline\"><a class=\"wp-block-button__link has-white-color has-text-color\" href=\"https:\/\/muralit.es\/oficina-tecnica\/\" target=\"_blank\" rel=\"noreferrer noopener\">Saber m\u00e1s<\/a><\/div>\n<\/div>\n<\/div>\n\n\n\n<div class=\"wp-block-column is-vertically-aligned-bottom is-layout-flow wp-block-column-is-layout-flow\" style=\"flex-basis:25%\">\n<figure class=\"wp-block-image size-large is-resized\"><img loading=\"lazy\" decoding=\"async\" src=\"https:\/\/ceramicacampo.es\/wp-content\/uploads\/sistema-muralit.svg\" alt=\"\" class=\"wp-image-711\" width=\"123\" height=\"234\"\/><\/figure>\n<\/div>\n<\/div>\n<\/div><\/div>\n<\/div><\/div>\n","protected":false},"excerpt":{"rendered":"<p>Los ladrillos de gran formato se emplean habitualmente en las tabiquer\u00edas interiores de viviendas por ser una soluci\u00f3n econ\u00f3mica, r\u00e1pida de instalar y con una [&hellip;]<\/p>\n","protected":false},"author":1,"featured_media":0,"parent":0,"menu_order":0,"comment_status":"closed","ping_status":"closed","template":"","meta":{"_uag_custom_page_level_css":"","ngg_post_thumbnail":0,"footnotes":""},"acf":[],"uagb_featured_image_src":{"full":false,"thumbnail":false,"medium":false,"medium_large":false,"large":false,"1536x1536":false,"2048x2048":false,"glossa-squared-image":false,"glossa-3x2-image":false,"glossa-halfwidth-image":false,"glossa-fullwidth-image":false},"uagb_author_info":{"display_name":"bannisterglobal","author_link":"https:\/\/proyectos.bannisterglobal.com\/campo\/author\/bannisterglobal\/"},"uagb_comment_info":0,"uagb_excerpt":"Los ladrillos de gran formato se emplean habitualmente en las tabiquer\u00edas interiores de viviendas por ser una soluci\u00f3n econ\u00f3mica, r\u00e1pida de instalar y con una [&hellip;]","_links":{"self":[{"href":"https:\/\/proyectos.bannisterglobal.com\/campo\/wp-json\/wp\/v2\/pages\/283"}],"collection":[{"href":"https:\/\/proyectos.bannisterglobal.com\/campo\/wp-json\/wp\/v2\/pages"}],"about":[{"href":"https:\/\/proyectos.bannisterglobal.com\/campo\/wp-json\/wp\/v2\/types\/page"}],"author":[{"embeddable":true,"href":"https:\/\/proyectos.bannisterglobal.com\/campo\/wp-json\/wp\/v2\/users\/1"}],"replies":[{"embeddable":true,"href":"https:\/\/proyectos.bannisterglobal.com\/campo\/wp-json\/wp\/v2\/comments?post=283"}],"version-history":[{"count":5,"href":"https:\/\/proyectos.bannisterglobal.com\/campo\/wp-json\/wp\/v2\/pages\/283\/revisions"}],"predecessor-version":[{"id":237003,"href":"https:\/\/proyectos.bannisterglobal.com\/campo\/wp-json\/wp\/v2\/pages\/283\/revisions\/237003"}],"wp:attachment":[{"href":"https:\/\/proyectos.bannisterglobal.com\/campo\/wp-json\/wp\/v2\/media?parent=283"}],"curies":[{"name":"wp","href":"https:\/\/api.w.org\/{rel}","templated":true}]}}